{"id":185,"date":"2020-12-16T21:09:45","date_gmt":"2020-12-16T21:09:45","guid":{"rendered":"http:\/\/blogs.sld.cu\/diabetesenpediatria\/?page_id=185"},"modified":"2021-04-15T06:37:24","modified_gmt":"2021-04-15T06:37:24","slug":"glosario","status":"publish","type":"page","link":"https:\/\/blogs.sld.cu\/diabetesenpediatria\/glosario\/","title":{"rendered":"Glosario"},"content":{"rendered":"<p><span style=\"font-size: 12pt;font-family: verdana, geneva\"><strong>T\u00e9rminos m\u00e9dicos sobre diabetes mellitus<\/strong><\/span><\/p>\n<p><span style=\"font-size: 12pt;font-family: verdana, geneva\"><strong>Cardiopat\u00eda isqu\u00e9mica:<\/strong>\u00a0afectaci\u00f3n del coraz\u00f3n por deficiente de oxigenaci\u00f3n de las c\u00e9lulas.<\/span><\/p>\n<p><span style=\"font-size: 12pt;font-family: verdana, geneva\"><strong>Colesterolemia<\/strong>: Niveles de colesterol en sangre.<\/span><\/p>\n<p><span style=\"font-size: 12pt;font-family: verdana, geneva\"><strong>Diabetes gestacional:\u00a0<\/strong>Es una condici\u00f3n que se presenta en la embarazada y generalmente desaparece despu\u00e9s del parto.<\/span><\/p>\n<p><span style=\"font-size: 12pt;font-family: verdana, geneva\"><strong>Diabet\u00f3logo:\u00a0<\/strong>M\u00e9dico, especialista en endocrinolog\u00eda que trata la diabetes.<\/span><\/p>\n<p><span style=\"font-size: 12pt;font-family: verdana, geneva\"><strong>Enfermedad cerebrovascular:<\/strong>\u00a0afectaci\u00f3n del cerebro por problemas de los vasos sangu\u00edneos del cerebro.<\/span><\/p>\n<p><span style=\"font-size: 12pt;font-family: verdana, geneva\"><strong>Factores de riesgo:<\/strong>\u00a0Son los factores que hacen propensos a las personas a una enfermedad determinada. Ej. la edad, el sobrepeso, la gen\u00e9tica familiar, etc.<\/span><\/p>\n<p><span style=\"font-size: 12pt;font-family: verdana, geneva\"><strong>Glicemia:<\/strong>\u00a0Az\u00faca en la sangre.<\/span><\/p>\n<p><span style=\"font-size: 12pt;font-family: verdana, geneva\"><strong>Gluc\u00f3metro:<\/strong>\u00a0Equipo para medir los niveles de az\u00facar en la sangre.<\/span><\/p>\n<p><span style=\"font-size: 12pt;font-family: verdana, geneva\"><strong>Hiperglicemia:<\/strong>\u00a0Altos niveles de az\u00facar en la sangre.<\/span><\/p>\n<p><span style=\"font-size: 12pt;font-family: verdana, geneva\"><strong>Hipoglicemia<\/strong>: Bajos niveles de az\u00facar en la sangre.<\/span><\/p>\n<p><span style=\"font-size: 12pt;font-family: verdana, geneva\"><strong>Macroangiop\u00e1ticas:<\/strong>\u00a0por afectaci\u00f3n de los grandes vasos sangu\u00edneos.<\/span><\/p>\n<p><span style=\"font-size: 12pt;font-family: verdana, geneva\"><strong>Microangiop\u00e1ticas<\/strong>: por afectaci\u00f3n de los vasos sangu\u00edneos peque\u00f1os.<\/span><\/p>\n<p><span style=\"font-size: 12pt;font-family: verdana, geneva\"><strong>Nefropat\u00eda diab\u00e9tica:<\/strong>\u00a0afectaci\u00f3n del ri\u00f1\u00f3n.<\/span><\/p>\n<p><span style=\"font-size: 12pt;font-family: verdana, geneva\"><strong>Neuropat\u00eda diab\u00e9tica:<\/strong>\u00a0afectaci\u00f3n de los nervios.<\/span><\/p>\n<p><span style=\"font-size: 12pt;font-family: verdana, geneva\"><strong>Obeso:<\/strong>\u00a0Persona que tiene un peso excesivo para su talla.<\/span><\/p>\n<p><span style=\"font-size: 12pt;font-family: verdana, geneva\"><strong>Retinopat\u00eda diab\u00e9tica:<\/strong>\u00a0afectaci\u00f3n la retina en los ojos.<\/span><\/p>\n<p><span style=\"font-size: 12pt\">\u00a0<\/span><\/p>\n","protected":false},"excerpt":{"rendered":"<p>T\u00e9rminos m\u00e9dicos sobre diabetes mellitus Cardiopat\u00eda isqu\u00e9mica:\u00a0afectaci\u00f3n del coraz\u00f3n por deficiente de oxigenaci\u00f3n de las c\u00e9lulas. Colesterolemia: Niveles de colesterol en sangre. Diabetes gestacional:\u00a0Es una condici\u00f3n que se presenta en la embarazada y generalmente desaparece despu\u00e9s del parto. Diabet\u00f3logo:\u00a0M\u00e9dico, especialista en endocrinolog\u00eda que trata la diabetes. Enfermedad cerebrovascular:\u00a0afectaci\u00f3n del cerebro por problemas de los vasos [&hellip;]<\/p>\n","protected":false},"author":208,"featured_media":0,"parent":0,"menu_order":0,"comment_status":"closed","ping_status":"closed","template":"","meta":[],"_links":{"self":[{"href":"https:\/\/blogs.sld.cu\/diabetesenpediatria\/wp-json\/wp\/v2\/pages\/185"}],"collection":[{"href":"https:\/\/blogs.sld.cu\/diabetesenpediatria\/wp-json\/wp\/v2\/pages"}],"about":[{"href":"https:\/\/blogs.sld.cu\/diabetesenpediatria\/wp-json\/wp\/v2\/types\/page"}],"author":[{"embeddable":true,"href":"https:\/\/blogs.sld.cu\/diabetesenpediatria\/wp-json\/wp\/v2\/users\/208"}],"replies":[{"embeddable":true,"href":"https:\/\/blogs.sld.cu\/diabetesenpediatria\/wp-json\/wp\/v2\/comments?post=185"}],"version-history":[{"count":5,"href":"https:\/\/blogs.sld.cu\/diabetesenpediatria\/wp-json\/wp\/v2\/pages\/185\/revisions"}],"predecessor-version":[{"id":266,"href":"https:\/\/blogs.sld.cu\/diabetesenpediatria\/wp-json\/wp\/v2\/pages\/185\/revisions\/266"}],"wp:attachment":[{"href":"https:\/\/blogs.sld.cu\/diabetesenpediatria\/wp-json\/wp\/v2\/media?parent=185"}],"curies":[{"name":"wp","href":"https:\/\/api.w.org\/{rel}","templated":true}]}}