{"id":24,"date":"2020-04-27T04:43:42","date_gmt":"2020-04-27T04:43:42","guid":{"rendered":"http:\/\/blogs.sld.cu\/diabetesenpediatria\/?page_id=24"},"modified":"2021-04-15T05:59:32","modified_gmt":"2021-04-15T05:59:32","slug":"diabetes","status":"publish","type":"page","link":"https:\/\/blogs.sld.cu\/diabetesenpediatria\/diabetes\/","title":{"rendered":"Diabetes mellitus en ni\u00f1os y adolescentes"},"content":{"rendered":"<p><span style=\"font-size: 12pt;font-family: verdana, geneva\">La\u00a0<strong>Diabetes mellitus<\/strong>\u00a0es una condici\u00f3n en la que se presentan concentraciones elevadas de glucosa en sangre de manera persistente o cr\u00f3nica debido a la baja o escasa secreci\u00f3n y\/o a la acci\u00f3n de la insulina, que es una hormona producida por el p\u00e1ncreas, que permite que la glucosa de los alimentos pase a las c\u00e9lulas del organismo. Al estar baja o ausente, se presentan trastornos en el metabolismo de los carbohidratos, las grasas y las prote\u00ednas.<\/span><\/p>\n<p><span style=\"font-size: 12pt;font-family: verdana, geneva\">En edades pedi\u00e1tricas se presentan dos tipos fundamentales de diabetes mellitus, la tipo 1 (DM1) y la diabetes mellitus tipo 2 (DM 2). La m\u00e1s frecuente en ni\u00f1os y adolescentes es la tipo 1, aunque cada d\u00eda aumentan m\u00e1s los casos de diabetes mellitus tipo 2 en esas edades.<\/span><\/p>\n<p><span style=\"font-size: 12pt;font-family: verdana, geneva\">Estos dos tipos de diabetes se diferencian en las causas que las provocan, los s\u00edntomas, las caracter\u00edsticas, el tratamiento, y la edad de las personas a las que afecta.<\/span><\/p>\n<p><span style=\"font-size: 12pt;font-family: verdana, geneva\"><strong>\u00a0La diabetes tipo 1 (DM1)<\/strong><\/span><\/p>\n<p><span style=\"font-size: 12pt;font-family: verdana, geneva\">En este tipo de diabetes, el propio sistema inmunitario del paciente produce una destrucci\u00f3n de las c\u00e9lulas beta del p\u00e1ncreas, lo que origina una deficiencia total de insulina.<\/span><\/p>\n<p><span style=\"font-size: 12pt;font-family: verdana, geneva\">No se puede prevenir la aparici\u00f3n de la diabetes tipo 1 y no se conocen las causas que la provocan. Se caracteriza por ser cr\u00f3nica, ya que una vez que ha aparecido, no remite y requiere llevar un tratamiento de por vida. Las personas diagnosticadas de diabetes tipo 1 han de administrarse inyecciones de insulina a diario o bien estar conectados a una bomba de insulina para poder llevar un control adecuado de sus niveles de az\u00facar en sangre.<\/span><\/p>\n<p><span style=\"font-size: 12pt;font-family: verdana, geneva\"><strong>La diabetes tipo 2 (DM2)<\/strong><\/span><\/p>\n<p><span style=\"font-size: 12pt;font-family: verdana, geneva\">Aunque la diabetes tipo 2 puede afectar a personas de cualquier edad,\u00a0se desarrolla con mayor frecuencia en personas adultas y mayores. La obesidad y una vida sedentaria son, entre otros,\u00a0algunos de los factores que pueden provocar este tipo de diabetes. La mayor\u00eda de las personas con diabetes tipo 2 pueden producir insulina, pero no en las cantidades suficientes que el organismo necesita para su correcto funcionamiento.<\/span><\/p>\n<p><span style=\"font-size: 18pt;font-family: verdana, geneva\">S\u00edntomas y Diagn\u00f3stico<\/span><\/p>\n<p><a href=\"http:\/\/blogs.sld.cu\/diabetesenpediatria\/files\/2020\/04\/Sintomasdediabetes.jpg\"><img loading=\"lazy\" class=\"  wp-image-203 aligncenter\" src=\"http:\/\/blogs.sld.cu\/diabetesenpediatria\/files\/2020\/04\/Sintomasdediabetes.jpg\" alt=\"Sintomasdediabetes\" width=\"425\" height=\"364\" srcset=\"https:\/\/blogs.sld.cu\/diabetesenpediatria\/files\/2020\/04\/Sintomasdediabetes.jpg 700w, https:\/\/blogs.sld.cu\/diabetesenpediatria\/files\/2020\/04\/Sintomasdediabetes-300x257.jpg 300w, https:\/\/blogs.sld.cu\/diabetesenpediatria\/files\/2020\/04\/Sintomasdediabetes-250x214.jpg 250w\" sizes=\"(max-width: 425px) 100vw, 425px\" \/><\/a><\/p>\n<p><span style=\"font-size: 12pt;font-family: verdana, geneva\">Los criterios de diagn\u00f3stico en ni\u00f1os y adolescentes son similares que los empleados para los adultos. Seg\u00fan la Asociaci\u00f3n Americana de Diabetes (ADA) se considera diabetes cuando:<\/span><\/p>\n<ol>\n<li><span style=\"font-size: 12pt;font-family: verdana, geneva\">S\u00edntomas cl\u00e1sicos de diabetes o hiperglucemia: poliuria, polidipsia y polifagia, (orina mucho, toma mucha agua y apetito aumentado) con concentraciones de glucosa plasm\u00e1tica al azar \u226511.1 mmol\/L (200 mg\/dL).<\/span><\/li>\n<li><span style=\"font-size: 12pt;font-family: verdana, geneva\">Glucosa plasm\u00e1tica en ayunas \u22657.0 mmol\/L (\u2265126 mg\/dL). Se define ayunas como la no ingesti\u00f3n de calor\u00edas por un per\u00edodo mayor de 8 horas.<\/span><\/li>\n<li><span style=\"font-size: 12pt;font-family: verdana, geneva\">Glucosa plasm\u00e1tica \u226511.1 mmol\/L (\u2265200 mg\/dL) 2 horas posteriores a una sobrecarga de glucosa durante una prueba de tolerancia a la glucosa oral (PTG oral).<\/span><\/li>\n<li><span style=\"font-size: 12pt;font-family: verdana, geneva\">Hemoglobina glucosilada HbA1c \u22656.5 %<\/span><\/li>\n<\/ol>\n<p>&nbsp;<\/p>\n<p><span style=\"font-size: 12pt;font-family: verdana, geneva\"><strong><a title=\"Estadios Pre-diab\u00e9ticos\" href=\"http:\/\/blogs.sld.cu\/diabetesenpediatria\/estadios-pre-diabeticos\/\">Estadios pre-diab\u00e9ticos\u00a0<\/a><\/strong><\/span><\/p>\n","protected":false},"excerpt":{"rendered":"<p>La\u00a0Diabetes mellitus\u00a0es una condici\u00f3n en la que se presentan concentraciones elevadas de glucosa en sangre de manera persistente o cr\u00f3nica debido a la baja o escasa secreci\u00f3n y\/o a la acci\u00f3n de la insulina, que es una hormona producida por el p\u00e1ncreas, que permite que la glucosa de los alimentos pase a las c\u00e9lulas del [&hellip;]<\/p>\n","protected":false},"author":208,"featured_media":0,"parent":0,"menu_order":0,"comment_status":"closed","ping_status":"closed","template":"","meta":[],"_links":{"self":[{"href":"https:\/\/blogs.sld.cu\/diabetesenpediatria\/wp-json\/wp\/v2\/pages\/24"}],"collection":[{"href":"https:\/\/blogs.sld.cu\/diabetesenpediatria\/wp-json\/wp\/v2\/pages"}],"about":[{"href":"https:\/\/blogs.sld.cu\/diabetesenpediatria\/wp-json\/wp\/v2\/types\/page"}],"author":[{"embeddable":true,"href":"https:\/\/blogs.sld.cu\/diabetesenpediatria\/wp-json\/wp\/v2\/users\/208"}],"replies":[{"embeddable":true,"href":"https:\/\/blogs.sld.cu\/diabetesenpediatria\/wp-json\/wp\/v2\/comments?post=24"}],"version-history":[{"count":30,"href":"https:\/\/blogs.sld.cu\/diabetesenpediatria\/wp-json\/wp\/v2\/pages\/24\/revisions"}],"predecessor-version":[{"id":255,"href":"https:\/\/blogs.sld.cu\/diabetesenpediatria\/wp-json\/wp\/v2\/pages\/24\/revisions\/255"}],"wp:attachment":[{"href":"https:\/\/blogs.sld.cu\/diabetesenpediatria\/wp-json\/wp\/v2\/media?parent=24"}],"curies":[{"name":"wp","href":"https:\/\/api.w.org\/{rel}","templated":true}]}}