{"id":32,"date":"2020-04-27T04:56:24","date_gmt":"2020-04-27T04:56:24","guid":{"rendered":"http:\/\/blogs.sld.cu\/diabetesenpediatria\/?page_id=32"},"modified":"2021-04-15T06:15:47","modified_gmt":"2021-04-15T06:15:47","slug":"endulzame","status":"publish","type":"page","link":"https:\/\/blogs.sld.cu\/diabetesenpediatria\/endulzame\/","title":{"rendered":"End\u00falzame la vida, no el cuerpo"},"content":{"rendered":"<p><span style=\"font-size: 12pt;font-family: verdana, geneva\"><strong>\u00bfC\u00f3mo prevenir y aprender a vivir con diabetes?. Proyecto de intervenci\u00f3n educativa terap\u00e9utico<\/strong><\/span><\/p>\n<p><span style=\"font-size: 12pt\"><img loading=\"lazy\" class=\"alignnone wp-image-120 size-full\" src=\"http:\/\/blogs.sld.cu\/diabetesenpediatria\/files\/2020\/04\/logoendulzame-e1597252801899.png\" alt=\"logoendulzame\" width=\"127\" height=\"127\" \/><\/span><\/p>\n<p><span style=\"font-size: 12pt;font-family: verdana, geneva\"><strong>Grupo Directivo<\/strong><\/span><\/p>\n<p><span style=\"font-size: 12pt;font-family: verdana, geneva\">Dr.\u00a0Manuel\u00a0Vera Gonz\u00e1lez, Dra. Roc\u00edo Rodr\u00edguez S\u00e1nchez, Lic. Dal\u00ed Carnero\u00a0 Gonz\u00e1lez, Laura Miranda Camallea (estudiante de Periodismo), Oliesky Fabre del Castillo (Arquitecto), Ricardo Machado Jardo (Arquitecto) Celia Mui\u00f1os Mart\u00ednez (estudiante de Medicina), Enrique Mui\u00f1os Mart\u00ednez (estudiante de Inform\u00e1tica), B\u00e1rbara Ariane P\u00e9rez Fern\u00e1ndez\u00a0(Lic. en F\u00edsica),\u00a0Roberto Caba\u00f1a V\u00e1zquez (estudiante de Relaciones Internacionales), Abel Morejon Lamoru (estudiante de econom\u00eda), Mabel G\u00f3mez Albertus (inform\u00e1tica).<\/span><\/p>\n<p>&nbsp;<\/p>\n<p><span style=\"font-size: 12pt\"><a href=\"http:\/\/blogs.sld.cu\/diabetesenpediatria\/files\/2020\/04\/endulzame-e1597252707608.jpg\"><img loading=\"lazy\" class=\"  wp-image-121 aligncenter\" src=\"http:\/\/blogs.sld.cu\/diabetesenpediatria\/files\/2020\/04\/endulzame-300x225.jpg\" alt=\"endulzame\" width=\"359\" height=\"269\" \/><\/a><\/span><\/p>\n<p><span style=\"font-size: 12pt;font-family: verdana, geneva\">A finales de 1993 en Cuba, como consecuencia de la suspensi\u00f3n de los campamentos vacacionales\u00a0para ni\u00f1os\u00a0y j\u00f3venes\u00a0 con diabetes, iniciamos las convivencias como\u00a0programa\u00a0alternativo.<\/span><\/p>\n<p><span style=\"font-size: 12pt;font-family: verdana, geneva\">Estas actividades se realizan desde aquel momento, dos veces al a\u00f1o durante una semana para cada grupo de edad\u00a0(ni\u00f1os\u00a0y\u00a0adolescentes), durante la cual\u00a0se dan actividades educativas\u00a0a pacientes\u00a0y familiares\u00a0sobre\u00a0diversos temas relacionados con la diabetes.<\/span><\/p>\n<p><span style=\"font-size: 12pt;font-family: verdana, geneva\">Para dar continuidad a la actividad educativa que se realiza en las convivencias, en el a\u00f1o 2010<span style=\"text-decoration: underline\">, creamos un nuevo modelo educativo<\/span>\u00a0<strong>\u201cEnd\u00falzame la vida, no el cuerpo\u201d<em>,<\/em><\/strong>\u00a0 en el que nos reunimos mensualmente,\u00a0los \u00faltimos\u00a0s\u00e1bados\u00a0 de cada mes, en el Centro\u00a0de Atenci\u00f3n al\u00a0diab\u00e9tico, en forma de talleres interactivos, con ni\u00f1os, j\u00f3venes y adultos y sus familiares. Las charlas incluyen temas importantes relacionados con la vida de personas con diabetes, formas de enfrentar los retos\u00a0y\u00a0posibles obst\u00e1culos que se presenten.<\/span><\/p>\n<p><span style=\"font-size: 12pt;font-family: verdana, geneva\">Han transcurrido 10 a\u00f1os de iniciado\u00a0este proyecto y ha logrado mantenerse desde una l\u00f3gica del trabajo colectivo.<\/span><\/p>\n<p><span style=\"font-size: 12pt;font-family: verdana, geneva\"><strong>Caracter\u00edsticas\u00a0del Grupo<\/strong><\/span><\/p>\n<p><span style=\"font-size: 12pt;font-family: verdana, geneva\">El grupo cuenta con 300 miembros, j\u00f3venes y ni\u00f1os que conviven con diabetes, como sus familiares .<\/span><\/p>\n<p><span style=\"font-size: 12pt;font-family: verdana, geneva\">Se cre\u00f3 un logotipo,\u00a0el cual nos identifica y aparece al principio de este escrito.<\/span><\/p>\n<p><span style=\"font-size: 12pt;font-family: verdana, geneva\"><a title=\"Objetivos\" href=\"http:\/\/blogs.sld.cu\/diabetesenpediatria\/objetivos\/\"><strong>Objetivo<\/strong><\/a><\/span><\/p>\n<p><span style=\"font-size: 12pt\">\u00a0<\/span><\/p>\n","protected":false},"excerpt":{"rendered":"<p>\u00bfC\u00f3mo prevenir y aprender a vivir con diabetes?. Proyecto de intervenci\u00f3n educativa terap\u00e9utico Grupo Directivo Dr.\u00a0Manuel\u00a0Vera Gonz\u00e1lez, Dra. Roc\u00edo Rodr\u00edguez S\u00e1nchez, Lic. Dal\u00ed Carnero\u00a0 Gonz\u00e1lez, Laura Miranda Camallea (estudiante de Periodismo), Oliesky Fabre del Castillo (Arquitecto), Ricardo Machado Jardo (Arquitecto) Celia Mui\u00f1os Mart\u00ednez (estudiante de Medicina), Enrique Mui\u00f1os Mart\u00ednez (estudiante de Inform\u00e1tica), B\u00e1rbara Ariane P\u00e9rez [&hellip;]<\/p>\n","protected":false},"author":208,"featured_media":0,"parent":0,"menu_order":0,"comment_status":"closed","ping_status":"closed","template":"","meta":[],"_links":{"self":[{"href":"https:\/\/blogs.sld.cu\/diabetesenpediatria\/wp-json\/wp\/v2\/pages\/32"}],"collection":[{"href":"https:\/\/blogs.sld.cu\/diabetesenpediatria\/wp-json\/wp\/v2\/pages"}],"about":[{"href":"https:\/\/blogs.sld.cu\/diabetesenpediatria\/wp-json\/wp\/v2\/types\/page"}],"author":[{"embeddable":true,"href":"https:\/\/blogs.sld.cu\/diabetesenpediatria\/wp-json\/wp\/v2\/users\/208"}],"replies":[{"embeddable":true,"href":"https:\/\/blogs.sld.cu\/diabetesenpediatria\/wp-json\/wp\/v2\/comments?post=32"}],"version-history":[{"count":22,"href":"https:\/\/blogs.sld.cu\/diabetesenpediatria\/wp-json\/wp\/v2\/pages\/32\/revisions"}],"predecessor-version":[{"id":261,"href":"https:\/\/blogs.sld.cu\/diabetesenpediatria\/wp-json\/wp\/v2\/pages\/32\/revisions\/261"}],"wp:attachment":[{"href":"https:\/\/blogs.sld.cu\/diabetesenpediatria\/wp-json\/wp\/v2\/media?parent=32"}],"curies":[{"name":"wp","href":"https:\/\/api.w.org\/{rel}","templated":true}]}}