{"id":35,"date":"2020-04-27T04:58:11","date_gmt":"2020-04-27T04:58:11","guid":{"rendered":"http:\/\/blogs.sld.cu\/diabetesenpediatria\/?page_id=35"},"modified":"2021-04-15T07:08:58","modified_gmt":"2021-04-15T07:08:58","slug":"recursos","status":"publish","type":"page","link":"https:\/\/blogs.sld.cu\/diabetesenpediatria\/recursos\/","title":{"rendered":"Recursos"},"content":{"rendered":"<p><span style=\"font-size: 12pt;font-family: verdana, geneva\">En este espacio podr\u00e1n encontrar: entrevistas a expertos, art\u00edculos de inter\u00e9s y sitios web que tratan de la enfermedad.<\/span><\/p>\n<p><span style=\"font-size: 12pt;font-family: verdana, geneva\"><a href=\"http:\/\/www.sld.cu\/sitios\/diabetes\/\">Diabetes mellitus. Infomed<\/a><\/span><\/p>\n<p><span style=\"font-size: 12pt;font-family: verdana, geneva\"><a href=\"https:\/\/www.cubahora.cu\/blogs\/consultas-medicas\/el-nino-diabetico-y-la-escuela\">El ni\u00f1o con diabetes y la escuela. Dr. Alberto Quirantes<\/a><\/span><\/p>\n<p><span style=\"font-size: 12pt;font-family: verdana, geneva\"><a href=\"https:\/\/www.cubahora.cu\/blogs\/cocina-de-cuba\/el-pollo-en-la-alimentacion-del-diabetico\">El pollo en la alimentaci\u00f3n del diab\u00e9tico. Dr. Alberto Quirantes<\/a><\/span><\/p>\n<p><span style=\"font-size: 12pt;font-family: verdana, geneva\"><a href=\"https:\/\/www.analesdepediatria.org\/es-diabetes-mellitus-articulo-13048402\">Diabetes mellitus | Anales de Pediatr\u00eda<\/a><\/span><\/p>\n<p><span style=\"font-size: 12pt;font-family: verdana, geneva\"><a href=\"http:\/\/www.bvs.hn\/RHP\/pdf\/2003\/pdf\/Vol23-3-2003-4.pdf\">DIABETES MELLITUS EN PEDIATR\u00cdA<\/a><\/span><\/p>\n<p><span style=\"text-decoration: underline;font-size: 12pt;font-family: verdana, geneva\"><a href=\"https:\/\/www.aepap.org\/sites\/default\/files\/4t2.12_actualizacion_de_la_diabetes_tipo_1.pdf\">Actualizaci\u00f3n de la diabetes tipo 1 en la edad pedi\u00e1trica<\/a><\/span><\/p>\n<p><span style=\"font-size: 12pt;font-family: verdana, geneva\"><a href=\"https:\/\/www.aeped.es\/sites\/default\/files\/documentos\/05_insulinoterapia.pdf\">Diabetes tipo 1 en la edad pedi\u00e1trica: insulinoterapia<\/a><\/span><\/p>\n<p><span style=\"text-decoration: underline;font-size: 12pt;font-family: verdana, geneva\"><a href=\"http:\/\/files.sld.cu\/anestesiologia\/files\/2012\/04\/diabetes-nino.pdf\">Manejo perioperatorio del ni\u00f1o diab\u00e9tico<\/a><\/span><\/p>\n<p><span style=\"font-size: 12pt;font-family: verdana, geneva\"><a href=\"https:\/\/www.sap.org.ar\/docs\/congresos_2014\/Gastro%20Hepato%20Nutri\/PDFs\/Trifone.Ladiabetes.pdf\">Diabetes en Ni\u00f1os Hoy \u2013 Sociedad Argentina de Pediatr\u00eda<\/a><\/span><\/p>\n<p><span style=\"font-size: 12pt;font-family: verdana, geneva\"><a href=\"https:\/\/medlineplus.gov\/spanish\/diabetesinchildrenandteens.html\">Diabetes en ni\u00f1os y adolescentes: MedlinePlus en espa\u00f1ol<\/a>\u00a0\u00a0\u00a0\u00a0<\/span><\/p>\n<p><span style=\"font-size: 12pt;font-family: verdana, geneva\"><a href=\"https:\/\/www.seep.es\/images\/site\/pacientes\/libro_diabetes_infantil.pdf\">Lo que debes saber sobre la DIABETES en la edad \u2026\u00a0<\/a><\/span><\/p>\n<p><span style=\"text-decoration: underline\">\u00a0<\/span><\/p>\n<p><span style=\"font-size: 12pt\">\u00a0<\/span><\/p>\n","protected":false},"excerpt":{"rendered":"<p>En este espacio podr\u00e1n encontrar: entrevistas a expertos, art\u00edculos de inter\u00e9s y sitios web que tratan de la enfermedad. Diabetes mellitus. Infomed El ni\u00f1o con diabetes y la escuela. Dr. Alberto Quirantes El pollo en la alimentaci\u00f3n del diab\u00e9tico. Dr. Alberto Quirantes Diabetes mellitus | Anales de Pediatr\u00eda DIABETES MELLITUS EN PEDIATR\u00cdA Actualizaci\u00f3n de la [&hellip;]<\/p>\n","protected":false},"author":208,"featured_media":0,"parent":0,"menu_order":0,"comment_status":"closed","ping_status":"closed","template":"","meta":[],"_links":{"self":[{"href":"https:\/\/blogs.sld.cu\/diabetesenpediatria\/wp-json\/wp\/v2\/pages\/35"}],"collection":[{"href":"https:\/\/blogs.sld.cu\/diabetesenpediatria\/wp-json\/wp\/v2\/pages"}],"about":[{"href":"https:\/\/blogs.sld.cu\/diabetesenpediatria\/wp-json\/wp\/v2\/types\/page"}],"author":[{"embeddable":true,"href":"https:\/\/blogs.sld.cu\/diabetesenpediatria\/wp-json\/wp\/v2\/users\/208"}],"replies":[{"embeddable":true,"href":"https:\/\/blogs.sld.cu\/diabetesenpediatria\/wp-json\/wp\/v2\/comments?post=35"}],"version-history":[{"count":8,"href":"https:\/\/blogs.sld.cu\/diabetesenpediatria\/wp-json\/wp\/v2\/pages\/35\/revisions"}],"predecessor-version":[{"id":277,"href":"https:\/\/blogs.sld.cu\/diabetesenpediatria\/wp-json\/wp\/v2\/pages\/35\/revisions\/277"}],"wp:attachment":[{"href":"https:\/\/blogs.sld.cu\/diabetesenpediatria\/wp-json\/wp\/v2\/media?parent=35"}],"curies":[{"name":"wp","href":"https:\/\/api.w.org\/{rel}","templated":true}]}}