{"id":69,"date":"2020-05-17T01:56:02","date_gmt":"2020-05-17T01:56:02","guid":{"rendered":"http:\/\/blogs.sld.cu\/diabetesenpediatria\/?page_id=69"},"modified":"2021-04-15T05:51:01","modified_gmt":"2021-04-15T05:51:01","slug":"69-2","status":"publish","type":"page","link":"https:\/\/blogs.sld.cu\/diabetesenpediatria\/69-2\/","title":{"rendered":"Clasificaci\u00f3n de las hipoglicemias"},"content":{"rendered":"<p><span style=\"font-size: 12pt;font-family: verdana, geneva\"><strong>Por su intensidad, las hipoglucemias se clasifican en:<\/strong><\/span><\/p>\n<p><span style=\"font-size: 12pt;font-family: verdana, geneva\"><strong>Ligera<\/strong><\/span><\/p>\n<p><span style=\"font-size: 12pt;font-family: verdana, geneva\">Se caracteriza por debilidad, cansancio, estremecimiento, temblor, ansiedad e incremento del hambre con cifras de glucemia &lt;70 mg\/dL (3,9 mmol\/L) y \u226554 mg\/dL (3,0 mmol\/L). En esta situaci\u00f3n el paciente puede resolver por medios propios su cuadro cl\u00ednico, ya sea ingiriendo alimentos azucarados o adelantando el momento de ingesti\u00f3n normal del alimento.<\/span><\/p>\n<p><span style=\"font-size: 12pt;font-family: verdana, geneva\"><strong>Moderada<\/strong><\/span><\/p>\n<p><span style=\"font-size: 12pt;font-family: verdana, geneva\">Caracterizada por alteraciones de la conciencia (letargo, somnolencia), cambios de la personalidad (alteraciones de la conducta), taquicardia, palidez, frialdad, sensaci\u00f3n de calor o fr\u00edo, hipotermia y sudoraci\u00f3n en exceso con cifras &lt;54 mg\/dL (3,0 mmol\/L). Muchas veces el paciente no reconoce su estado y necesita ayuda para resolver su cuadro, puede incluso rechazar la ingesti\u00f3n de alimentos azucarados. Puede llegar a necesitar dextrosa hipert\u00f3nica endovenosa.<\/span><\/p>\n<p><span style=\"font-size: 12pt;font-family: verdana, geneva\"><strong>Severas<\/strong><\/span><\/p>\n<p><span style=\"font-size: 12pt;font-family: verdana, geneva\">En esta situaci\u00f3n el paciente puede presentar p\u00e9rdida de la conciencia (convulsi\u00f3n, coma). Necesita atenci\u00f3n profesional.<\/span><\/p>\n<p><span style=\"font-size: 12pt;font-family: verdana, geneva\">En el caso del paciente menor de cinco a\u00f1os todas\u00a0<span style=\"text-decoration: underline\">las hipoglucemias se consideran moderadas y severas\u00a0<\/span>por su incapacidad para automedicarse y por el peligro que implican.<\/span><\/p>\n<h1><span style=\"font-size: 12pt\"><a title=\"Principales causas de Hipoglucemia\" href=\"http:\/\/blogs.sld.cu\/diabetesenpediatria\/principales-causas-de-hipoglucemia\/\">Principales causas de la Hipoglicemia<\/a><\/span><\/h1>\n","protected":false},"excerpt":{"rendered":"<p>Por su intensidad, las hipoglucemias se clasifican en: Ligera Se caracteriza por debilidad, cansancio, estremecimiento, temblor, ansiedad e incremento del hambre con cifras de glucemia &lt;70 mg\/dL (3,9 mmol\/L) y \u226554 mg\/dL (3,0 mmol\/L). En esta situaci\u00f3n el paciente puede resolver por medios propios su cuadro cl\u00ednico, ya sea ingiriendo alimentos azucarados o adelantando el [&hellip;]<\/p>\n","protected":false},"author":208,"featured_media":0,"parent":0,"menu_order":0,"comment_status":"closed","ping_status":"closed","template":"","meta":[],"_links":{"self":[{"href":"https:\/\/blogs.sld.cu\/diabetesenpediatria\/wp-json\/wp\/v2\/pages\/69"}],"collection":[{"href":"https:\/\/blogs.sld.cu\/diabetesenpediatria\/wp-json\/wp\/v2\/pages"}],"about":[{"href":"https:\/\/blogs.sld.cu\/diabetesenpediatria\/wp-json\/wp\/v2\/types\/page"}],"author":[{"embeddable":true,"href":"https:\/\/blogs.sld.cu\/diabetesenpediatria\/wp-json\/wp\/v2\/users\/208"}],"replies":[{"embeddable":true,"href":"https:\/\/blogs.sld.cu\/diabetesenpediatria\/wp-json\/wp\/v2\/comments?post=69"}],"version-history":[{"count":13,"href":"https:\/\/blogs.sld.cu\/diabetesenpediatria\/wp-json\/wp\/v2\/pages\/69\/revisions"}],"predecessor-version":[{"id":252,"href":"https:\/\/blogs.sld.cu\/diabetesenpediatria\/wp-json\/wp\/v2\/pages\/69\/revisions\/252"}],"wp:attachment":[{"href":"https:\/\/blogs.sld.cu\/diabetesenpediatria\/wp-json\/wp\/v2\/media?parent=69"}],"curies":[{"name":"wp","href":"https:\/\/api.w.org\/{rel}","templated":true}]}}