{"id":118,"date":"2020-03-27T03:51:50","date_gmt":"2020-03-27T03:51:50","guid":{"rendered":"http:\/\/blogs.sld.cu\/dolor\/?page_id=118"},"modified":"2020-12-25T22:59:41","modified_gmt":"2020-12-25T22:59:41","slug":"neurolepticos","status":"publish","type":"page","link":"https:\/\/blogs.sld.cu\/dolor\/neurolepticos\/","title":{"rendered":"Neurol\u00e9pticos"},"content":{"rendered":"<p style=\"text-align: justify\"><span style=\"font-size: 12pt\">M\u00e1s \u00fatiles en el tratamiento de agitaci\u00f3n psicomotriz, n\u00e1useas, dolor junto con excitaci\u00f3n son:<\/span><\/p>\n<ul style=\"text-align: justify\">\n<li><span style=\"font-size: 12pt\">Clorpromazina con dosis que van de 25 mg \/d\u00eda a 300 mg\/d\u00eda.<\/span><\/li>\n<li><span style=\"font-size: 12pt\">Levomepromacina desde 25 mg \/d\u00eda a 500 mg\/d\u00eda.<\/span><\/li>\n<li><span style=\"font-size: 12pt\">Haloperidol desde 0.5 a 2 mg\/ d\u00eda hasta 30 mg \/d\u00eda en dosis fraccionadas.<\/span><\/li>\n<\/ul>\n<p style=\"text-align: justify\"><span style=\"font-size: 12pt\"><strong>Ansiol\u00edticos <\/strong>contribuyen a que el paciente logre una actitud relajada, no tienen acci\u00f3n analg\u00e9sica.<\/span><\/p>\n<ul style=\"text-align: justify\">\n<li><span style=\"font-size: 12pt\">Midazolam ampollas para uso parenteral de 5 mg y 15 mg, por v\u00eda oral 7.5 mg antes de acostarse.<\/span><\/li>\n<li><span style=\"font-size: 12pt\">Alprazolam de acci\u00f3n intermedia, se presenta en comprimidos de 0.5 mg, 1 mg y 2 mg.<\/span><\/li>\n<li><span style=\"font-size: 12pt\">Diazepam de vida media prolongada de prescripci\u00f3n esencialmente como relajante muscular, se indica con dosis de inicio 2.5 mg hasta 10 mg\/d\u00eda.<\/span><\/li>\n<\/ul>\n<p style=\"text-align: justify\"><span style=\"font-size: 12pt\"><strong>Corticoides <\/strong>son adyuvantes de potente acci\u00f3n antiinflamatoria indicada en dolores provocados por compresi\u00f3n de tejidos nerviosos, hipertensi\u00f3n endocraneana, infiltraci\u00f3n de plexos, expansi\u00f3n de tejidos tumorales, met\u00e1stasis \u00f3seas, compresi\u00f3n medular. Tienen la ventaja de mejorar el estado de \u00e1nimo, reducir el decaimiento y aumentar el apetito. Debe realizarse un control estricto en pacientes diab\u00e9ticos pues lleva a hiperglucemia, alteraciones hidroelectrol\u00edticas, retenci\u00f3n de l\u00edquido, gastritis y osteoporosis.<\/span><\/p>\n<ul>\n<li style=\"text-align: justify\"><span style=\"font-size: 12pt\">Dexametasona en dosis altas en casos de cefalea por hipertensi\u00f3n endocraneana hasta 32 mg\/d\u00eda por v\u00eda parenteral. Por v\u00eda oral en dosis de 4-8 mg\/d\u00eda por la ma\u00f1ana.<\/span><\/li>\n<li style=\"text-align: justify\"><span style=\"font-size: 12pt\">Metilprednisona se comienza con dosis de 40 mg\/d\u00eda y se va descendiendo en tres a cuatro semanas y luego se vuelve a indicar cuando la sintomatolog\u00eda reaparezca.<\/span><\/li>\n<\/ul>\n","protected":false},"excerpt":{"rendered":"<p>M\u00e1s \u00fatiles en el tratamiento de agitaci\u00f3n psicomotriz, n\u00e1useas, dolor junto con excitaci\u00f3n son: Clorpromazina con dosis que van de 25 mg \/d\u00eda a 300 mg\/d\u00eda. Levomepromacina desde 25 mg \/d\u00eda a 500 mg\/d\u00eda. Haloperidol desde 0.5 a 2 mg\/ d\u00eda hasta 30 mg \/d\u00eda en dosis fraccionadas. Ansiol\u00edticos contribuyen a que el paciente logre [&hellip;]<\/p>\n","protected":false},"author":208,"featured_media":0,"parent":0,"menu_order":0,"comment_status":"closed","ping_status":"closed","template":"","meta":[],"_links":{"self":[{"href":"https:\/\/blogs.sld.cu\/dolor\/wp-json\/wp\/v2\/pages\/118"}],"collection":[{"href":"https:\/\/blogs.sld.cu\/dolor\/wp-json\/wp\/v2\/pages"}],"about":[{"href":"https:\/\/blogs.sld.cu\/dolor\/wp-json\/wp\/v2\/types\/page"}],"author":[{"embeddable":true,"href":"https:\/\/blogs.sld.cu\/dolor\/wp-json\/wp\/v2\/users\/208"}],"replies":[{"embeddable":true,"href":"https:\/\/blogs.sld.cu\/dolor\/wp-json\/wp\/v2\/comments?post=118"}],"version-history":[{"count":2,"href":"https:\/\/blogs.sld.cu\/dolor\/wp-json\/wp\/v2\/pages\/118\/revisions"}],"predecessor-version":[{"id":237,"href":"https:\/\/blogs.sld.cu\/dolor\/wp-json\/wp\/v2\/pages\/118\/revisions\/237"}],"wp:attachment":[{"href":"https:\/\/blogs.sld.cu\/dolor\/wp-json\/wp\/v2\/media?parent=118"}],"curies":[{"name":"wp","href":"https:\/\/api.w.org\/{rel}","templated":true}]}}