{"id":146,"date":"2020-03-27T17:41:47","date_gmt":"2020-03-27T17:41:47","guid":{"rendered":"http:\/\/blogs.sld.cu\/dolor\/?page_id=146"},"modified":"2020-12-25T23:00:19","modified_gmt":"2020-12-25T23:00:19","slug":"opiaceos-espinales","status":"publish","type":"page","link":"https:\/\/blogs.sld.cu\/dolor\/opiaceos-espinales\/","title":{"rendered":"Opi\u00e1ceos espinales"},"content":{"rendered":"<p style=\"text-align: justify\"><span style=\"font-size: 12pt\">Proporcionan una analgesia potente, prolongada, dependiente de la dosis y reversible con naloxona.<\/span><\/p>\n<p style=\"text-align: justify\"><span style=\"font-size: 12pt\">Indicaciones: en el tratamiento del dolor agudo y dolor cr\u00f3nico de origen neopl\u00e1sico. Se ha perfeccionado la t\u00e9cnica, la elecci\u00f3n del f\u00e1rmaco y hasta se han colocado cat\u00e9teres definitivos epidurales o intradurales conectados a un portal o a una bomba de infusi\u00f3n continua o por pulsos.<\/span><\/p>\n<p style=\"text-align: justify\"><span style=\"font-size: 12pt\">Los resultados han sido satisfactorios en aquellos pacientes en quienes la medicaci\u00f3n oral no produce la calidad de analgesia esperada.<\/span><\/p>\n<p style=\"text-align: justify\"><span style=\"font-size: 12pt\"><strong>Osteocementoplastia<\/strong><\/span><\/p>\n<p style=\"text-align: justify\"><span style=\"font-size: 12pt\">Se trata de un procedimiento consistente en la inyecci\u00f3n vertebral de un material sint\u00e9tico. Su indicaci\u00f3n es en el dolor secundario a met\u00e1stasis vertebrales o aplastamientos osteopor\u00f3ticos.<\/span><\/p>\n<p><span style=\"font-size: 12pt\"><strong>Neuroestimulaci\u00f3n<\/strong><\/span><\/p>\n<p style=\"text-align: justify\"><span style=\"font-size: 12pt\">Indicaciones: Lesiones nerviosas postraum\u00e1ticas y\/o posquir\u00fargicas, enfermedad vascular perif\u00e9rica, dolor postamputaci\u00f3n, lesiones incompletas de plexos (cervical, braquial, lumbar), cirug\u00eda fallida en la espalda.<\/span><\/p>\n","protected":false},"excerpt":{"rendered":"<p>Proporcionan una analgesia potente, prolongada, dependiente de la dosis y reversible con naloxona. Indicaciones: en el tratamiento del dolor agudo y dolor cr\u00f3nico de origen neopl\u00e1sico. Se ha perfeccionado la t\u00e9cnica, la elecci\u00f3n del f\u00e1rmaco y hasta se han colocado cat\u00e9teres definitivos epidurales o intradurales conectados a un portal o a una bomba de infusi\u00f3n [&hellip;]<\/p>\n","protected":false},"author":208,"featured_media":0,"parent":0,"menu_order":0,"comment_status":"closed","ping_status":"closed","template":"","meta":[],"_links":{"self":[{"href":"https:\/\/blogs.sld.cu\/dolor\/wp-json\/wp\/v2\/pages\/146"}],"collection":[{"href":"https:\/\/blogs.sld.cu\/dolor\/wp-json\/wp\/v2\/pages"}],"about":[{"href":"https:\/\/blogs.sld.cu\/dolor\/wp-json\/wp\/v2\/types\/page"}],"author":[{"embeddable":true,"href":"https:\/\/blogs.sld.cu\/dolor\/wp-json\/wp\/v2\/users\/208"}],"replies":[{"embeddable":true,"href":"https:\/\/blogs.sld.cu\/dolor\/wp-json\/wp\/v2\/comments?post=146"}],"version-history":[{"count":4,"href":"https:\/\/blogs.sld.cu\/dolor\/wp-json\/wp\/v2\/pages\/146\/revisions"}],"predecessor-version":[{"id":358,"href":"https:\/\/blogs.sld.cu\/dolor\/wp-json\/wp\/v2\/pages\/146\/revisions\/358"}],"wp:attachment":[{"href":"https:\/\/blogs.sld.cu\/dolor\/wp-json\/wp\/v2\/media?parent=146"}],"curies":[{"name":"wp","href":"https:\/\/api.w.org\/{rel}","templated":true}]}}