{"id":15,"date":"2020-02-22T03:51:09","date_gmt":"2020-02-22T03:51:09","guid":{"rendered":"http:\/\/blogs.sld.cu\/dolor\/?page_id=15"},"modified":"2021-01-12T12:42:42","modified_gmt":"2021-01-12T12:42:42","slug":"que-es-el-dolor","status":"publish","type":"page","link":"https:\/\/blogs.sld.cu\/dolor\/que-es-el-dolor\/","title":{"rendered":"\u00bfQu\u00e9 es el dolor?"},"content":{"rendered":"<p><span style=\"font-size: 10pt\">El dolor es una se\u00f1al del sistema nervioso de que algo <span style=\"color: #800080\">no<\/span> anda bien. Es una sensaci\u00f3n desagradable, como un pinchazo, hormigueo, picadura, ardor o molestia.<\/span><\/p>\n<p><span style=\"font-size: 10pt\">La<a href=\"https:\/\/www.iasp-pain.org\"><strong> Asociaci\u00f3n Internacional para el Estudio del Dolor<\/strong><\/a> define el dolor como: <strong><span style=\"color: #800080\">\u201cUna experiencia sensorial y emocional desagradable asociada con da\u00f1o tisular (perteneciente o relativo a los tejidos de los organismos) potencial o real\u2026\u201d<\/span><br \/>\n<\/strong><\/span><\/p>\n<p><span style=\"font-size: 10pt\">En t\u00e9rminos cl\u00ednicos<strong>,<\/strong> Margo McCaffrey (una experta sobre el dolor reconocida a nivel internacional) ha definido el dolor de un modo m\u00e1s conciso y apropiado:<strong> \u201cTodo aquello que el paciente dice que duele\u201d.<\/strong><\/span><\/p>\n<table class=\"alignleft\" style=\"height: 33px;border-color: #450a4a;background-color: #d7e7f7\" border=\"5\" width=\"464\">\n<tbody>\n<tr>\n<td>\n<p style=\"text-align: justify\"><span style=\"color: #800080;font-size: 10pt\"><strong>\u00a0<span style=\"color: #800080\">\u00bfSab\u00edas que?<\/span><\/strong><\/span><\/p>\n<p style=\"text-align: center\"><span style=\"color: #800080;font-size: 10pt\"><strong>El dolor no siempre es curable pero puede controlarse\u00a0 y\/o aliviarse<\/strong><\/span><\/p>\n<\/td>\n<\/tr>\n<\/tbody>\n<\/table>\n<h3 style=\"text-align: left\"><span style=\"font-size: 10pt\"><br \/>\n<\/span><\/h3>\n<h3 style=\"text-align: left\"><span style=\"font-size: 10pt\"><strong>TIPOS DE DOLOR<\/strong><\/span><\/h3>\n<ul style=\"text-align: left\">\n<li><span style=\"font-size: 10pt\"><strong>Dolor agudo: <\/strong>es de aparici\u00f3n brusca, tiene una duraci\u00f3n de menos de 6 semanas, es de f\u00e1cil localizaci\u00f3n y desempe\u00f1a una funci\u00f3n protectora, ya que proporciona una alarma de alguna disfunci\u00f3n en el organismo. Se relaciona con enfermedades agudas como c\u00f3lico nefr\u00edtico, neumon\u00eda, pancreatitis, sacrolumbalgia y con procedimientos m\u00e9dicos o el postoperatorio.<\/span><\/li>\n<\/ul>\n<ul style=\"text-align: left\">\n<li><span style=\"font-size: 10pt\"><strong>Dolor cr\u00f3nico:<\/strong> dura 3 meses o m\u00e1s y es destructor para el individuo. Generalmente es s\u00edntoma de una enfermedad cr\u00f3nica y se puede asociar con fracaso terap\u00e9utico,\u00a0des\u00f3rdenes del sue\u00f1o, p\u00e9rdida del apetito, fatiga cr\u00f3nica, dependencia a las drogas, estr\u00e9s y depresi\u00f3n. Presenta una enorme influencia psicol\u00f3gica, emocional y sobre el entorno socio-familiar. Se relaciona con problemas de salud como la artritis, enfermedades osteodegenerativas y el c\u00e1ncer.<br \/>\n<\/span><\/li>\n<\/ul>\n<p><span style=\"font-size: 10pt\"><strong><span style=\"color: #800080\">Al acudir a consulta es importante describir las caracter\u00edsticas del dolor. Le sugerimos intentar recordar (o anotar, si le es posible):<\/span><\/strong><\/span><\/p>\n<p><span style=\"font-size: 10pt\">\u00bfD\u00f3nde le duele, la intensidad, para d\u00f3nde se irradia?<\/span><\/p>\n<p><span style=\"font-size: 10pt\">\u00bfCu\u00e1ndo le empez\u00f3 el dolor?<\/span><\/p>\n<p><span style=\"font-size: 10pt\">\u00bfEs permanente o epis\u00f3dico (va y viene)?<\/span><\/p>\n<p><span style=\"font-size: 10pt\">\u00bfEs punzante, mal localizado, quemante, puls\u00e1til (siente que dolor &#8220;late&#8221;)?<\/span><\/p>\n<p><span style=\"font-size: 10pt\">\u00bfTiene otros s\u00edntomas acompa\u00f1antes?<\/span><\/p>\n<p><span style=\"font-size: 10pt\">\u00bfEst\u00e1 relacionado con la ingesti\u00f3n de alimentos o en alg\u00fan horario del d\u00eda?<\/span><\/p>\n<p><span style=\"font-size: 10pt\">\u00bfExisten factores que lo alivian y lo desencadenan? Por ejemplo, el fr\u00edo o el calor, los cambios de posici\u00f3n.<\/span><\/p>\n<p><span style=\"font-size: 10pt\">\u00bfHa tenido tratamiento previo para el dolor, especifique cu\u00e1l?<\/span><\/p>\n<p><span style=\"font-size: 10pt\">\u00bfPadece Ud. de otras enfermedades (Insuficiencia renal, hep\u00e1tica, cardiopat\u00eda, diabetes mellitus, trastornos gastrointestinales, desnutrici\u00f3n, trastornos psicol\u00f3gicos, alcoholismo, uso abusivo de drogas)?<\/span><\/p>\n<p><span style=\"font-size: 10pt\">\u00bfQu\u00e9 impacto ha ocasionado el dolor en relaci\u00f3n con su calidad de vida, el estado de \u00e1nimo, su capacidad funcional e interacci\u00f3n social?<\/span><\/p>\n<p><span style=\"font-size: 10pt\">Otro aspecto a tener en cuenta es determinar la causa del dolor, para lo cual el m\u00e9dico indicar\u00e1 estudios.<\/span><\/p>\n<p><span style=\"font-size: 10pt\">Todas las preguntas anteriores debe respond\u00e9rselas usted para describirle su dolor al m\u00e9dico y de esa forma podr\u00e1 identificar mejor la causa y orientar el tratamiento adecuado.<\/span><\/p>\n<p><span style=\"font-size: 10pt\">\u00a0<\/span><\/p>\n","protected":false},"excerpt":{"rendered":"<p>El dolor es una se\u00f1al del sistema nervioso de que algo no anda bien. Es una sensaci\u00f3n desagradable, como un pinchazo, hormigueo, picadura, ardor o molestia. La Asociaci\u00f3n Internacional para el Estudio del Dolor define el dolor como: \u201cUna experiencia sensorial y emocional desagradable asociada con da\u00f1o tisular (perteneciente o relativo a los tejidos de [&hellip;]<\/p>\n","protected":false},"author":208,"featured_media":0,"parent":0,"menu_order":0,"comment_status":"closed","ping_status":"closed","template":"","meta":[],"_links":{"self":[{"href":"https:\/\/blogs.sld.cu\/dolor\/wp-json\/wp\/v2\/pages\/15"}],"collection":[{"href":"https:\/\/blogs.sld.cu\/dolor\/wp-json\/wp\/v2\/pages"}],"about":[{"href":"https:\/\/blogs.sld.cu\/dolor\/wp-json\/wp\/v2\/types\/page"}],"author":[{"embeddable":true,"href":"https:\/\/blogs.sld.cu\/dolor\/wp-json\/wp\/v2\/users\/208"}],"replies":[{"embeddable":true,"href":"https:\/\/blogs.sld.cu\/dolor\/wp-json\/wp\/v2\/comments?post=15"}],"version-history":[{"count":21,"href":"https:\/\/blogs.sld.cu\/dolor\/wp-json\/wp\/v2\/pages\/15\/revisions"}],"predecessor-version":[{"id":371,"href":"https:\/\/blogs.sld.cu\/dolor\/wp-json\/wp\/v2\/pages\/15\/revisions\/371"}],"wp:attachment":[{"href":"https:\/\/blogs.sld.cu\/dolor\/wp-json\/wp\/v2\/media?parent=15"}],"curies":[{"name":"wp","href":"https:\/\/api.w.org\/{rel}","templated":true}]}}