{"id":17,"date":"2020-02-22T03:53:19","date_gmt":"2020-02-22T03:53:19","guid":{"rendered":"http:\/\/blogs.sld.cu\/dolor\/?page_id=17"},"modified":"2021-01-12T12:54:21","modified_gmt":"2021-01-12T12:54:21","slug":"tratamientos-farmacologicos","status":"publish","type":"page","link":"https:\/\/blogs.sld.cu\/dolor\/tratamientos-farmacologicos\/","title":{"rendered":"Tratamiento farmacol\u00f3gico del dolor"},"content":{"rendered":"<p><span style=\"font-size: 10pt\">Se basa en el uso adecuado de la escalera analg\u00e9sica que en la actualidad contin\u00faa siendo la clave para un correcto tratamiento para proporcionar una\u00a0analgesia r\u00e1pida y efectiva.<\/span><\/p>\n<p><span style=\"font-size: 10pt\">Las personas que padecen dolor cr\u00f3nico deben conocer que para la administraci\u00f3n de la medicaci\u00f3n se debe tener en cuenta:<\/span><\/p>\n<ul>\n<li><span style=\"font-size: 10pt\">La v\u00eda oral es la recomendada<\/span><\/li>\n<li><span style=\"font-size: 10pt\">Los medicamentos deben administrarse en los horarios indicados y a intervalos regulares<\/span><\/li>\n<li><span style=\"font-size: 10pt\">Es vital prevenir los efectos indeseables de los f\u00e1rmacos con el tratamiento profil\u00e1ctico adecuado<\/span><\/li>\n<li><span style=\"font-size: 10pt\">Evaluaci\u00f3n continua de la respuesta al tratamiento.<\/span><\/li>\n<li><span style=\"font-size: 10pt\">Tratamiento en\u00e9rgico del insomnio.<\/span><\/li>\n<\/ul>\n<h2 style=\"text-align: justify\"><span style=\"font-size: 10pt\"><strong><span style=\"color: #800080\">Escalera Analg\u00e9sica<\/span><br \/>\n<\/strong><\/span><\/h2>\n<p style=\"text-align: justify\"><span style=\"font-size: 10pt\"><a href=\"http:\/\/blogs.sld.cu\/dolor\/files\/2020\/02\/Escalera-analgesica1.png\"><img loading=\"lazy\" class=\"alignnone  wp-image-139\" src=\"http:\/\/blogs.sld.cu\/dolor\/files\/2020\/02\/Escalera-analgesica1.png\" alt=\"Escalera analgesica\" width=\"430\" height=\"351\" srcset=\"https:\/\/blogs.sld.cu\/dolor\/files\/2020\/02\/Escalera-analgesica1.png 511w, https:\/\/blogs.sld.cu\/dolor\/files\/2020\/02\/Escalera-analgesica1-300x245.png 300w, https:\/\/blogs.sld.cu\/dolor\/files\/2020\/02\/Escalera-analgesica1-250x204.png 250w\" sizes=\"(max-width: 430px) 100vw, 430px\" \/><\/a><\/span><\/p>\n<p><span style=\"font-size: 10pt\">La <strong>escalera analg\u00e9sica, <\/strong>de tres escalones, determina la utilizaci\u00f3n gradual de medicamentos que van aumentando en complejidad, seg\u00fan el grado de dolor\u00a0(leve, moderado o severo). Es importante destacar que como se trata de una escalera, lo mismo se puede subir que bajar, en dependencia de las condiciones de la persona y del alivio de dolor. La escalera tiene pasamanos, que constituyen el acompa\u00f1amiento material y emocional que tiene la persona afectada para que el dolor no transcurra en solitario. La misma se modifica a <strong>cuatro escalones<\/strong> cuando se tiene en cuenta el intervencionismo.<\/span><\/p>\n<p><span style=\"font-size: 10pt\">El primer escal\u00f3n se recomienda para el dolor leve. Incluye el uso de analg\u00e9sicos no opioides (paracetamol, dipirona) o de antiinflamatorios no esteroideos (AINES), como el diclofenaco, el naproxeno, el ibuprofeno y el ketorolaco. Estos f\u00e1rmacos no crean dependencia f\u00edsica ni tolerancia, pero presentan techo terap\u00e9utico.<\/span><\/p>\n<p><span style=\"font-size: 10pt\">Los agentes t\u00f3picos tambi\u00e9n se emplean. La crema de capsaicina, los AINES t\u00f3picos y otras cremas compuestas (p. ej., anest\u00e9sicos locales) y el parche de lidoca\u00edna al 5 % acarrean un riesgo peque\u00f1o de efectos adversos.<\/span><\/p>\n<p style=\"text-align: left\"><span style=\"font-size: 10pt\">Efectos adversos:<\/span><\/p>\n<ul>\n<li><span style=\"font-size: 10pt\">Efectos gastrointestinales (gastritis, \u00falceras, sangramiento digestivo)<\/span><\/li>\n<li><span style=\"font-size: 10pt\">Inhiben la agregaci\u00f3n plaquetaria (excepto el paracetamol)<\/span><\/li>\n<li><span style=\"font-size: 10pt\">Agranulocitosis<\/span><\/li>\n<li><span style=\"font-size: 10pt\">Elevaci\u00f3n transitoria de enzimas hep\u00e1ticas<\/span><\/li>\n<li><span style=\"font-size: 10pt\">Hipersensibilidad y rash<\/span><\/li>\n<li><span style=\"font-size: 10pt\">Incremento del riesgo cardiovascular del diclofenaco produciendo Infarto del miocardio, tromboembolismo arterial (dosis elevada y en tiempo prolongado)<\/span><\/li>\n<li><span style=\"font-size: 10pt\">Da\u00f1o renal reversible<\/span><\/li>\n<\/ul>\n<p style=\"text-align: left\"><span style=\"font-size: 10pt\"><strong><a title=\"Medicamentos antiinflamatorios no esteroideos\" href=\"http:\/\/blogs.sld.cu\/dolor\/antiinflamatoriosnoesteroideos\/\">continuar<\/a><br \/>\n<\/strong><\/span><\/p>\n","protected":false},"excerpt":{"rendered":"<p>Se basa en el uso adecuado de la escalera analg\u00e9sica que en la actualidad contin\u00faa siendo la clave para un correcto tratamiento para proporcionar una\u00a0analgesia r\u00e1pida y efectiva. Las personas que padecen dolor cr\u00f3nico deben conocer que para la administraci\u00f3n de la medicaci\u00f3n se debe tener en cuenta: La v\u00eda oral es la recomendada Los [&hellip;]<\/p>\n","protected":false},"author":208,"featured_media":0,"parent":0,"menu_order":0,"comment_status":"closed","ping_status":"open","template":"","meta":[],"_links":{"self":[{"href":"https:\/\/blogs.sld.cu\/dolor\/wp-json\/wp\/v2\/pages\/17"}],"collection":[{"href":"https:\/\/blogs.sld.cu\/dolor\/wp-json\/wp\/v2\/pages"}],"about":[{"href":"https:\/\/blogs.sld.cu\/dolor\/wp-json\/wp\/v2\/types\/page"}],"author":[{"embeddable":true,"href":"https:\/\/blogs.sld.cu\/dolor\/wp-json\/wp\/v2\/users\/208"}],"replies":[{"embeddable":true,"href":"https:\/\/blogs.sld.cu\/dolor\/wp-json\/wp\/v2\/comments?post=17"}],"version-history":[{"count":23,"href":"https:\/\/blogs.sld.cu\/dolor\/wp-json\/wp\/v2\/pages\/17\/revisions"}],"predecessor-version":[{"id":383,"href":"https:\/\/blogs.sld.cu\/dolor\/wp-json\/wp\/v2\/pages\/17\/revisions\/383"}],"wp:attachment":[{"href":"https:\/\/blogs.sld.cu\/dolor\/wp-json\/wp\/v2\/media?parent=17"}],"curies":[{"name":"wp","href":"https:\/\/api.w.org\/{rel}","templated":true}]}}