{"id":188,"date":"2020-05-09T15:55:30","date_gmt":"2020-05-09T15:55:30","guid":{"rendered":"http:\/\/blogs.sld.cu\/dolor\/?page_id=188"},"modified":"2021-11-23T18:33:40","modified_gmt":"2021-11-23T18:33:40","slug":"te-damos-la-bienvenida","status":"publish","type":"page","link":"https:\/\/blogs.sld.cu\/dolor\/","title":{"rendered":""},"content":{"rendered":"<p>Bienvenidos al sitio sobre <strong>Dolor,<\/strong> que forma parte del\u00a0Portal de Enfermedades\u00a0de Infomed.<\/p>\n<p>El dolor constituye un problema de salud a nivel mundial. Es multicausal y una vez cumplida su funci\u00f3n de alarma, se convierte en un sufrimiento innecesario que altera la calidad de vida de la persona que lo padece, por lo que su tratamiento y alivio es un derecho humano b\u00e1sico.<\/p>\n<p>En este espacio encontrar\u00e1 informaci\u00f3n relativa al dolor y sus diferentes tipos, cu\u00e1les pueden ser sus causas y c\u00f3mo aliviarlo. Tambi\u00e9n podr\u00e1 conocer algunas de las variantes de tratamiento que con mayor frecuencia le puede indicar el m\u00e9dico.<\/p>\n<p>Esperamos que nuestras p\u00e1ginas le ayuden y\u00a0aprenda a manejar su &#8220;dolor&#8221; o el de sus familiares.<\/p>\n","protected":false},"excerpt":{"rendered":"<p>Bienvenidos al sitio sobre Dolor, que forma parte del\u00a0Portal de Enfermedades\u00a0de Infomed. El dolor constituye un problema de salud a nivel mundial. Es multicausal y una vez cumplida su funci\u00f3n de alarma, se convierte en un sufrimiento innecesario que altera la calidad de vida de la persona que lo padece, por lo que su tratamiento [&hellip;]<\/p>\n","protected":false},"author":208,"featured_media":0,"parent":0,"menu_order":0,"comment_status":"closed","ping_status":"closed","template":"","meta":[],"_links":{"self":[{"href":"https:\/\/blogs.sld.cu\/dolor\/wp-json\/wp\/v2\/pages\/188"}],"collection":[{"href":"https:\/\/blogs.sld.cu\/dolor\/wp-json\/wp\/v2\/pages"}],"about":[{"href":"https:\/\/blogs.sld.cu\/dolor\/wp-json\/wp\/v2\/types\/page"}],"author":[{"embeddable":true,"href":"https:\/\/blogs.sld.cu\/dolor\/wp-json\/wp\/v2\/users\/208"}],"replies":[{"embeddable":true,"href":"https:\/\/blogs.sld.cu\/dolor\/wp-json\/wp\/v2\/comments?post=188"}],"version-history":[{"count":13,"href":"https:\/\/blogs.sld.cu\/dolor\/wp-json\/wp\/v2\/pages\/188\/revisions"}],"predecessor-version":[{"id":433,"href":"https:\/\/blogs.sld.cu\/dolor\/wp-json\/wp\/v2\/pages\/188\/revisions\/433"}],"wp:attachment":[{"href":"https:\/\/blogs.sld.cu\/dolor\/wp-json\/wp\/v2\/media?parent=188"}],"curies":[{"name":"wp","href":"https:\/\/api.w.org\/{rel}","templated":true}]}}