{"id":2,"date":"2020-02-20T16:38:35","date_gmt":"2020-02-20T16:38:35","guid":{"rendered":"http:\/\/blogs.sld.cu\/dolor\/?page_id=2"},"modified":"2021-01-12T13:12:56","modified_gmt":"2021-01-12T13:12:56","slug":"pagina-ejemplo","status":"publish","type":"page","link":"https:\/\/blogs.sld.cu\/dolor\/pagina-ejemplo\/","title":{"rendered":""},"content":{"rendered":"<p><a href=\"http:\/\/blogs.sld.cu\/dolor\/files\/2020\/02\/Tammy.jpg\"><img loading=\"lazy\" class=\"  wp-image-330 alignleft\" style=\"margin: 5px\" src=\"http:\/\/blogs.sld.cu\/dolor\/files\/2020\/02\/Tammy-248x300.jpg\" alt=\"Tammy\" width=\"194\" height=\"235\" srcset=\"https:\/\/blogs.sld.cu\/dolor\/files\/2020\/02\/Tammy-248x300.jpg 248w, https:\/\/blogs.sld.cu\/dolor\/files\/2020\/02\/Tammy-250x303.jpg 250w, https:\/\/blogs.sld.cu\/dolor\/files\/2020\/02\/Tammy.jpg 382w\" sizes=\"(max-width: 194px) 100vw, 194px\" \/><\/a>Este sitio forma parte del\u00a0Portal de Enfermedades de Infomed,\u00a0red de personas e instituciones que trabajan para que la\u00a0informaci\u00f3n y el conocimiento lleguen a todos.<\/p>\n<p>En nuestro sitio, usted podr\u00e1 encontrar informaci\u00f3n acerca del dolor.<\/p>\n<p>\u00bfQu\u00e9 es el Dolor? \u00bfQu\u00e9 lo puede causar? \u00bfCu\u00e1les son los tipos de dolor? \u00bfQu\u00e9 se puede hacer para aliviarlo? \u00bfQu\u00e9 medicamentos se pueden utilizar? \u00bfC\u00f3mo es el tratamiento del dolor por c\u00e1ncer? \u00bfQu\u00e9 es la escalera analg\u00e9sica?<\/p>\n<p>La mayor\u00eda de las personas no tiene por qu\u00e9 vivir con dolor. Hay tratamientos para ello. Aunque no todos los dolores se pueden curar, la mayor\u00eda pueden ser manejados. Si el m\u00e9dico que lo atiende no ha logrado ayudarle, solicite una consulta con un especialista en dolor.<\/p>\n<p>El dolor es real y\u00a0nadie, excepto usted, sabe c\u00f3mo se siente con su dolor. El dolor cr\u00f3nico es una enfermedad en s\u00ed misma.<\/p>\n<p>La editora de este sitio es la Dra. Tammy Alonso D\u00edaz, especialista de 2do Grado en Medicina Intensiva y de Emergencias, profesora asistente y M\u00e1ster en Urgencias M\u00e9dicas,\u00a0quien de manera educativa e interactiva responder\u00e1\u00a0a las preguntas de los lectores y les explicar\u00e1 lo que pueden hacer para\u00a0controlar\u00a0el dolor, si lo padecen, y les ayudar\u00e1 a encontrar informaci\u00f3n sobre el tema.<\/p>\n","protected":false},"excerpt":{"rendered":"<p>Este sitio forma parte del\u00a0Portal de Enfermedades de Infomed,\u00a0red de personas e instituciones que trabajan para que la\u00a0informaci\u00f3n y el conocimiento lleguen a todos. En nuestro sitio, usted podr\u00e1 encontrar informaci\u00f3n acerca del dolor. \u00bfQu\u00e9 es el Dolor? \u00bfQu\u00e9 lo puede causar? \u00bfCu\u00e1les son los tipos de dolor? \u00bfQu\u00e9 se puede hacer para aliviarlo? \u00bfQu\u00e9 [&hellip;]<\/p>\n","protected":false},"author":209,"featured_media":0,"parent":0,"menu_order":0,"comment_status":"closed","ping_status":"closed","template":"","meta":[],"_links":{"self":[{"href":"https:\/\/blogs.sld.cu\/dolor\/wp-json\/wp\/v2\/pages\/2"}],"collection":[{"href":"https:\/\/blogs.sld.cu\/dolor\/wp-json\/wp\/v2\/pages"}],"about":[{"href":"https:\/\/blogs.sld.cu\/dolor\/wp-json\/wp\/v2\/types\/page"}],"author":[{"embeddable":true,"href":"https:\/\/blogs.sld.cu\/dolor\/wp-json\/wp\/v2\/users\/209"}],"replies":[{"embeddable":true,"href":"https:\/\/blogs.sld.cu\/dolor\/wp-json\/wp\/v2\/comments?post=2"}],"version-history":[{"count":30,"href":"https:\/\/blogs.sld.cu\/dolor\/wp-json\/wp\/v2\/pages\/2\/revisions"}],"predecessor-version":[{"id":385,"href":"https:\/\/blogs.sld.cu\/dolor\/wp-json\/wp\/v2\/pages\/2\/revisions\/385"}],"wp:attachment":[{"href":"https:\/\/blogs.sld.cu\/dolor\/wp-json\/wp\/v2\/media?parent=2"}],"curies":[{"name":"wp","href":"https:\/\/api.w.org\/{rel}","templated":true}]}}