{"id":21,"date":"2020-02-22T03:55:32","date_gmt":"2020-02-22T03:55:32","guid":{"rendered":"http:\/\/blogs.sld.cu\/dolor\/?page_id=21"},"modified":"2021-02-20T05:06:44","modified_gmt":"2021-02-20T05:06:44","slug":"glosario","status":"publish","type":"page","link":"https:\/\/blogs.sld.cu\/dolor\/glosario\/","title":{"rendered":"Glosario"},"content":{"rendered":"<p><span style=\"font-size: 10pt\">En este espacio usted podr\u00e1 encontrar el significado de aquellas palabras relacionadas con el <strong>dolor<\/strong> o con la Medicina en general. Esperamos que ello sea \u00fatil en la comprensi\u00f3n de los contenidos que incluye este sitio web.<\/span><\/p>\n<p><span style=\"font-size: 10pt\"><strong>Abstinencia<\/strong>: supresi\u00f3n o privaci\u00f3n\u00a0brusca de algo por ejemplo los\u00a0opioides. Cuando se trata de un paciente tratado con opioides, puede comenzar con disforia, prurito, lagrimeo, insomnio, c\u00f3licos abdominales, n\u00e1useas, v\u00f3mitos, diarrea, ansiedad, irritabilidad, midriasis, hiperventilaci\u00f3n, hipertensi\u00f3n arterial, hiperglucemia y fiebre.<\/span><\/p>\n<p><span style=\"font-size: 10pt\"><strong>Disforia: <\/strong>(del griego \u03b4\u03cd\u03c3\u03c6\u03bf\u03c1\u03bf\u03c2 (dysphoros), de \u03b4\u03c5\u03c3-, dif\u00edcil, y \u03c6\u03ad\u03c1\u03c9, llevar) se caracteriza generalmente como una emoci\u00f3n desagradable o molesta, como la tristeza (estado de \u00e1nimo depresivo), ansiedad, irritabilidad o inquietud. \u200b Es el opuesto etimol\u00f3gico de la euforia.<\/span><\/p>\n<p><span style=\"font-size: 10pt\"><strong>Midriasis: <\/strong>Dilataci\u00f3n anormal de la pupila con inmovilidad del iris.<\/span><\/p>\n<p><strong><span style=\"font-size: 10pt\"><a href=\"http:\/\/glosario.sld.cu\/multilingue\/\" target=\"_blank\">Glosario multiling\u00fce de t\u00e9rminos m\u00e9dicos<\/a><\/span><\/strong><\/p>\n","protected":false},"excerpt":{"rendered":"<p>En este espacio usted podr\u00e1 encontrar el significado de aquellas palabras relacionadas con el dolor o con la Medicina en general. Esperamos que ello sea \u00fatil en la comprensi\u00f3n de los contenidos que incluye este sitio web. Abstinencia: supresi\u00f3n o privaci\u00f3n\u00a0brusca de algo por ejemplo los\u00a0opioides. Cuando se trata de un paciente tratado con opioides, [&hellip;]<\/p>\n","protected":false},"author":208,"featured_media":0,"parent":0,"menu_order":0,"comment_status":"closed","ping_status":"open","template":"","meta":[],"_links":{"self":[{"href":"https:\/\/blogs.sld.cu\/dolor\/wp-json\/wp\/v2\/pages\/21"}],"collection":[{"href":"https:\/\/blogs.sld.cu\/dolor\/wp-json\/wp\/v2\/pages"}],"about":[{"href":"https:\/\/blogs.sld.cu\/dolor\/wp-json\/wp\/v2\/types\/page"}],"author":[{"embeddable":true,"href":"https:\/\/blogs.sld.cu\/dolor\/wp-json\/wp\/v2\/users\/208"}],"replies":[{"embeddable":true,"href":"https:\/\/blogs.sld.cu\/dolor\/wp-json\/wp\/v2\/comments?post=21"}],"version-history":[{"count":10,"href":"https:\/\/blogs.sld.cu\/dolor\/wp-json\/wp\/v2\/pages\/21\/revisions"}],"predecessor-version":[{"id":389,"href":"https:\/\/blogs.sld.cu\/dolor\/wp-json\/wp\/v2\/pages\/21\/revisions\/389"}],"wp:attachment":[{"href":"https:\/\/blogs.sld.cu\/dolor\/wp-json\/wp\/v2\/media?parent=21"}],"curies":[{"name":"wp","href":"https:\/\/api.w.org\/{rel}","templated":true}]}}