{"id":29,"date":"2020-02-22T04:03:33","date_gmt":"2020-02-22T04:03:33","guid":{"rendered":"http:\/\/blogs.sld.cu\/dolor\/?page_id=29"},"modified":"2021-01-12T12:43:17","modified_gmt":"2021-01-12T12:43:17","slug":"mitos-y-realidad","status":"publish","type":"page","link":"https:\/\/blogs.sld.cu\/dolor\/mitos-y-realidad\/","title":{"rendered":"Mitos y realidad"},"content":{"rendered":"<p><span style=\"font-size: 10pt\">Hay determinadas afirmaciones que se repiten a lo largo del tiempo, de manera que quedan arraigadas en nuestras creencias como si fueran <strong>verdades absolutas,<\/strong> por lo que debemos tener presente que estas <strong>falsas creencias solo<\/strong> perjudican al paciente y fortalecen prejuicios.<\/span><\/p>\n<p><span style=\"font-size: 10pt\">Entre de las m\u00e1s frecuentes se encuentran:<\/span><\/p>\n<p><span style=\"font-size: 10pt\"><strong><em>Todo dolor tiene una causa<\/em><\/strong><\/span><\/p>\n<p><span style=\"font-size: 10pt\">No siempre es as\u00ed. Aunque la mayor\u00eda de los dolores se deben a una causa, cada vez es mayor el n\u00famero de expertos que reconocen el <strong>dolor cr\u00f3nico<\/strong> como una enfermedad en s\u00ed misma. Por ejemplo, despu\u00e9s de la cura de una lesi\u00f3n o de cualquier otro trauma, el dolor puede perpetuarse debido a cambios en nuestro organismo que lo convierten en un problema cr\u00f3nico.<\/span><\/p>\n<p style=\"text-align: left\"><span style=\"font-size: 10pt\"><strong><em>Si se prolonga en el tiempo es dolor cr\u00f3nico<\/em><\/strong><em><br \/>\n<\/em><\/span><\/p>\n<p><span style=\"font-size: 10pt\"><em>S<\/em>e suele catalogar como dolor cr\u00f3nico aquel que dura m\u00e1s de seis meses. Sin embargo, puede ser se\u00f1al de alguna lesi\u00f3n que todav\u00eda no se ha descubierto, o que se trate de un dolor provocado por el exceso de actividad, en cuyo caso en realidad, es dolor agudo. Es fundamental acudir cuanto antes a un profesional.<\/span><\/p>\n<p style=\"text-align: left\"><span style=\"font-size: 10pt\"><strong><em>La medicaci\u00f3n es la \u00fanica forma de reducir el dolor<\/em><\/strong><\/span><\/p>\n<p><span style=\"font-size: 10pt\">Lo m\u00e1s com\u00fan para reducir el dolor es recurrir a los analg\u00e9sicos, pero no es la \u00fanica forma si se trata de dolor cr\u00f3nico. Pensemos que el dolor ha pasado de pensarse en t\u00e9rminos meramente f\u00edsicos a entenderse que est\u00e1 compuesto por factores f\u00edsicos, psicol\u00f3gicos y neurol\u00f3gicos, por lo tanto, la variedad de tratamientos tambi\u00e9n se ha visto incrementada.<\/span><\/p>\n<p style=\"text-align: left\"><span style=\"font-size: 10pt\">\u00a0<strong><em>El dolor aumenta con la edad<\/em><\/strong><\/span><\/p>\n<p><span style=\"font-size: 10pt\">Aunque es cierto que el porcentaje de las personas mayores de 65 a\u00f1os que presentan dolor cr\u00f3nico es mayor, eso no significa que envejecer sea sin\u00f3nimo de padecer este problema de salud. Como dato, el dolor de espalda afecta habitualmente en mayor medida a adultos entre 35 y 50 a\u00f1os.<\/span><\/p>\n<p style=\"text-align: left\"><span style=\"font-size: 10pt\"><em><strong>El reposo ayuda a aliviar el dolor cr\u00f3nico<\/strong><\/em><\/span><\/p>\n<p><span style=\"font-size: 10pt\">Tradicionalmente la terapia f\u00edsica del dolor se basaba en el reposo, hospitalizaci\u00f3n\u00a0y ejercicios.<\/span><\/p>\n<p><span style=\"font-size: 10pt\">En la actualidad ha cambiado y\u00a0la terapia busca movilizaci\u00f3n temprana, recuperaci\u00f3n de la funci\u00f3n comprometida y la disminuci\u00f3n del dolor. Aqu\u00ed resulta de enorme ayuda el ejercicio hasta donde sea posible y pautado por los profesionales.<\/span><\/p>\n<p style=\"text-align: left\"><span style=\"font-size: 10pt\"><em><strong>Se debe aprender a vivir con el dolor<\/strong><\/em><\/span><\/p>\n<p><span style=\"font-size: 10pt\">No es necesario tener que vivir con \u00e9l, existe m\u00faltiples tratamientos farmacol\u00f3gicos y no farmacol\u00f3gicos para el manejo del dolor, que cuando se aplican correctamente se controla el mismo y as\u00ed se\u00a0 mejora la calidad de vida y se disminuye el sufrimiento\u00a0 innecesario que ocasiona el dolor.<\/span><\/p>\n<p style=\"text-align: left\"><span style=\"font-size: 10pt\"><a title=\"Mitos de la Morfina\" href=\"http:\/\/blogs.sld.cu\/dolor\/mitos-de-la-morfina\/\"><strong>Mitos sobre la morfina<\/strong><\/a><\/span><\/p>\n","protected":false},"excerpt":{"rendered":"<p>Hay determinadas afirmaciones que se repiten a lo largo del tiempo, de manera que quedan arraigadas en nuestras creencias como si fueran verdades absolutas, por lo que debemos tener presente que estas falsas creencias solo perjudican al paciente y fortalecen prejuicios. Entre de las m\u00e1s frecuentes se encuentran: Todo dolor tiene una causa No siempre [&hellip;]<\/p>\n","protected":false},"author":208,"featured_media":0,"parent":0,"menu_order":0,"comment_status":"closed","ping_status":"open","template":"","meta":[],"_links":{"self":[{"href":"https:\/\/blogs.sld.cu\/dolor\/wp-json\/wp\/v2\/pages\/29"}],"collection":[{"href":"https:\/\/blogs.sld.cu\/dolor\/wp-json\/wp\/v2\/pages"}],"about":[{"href":"https:\/\/blogs.sld.cu\/dolor\/wp-json\/wp\/v2\/types\/page"}],"author":[{"embeddable":true,"href":"https:\/\/blogs.sld.cu\/dolor\/wp-json\/wp\/v2\/users\/208"}],"replies":[{"embeddable":true,"href":"https:\/\/blogs.sld.cu\/dolor\/wp-json\/wp\/v2\/comments?post=29"}],"version-history":[{"count":15,"href":"https:\/\/blogs.sld.cu\/dolor\/wp-json\/wp\/v2\/pages\/29\/revisions"}],"predecessor-version":[{"id":372,"href":"https:\/\/blogs.sld.cu\/dolor\/wp-json\/wp\/v2\/pages\/29\/revisions\/372"}],"wp:attachment":[{"href":"https:\/\/blogs.sld.cu\/dolor\/wp-json\/wp\/v2\/media?parent=29"}],"curies":[{"name":"wp","href":"https:\/\/api.w.org\/{rel}","templated":true}]}}