{"id":62,"date":"2020-03-26T02:34:13","date_gmt":"2020-03-26T02:34:13","guid":{"rendered":"http:\/\/blogs.sld.cu\/dolor\/?page_id=62"},"modified":"2020-12-25T22:56:45","modified_gmt":"2020-12-25T22:56:45","slug":"antiinflamatoriosnoesteroideos","status":"publish","type":"page","link":"https:\/\/blogs.sld.cu\/dolor\/antiinflamatoriosnoesteroideos\/","title":{"rendered":"Medicamentos antiinflamatorios no esteroideos"},"content":{"rendered":"<p><span style=\"font-size: 12pt\"><strong>Los medicamentos antiinflamatorios no esteroideos (AINES)<\/strong> se usan para tratar el dolor <strong>de leve a moderado. Actu\u00e1n no solo como analg\u00e9sicos,<\/strong> sino que tambi\u00e9n reducen la inflamaci\u00f3n. Pueden combinarse con los opi\u00e1ceos.<\/span><\/p>\n<table style=\"border-color: #470707;height: 153px;background-color: #f0d3e2\" border=\"5\" width=\"458\">\n<tbody>\n<tr>\n<td><span style=\"font-size: 12pt\">\u00a0<span style=\"color: #800080\"><strong> \u00bfSab\u00edas que\u2026?<\/strong><\/span><span style=\"color: #800080\"><strong>El consumo de medicamentos antiinflamatorios no esteroideos (AINES) por tiempo prolongado, tiene efectos secundarios graves.<\/strong><\/span><\/span><\/td>\n<\/tr>\n<\/tbody>\n<\/table>\n<p style=\"text-align: left\"><span style=\"font-size: 12pt\">Se administran por v\u00eda oral, el ketorolaco y diclofenaco, tambi\u00e9n se pueden administrar mediante inyecci\u00f3n en una vena (v\u00eda intravenosa) o en el m\u00fasculo (v\u00eda intramuscular). La indometacina puede administrarse en forma de supositorios.<\/span><\/p>\n<p><span style=\"font-size: 12pt\"><strong>Efectos secundarios y su prevenci\u00f3n:<\/strong><\/span><\/p>\n<ul>\n<li><span style=\"font-size: 12pt\"><strong>Gastrointestinales:\u00a0<\/strong>su administraci\u00f3n debe ser con alimentos y anti\u00e1cidos para prevenir la irritaci\u00f3n estomacal<\/span><\/li>\n<li><span style=\"font-size: 12pt\"><strong>Problemas hemorr\u00e1gicos:<\/strong> afectan a las propiedades de agregaci\u00f3n de las plaquetas<\/span><\/li>\n<li><span style=\"font-size: 12pt\"><strong>Trastornos renales:<\/strong> nefropat\u00eda por analg\u00e9sicos e insuficiencia renal<\/span><\/li>\n<li><span style=\"font-size: 12pt\">Aumento del riesgo de <strong>trastornos cardiovasculares<\/strong>, excepto el \u00e1cido acetilsalic\u00edlico (aspirina). El riesgo se relaciona con dosis altas y uso prolongado.<\/span><\/li>\n<\/ul>\n<p><span style=\"font-size: 12pt\">El riesgo de efectos secundarios puede ser mayor para algunos grupos de personas, como los siguientes:<\/span><\/p>\n<ul>\n<li><span style=\"font-size: 12pt\">Mayores de 60 a\u00f1os<\/span><\/li>\n<li><span style=\"font-size: 12pt\">En las personas que ingieren bebidas alcoh\u00f3licas<\/span><\/li>\n<li><span style=\"font-size: 12pt\">Las personas con enfermedades cardiovasculares o accidente cerebrovascular<\/span><\/li>\n<li><span style=\"font-size: 12pt\">Las personas con enfermedad g\u00e1strica, renal o hep\u00e1tica<\/span><\/li>\n<\/ul>\n<p><span style=\"font-size: 12pt\"><strong><a title=\"Aspirina\" href=\"http:\/\/blogs.sld.cu\/dolor\/aspirina\/\">continuar<\/a><\/strong><\/span><\/p>\n","protected":false},"excerpt":{"rendered":"<p>Los medicamentos antiinflamatorios no esteroideos (AINES) se usan para tratar el dolor de leve a moderado. Actu\u00e1n no solo como analg\u00e9sicos, sino que tambi\u00e9n reducen la inflamaci\u00f3n. Pueden combinarse con los opi\u00e1ceos. \u00a0 \u00bfSab\u00edas que\u2026?El consumo de medicamentos antiinflamatorios no esteroideos (AINES) por tiempo prolongado, tiene efectos secundarios graves. Se administran por v\u00eda oral, el [&hellip;]<\/p>\n","protected":false},"author":208,"featured_media":0,"parent":0,"menu_order":0,"comment_status":"open","ping_status":"open","template":"","meta":[],"_links":{"self":[{"href":"https:\/\/blogs.sld.cu\/dolor\/wp-json\/wp\/v2\/pages\/62"}],"collection":[{"href":"https:\/\/blogs.sld.cu\/dolor\/wp-json\/wp\/v2\/pages"}],"about":[{"href":"https:\/\/blogs.sld.cu\/dolor\/wp-json\/wp\/v2\/types\/page"}],"author":[{"embeddable":true,"href":"https:\/\/blogs.sld.cu\/dolor\/wp-json\/wp\/v2\/users\/208"}],"replies":[{"embeddable":true,"href":"https:\/\/blogs.sld.cu\/dolor\/wp-json\/wp\/v2\/comments?post=62"}],"version-history":[{"count":16,"href":"https:\/\/blogs.sld.cu\/dolor\/wp-json\/wp\/v2\/pages\/62\/revisions"}],"predecessor-version":[{"id":355,"href":"https:\/\/blogs.sld.cu\/dolor\/wp-json\/wp\/v2\/pages\/62\/revisions\/355"}],"wp:attachment":[{"href":"https:\/\/blogs.sld.cu\/dolor\/wp-json\/wp\/v2\/media?parent=62"}],"curies":[{"name":"wp","href":"https:\/\/api.w.org\/{rel}","templated":true}]}}