{"id":75,"date":"2020-03-26T03:09:30","date_gmt":"2020-03-26T03:09:30","guid":{"rendered":"http:\/\/blogs.sld.cu\/dolor\/?page_id=75"},"modified":"2020-05-12T02:17:11","modified_gmt":"2020-05-12T02:17:11","slug":"75-2","status":"publish","type":"page","link":"https:\/\/blogs.sld.cu\/dolor\/75-2\/","title":{"rendered":"Segundo escal\u00f3n para el dolor"},"content":{"rendered":"<p style=\"text-align: justify\">En el <strong>segundo escal\u00f3n<\/strong> para el dolor moderado se ha de asociar un opioide de acci\u00f3n d\u00e9bil (tramadol o code\u00edna).<\/p>\n<p style=\"text-align: justify\">La <strong>codeina o cosedal<\/strong> tabletas 30 mg se indica para el dolor, suprimir la tos y las diarreas<\/p>\n<p style=\"text-align: justify\">La dosis habitual es 30 a 60 mg c\/4-6 h.<\/p>\n<p style=\"text-align: justify\">El <strong>tramadol<\/strong> tiene\u00a0 mayor potencia analg\u00e9sica que\u00a0 la code\u00edna, se presenta en tabletas, supositorios y \u00e1mpulas. La dosis habitual es de 50 a 100 mg c\/ 6-8 h<\/p>\n<h1 style=\"text-align: justify\"><strong>Tercer escal\u00f3n para el dolor<br \/>\n<\/strong><\/h1>\n<p style=\"text-align: justify\">En el <strong>tercer escal\u00f3n<\/strong> para el dolor de moderado a severo se ha de asociar un <strong>opioide<\/strong> de acci\u00f3n potente (retiramos el d\u00e9bil) entre ellos tenemos: sulfato de morfina, hidromorfona, oxicodona, meperidina, metadona ,\u00a0 fentanilo y tapendalol.<\/p>\n<p style=\"text-align: justify\"><strong>La Morfina<\/strong> es considerada el narc\u00f3tico est\u00e1ndar y la droga de primera elecci\u00f3n en el tratamiento del dolor de\u00a0 moderado a severo.<\/p>\n<p style=\"text-align: justify\">Los opioides se encuentran bajo prescripci\u00f3n facultativa. Pueden crear h\u00e1bito. Tambi\u00e9n pueden ser peligrosos cuando se toman con alcohol o en sobredosis.<\/p>\n<p style=\"text-align: justify\">En cada uno de los <strong>escalones<\/strong> de la <strong>escalera analg\u00e9sica<\/strong> se asocian <strong>coadyuvantes<\/strong>, que\u00a0 disminuyen\u00a0 la toxicidad de los opioides y potencian la analgesia brindada por los mismos.<\/p>\n<p style=\"text-align: justify\"><a title=\"Coadyuvantes\" href=\"http:\/\/blogs.sld.cu\/dolor\/coadyuvantes\/\">Coadyuvantes<\/a><\/p>\n","protected":false},"excerpt":{"rendered":"<p>En el segundo escal\u00f3n para el dolor moderado se ha de asociar un opioide de acci\u00f3n d\u00e9bil (tramadol o code\u00edna). La codeina o cosedal tabletas 30 mg se indica para el dolor, suprimir la tos y las diarreas La dosis habitual es 30 a 60 mg c\/4-6 h. El tramadol tiene\u00a0 mayor potencia analg\u00e9sica que\u00a0 [&hellip;]<\/p>\n","protected":false},"author":208,"featured_media":0,"parent":0,"menu_order":0,"comment_status":"open","ping_status":"open","template":"","meta":[],"_links":{"self":[{"href":"https:\/\/blogs.sld.cu\/dolor\/wp-json\/wp\/v2\/pages\/75"}],"collection":[{"href":"https:\/\/blogs.sld.cu\/dolor\/wp-json\/wp\/v2\/pages"}],"about":[{"href":"https:\/\/blogs.sld.cu\/dolor\/wp-json\/wp\/v2\/types\/page"}],"author":[{"embeddable":true,"href":"https:\/\/blogs.sld.cu\/dolor\/wp-json\/wp\/v2\/users\/208"}],"replies":[{"embeddable":true,"href":"https:\/\/blogs.sld.cu\/dolor\/wp-json\/wp\/v2\/comments?post=75"}],"version-history":[{"count":7,"href":"https:\/\/blogs.sld.cu\/dolor\/wp-json\/wp\/v2\/pages\/75\/revisions"}],"predecessor-version":[{"id":153,"href":"https:\/\/blogs.sld.cu\/dolor\/wp-json\/wp\/v2\/pages\/75\/revisions\/153"}],"wp:attachment":[{"href":"https:\/\/blogs.sld.cu\/dolor\/wp-json\/wp\/v2\/media?parent=75"}],"curies":[{"name":"wp","href":"https:\/\/api.w.org\/{rel}","templated":true}]}}