{"id":10,"date":"2022-01-19T22:47:56","date_gmt":"2022-01-19T22:47:56","guid":{"rendered":"https:\/\/blogs.sld.cu\/ranocitosis\/?page_id=10"},"modified":"2022-02-08T20:01:20","modified_gmt":"2022-02-08T20:01:20","slug":"acerca-de","status":"publish","type":"page","link":"https:\/\/blogs.sld.cu\/drepanocitosis\/acerca-de\/","title":{"rendered":"Acerca de"},"content":{"rendered":"<p>Sitio de <strong>Drepanocitosis\u00a0 <\/strong>del Portal de Enfermedades de la Red de Portales de Infomed. Este sitio est\u00e1 dedicado a la poblaci\u00f3n en general, para que encuentre informaci\u00f3n sobre la enfermedad y c\u00f3mo manejarla, si se le diagnostica a usted o a\u00a0 un familiar.<\/p>\n<p>El editor del sitio, es el <strong>Dr. Juan Carlos Jaime Fagundo, <\/strong>especialista en hematolog\u00eda<strong>,<\/strong>\u00a0 que los conducir\u00e1 por el mismo,\u00a0 y responder\u00e1 sus preguntas y dudas. Este sitio tiene varias secciones, sobre las causas, s\u00edntomas, c\u00f3mo se diagnostica, cu\u00e1les son los s\u00edntomas, consejos y medidas para evitar complicaciones.<strong><br \/>\n<\/strong><\/p>\n","protected":false},"excerpt":{"rendered":"<p>Sitio de Drepanocitosis\u00a0 del Portal de Enfermedades de la Red de Portales de Infomed. Este sitio est\u00e1 dedicado a la poblaci\u00f3n en general, para que encuentre informaci\u00f3n sobre la enfermedad y c\u00f3mo manejarla, si se le diagnostica a usted o a\u00a0 un familiar. El editor del sitio, es el Dr. Juan Carlos Jaime Fagundo, especialista [&hellip;]<\/p>\n","protected":false},"author":208,"featured_media":0,"parent":0,"menu_order":0,"comment_status":"closed","ping_status":"closed","template":"","meta":[],"_links":{"self":[{"href":"https:\/\/blogs.sld.cu\/drepanocitosis\/wp-json\/wp\/v2\/pages\/10"}],"collection":[{"href":"https:\/\/blogs.sld.cu\/drepanocitosis\/wp-json\/wp\/v2\/pages"}],"about":[{"href":"https:\/\/blogs.sld.cu\/drepanocitosis\/wp-json\/wp\/v2\/types\/page"}],"author":[{"embeddable":true,"href":"https:\/\/blogs.sld.cu\/drepanocitosis\/wp-json\/wp\/v2\/users\/208"}],"replies":[{"embeddable":true,"href":"https:\/\/blogs.sld.cu\/drepanocitosis\/wp-json\/wp\/v2\/comments?post=10"}],"version-history":[{"count":7,"href":"https:\/\/blogs.sld.cu\/drepanocitosis\/wp-json\/wp\/v2\/pages\/10\/revisions"}],"predecessor-version":[{"id":127,"href":"https:\/\/blogs.sld.cu\/drepanocitosis\/wp-json\/wp\/v2\/pages\/10\/revisions\/127"}],"wp:attachment":[{"href":"https:\/\/blogs.sld.cu\/drepanocitosis\/wp-json\/wp\/v2\/media?parent=10"}],"curies":[{"name":"wp","href":"https:\/\/api.w.org\/{rel}","templated":true}]}}