{"id":29,"date":"2022-01-20T17:34:19","date_gmt":"2022-01-20T17:34:19","guid":{"rendered":"https:\/\/blogs.sld.cu\/ranocitosis\/?page_id=29"},"modified":"2022-02-09T02:11:12","modified_gmt":"2022-02-09T02:11:12","slug":"diagnostico","status":"publish","type":"page","link":"https:\/\/blogs.sld.cu\/drepanocitosis\/diagnostico\/","title":{"rendered":"Diagn\u00f3stico\/Tratamiento"},"content":{"rendered":"<p><img loading=\"lazy\" class=\"alignnone size-full wp-image-135\" src=\"https:\/\/blogs.sld.cu\/drepanocitosis\/files\/2022\/02\/drepanocito.jpg\" alt=\"Drepanocitos\" width=\"259\" height=\"194\" srcset=\"https:\/\/blogs.sld.cu\/drepanocitosis\/files\/2022\/02\/drepanocito.jpg 259w, https:\/\/blogs.sld.cu\/drepanocitosis\/files\/2022\/02\/drepanocito-250x187.jpg 250w\" sizes=\"(max-width: 259px) 100vw, 259px\" \/><\/p>\n<h3>Diagn\u00f3stico<\/h3>\n<p>&nbsp;<\/p>\n<p>Ante la presencia de los s\u00edntomas antes descritos, y los posibles antecedentes\u00a0 familiares, los que padecen de drepanocitosis o son portadores, el m\u00e9dico que lo trata, debe indicar una serie de an\u00e1lisis para confirmar o descartar la enfermedad:<\/p>\n<p>Hemograma: se detectan niveles bajos de hemoglobina. \u00a0Al microscopio se observan gl\u00f3bulos rojos en forma de hoz y fragmentos de gl\u00f3bulos rojos destruidos. Los <strong>reticulocitos<\/strong>, que son las formas precoces de los hemat\u00edes, est\u00e1n aumentados, lo que expresa rotura prematura de estas c\u00e9lulas.<\/p>\n<p><strong>Electroforesis de hemoglobina:<\/strong> es otra prueba sangu\u00ednea donde se utiliza una corriente el\u00e9ctrica para separar los diferentes tipos de hemoglobina y se detecta, por lo tanto, la hemoglobina anormal. Este estudio se realiza tanto al paciente como a los padres.<\/p>\n<p>&nbsp;<\/p>\n<p>Puede ser necesario realizar m\u00e1s pruebas, dependiendo de los s\u00edntomas espec\u00edficos que la persona experimenta durante la crisis como una radiograf\u00eda de t\u00f3rax, ultrasonido abdominal, pruebas hep\u00e1ticas, etc.<\/p>\n<h3><a href=\"https:\/\/blogs.sld.cu\/drepanocitosis\/https-blogs-sld-cu-drepanocitosis-%e2%80%8e-mbarazoy-contracepcion\/\">Embarazo y Contracepci\u00f3n<\/a><\/h3>\n<p>&nbsp;<\/p>\n<h3><a href=\"https:\/\/blogs.sld.cu\/drepanocitosis\/https-blogs-sld-cu-drepanocitosis-manejo-general-del-paciente\/\">Manejo general del paciente<\/a><\/h3>\n<p>&nbsp;<\/p>\n<h3><a href=\"https:\/\/blogs.sld.cu\/drepanocitosis\/tratamiento\/\">Tratamiento<\/a><\/h3>\n<p>&nbsp;<\/p>\n<p>&nbsp;<\/p>\n<p>&nbsp;<\/p>\n<p>&nbsp;<\/p>\n","protected":false},"excerpt":{"rendered":"<p>Diagn\u00f3stico &nbsp; Ante la presencia de los s\u00edntomas antes descritos, y los posibles antecedentes\u00a0 familiares, los que padecen de drepanocitosis o son portadores, el m\u00e9dico que lo trata, debe indicar una serie de an\u00e1lisis para confirmar o descartar la enfermedad: Hemograma: se detectan niveles bajos de hemoglobina. \u00a0Al microscopio se observan gl\u00f3bulos rojos en forma [&hellip;]<\/p>\n","protected":false},"author":208,"featured_media":0,"parent":0,"menu_order":0,"comment_status":"closed","ping_status":"closed","template":"","meta":[],"_links":{"self":[{"href":"https:\/\/blogs.sld.cu\/drepanocitosis\/wp-json\/wp\/v2\/pages\/29"}],"collection":[{"href":"https:\/\/blogs.sld.cu\/drepanocitosis\/wp-json\/wp\/v2\/pages"}],"about":[{"href":"https:\/\/blogs.sld.cu\/drepanocitosis\/wp-json\/wp\/v2\/types\/page"}],"author":[{"embeddable":true,"href":"https:\/\/blogs.sld.cu\/drepanocitosis\/wp-json\/wp\/v2\/users\/208"}],"replies":[{"embeddable":true,"href":"https:\/\/blogs.sld.cu\/drepanocitosis\/wp-json\/wp\/v2\/comments?post=29"}],"version-history":[{"count":18,"href":"https:\/\/blogs.sld.cu\/drepanocitosis\/wp-json\/wp\/v2\/pages\/29\/revisions"}],"predecessor-version":[{"id":136,"href":"https:\/\/blogs.sld.cu\/drepanocitosis\/wp-json\/wp\/v2\/pages\/29\/revisions\/136"}],"wp:attachment":[{"href":"https:\/\/blogs.sld.cu\/drepanocitosis\/wp-json\/wp\/v2\/media?parent=29"}],"curies":[{"name":"wp","href":"https:\/\/api.w.org\/{rel}","templated":true}]}}