{"id":65,"date":"2022-01-29T21:10:53","date_gmt":"2022-01-29T21:10:53","guid":{"rendered":"https:\/\/blogs.sld.cu\/ranocitosis\/?page_id=65"},"modified":"2022-01-29T21:29:56","modified_gmt":"2022-01-29T21:29:56","slug":"tratamiento","status":"publish","type":"page","link":"https:\/\/blogs.sld.cu\/drepanocitosis\/tratamiento\/","title":{"rendered":"Tratamiento"},"content":{"rendered":"<p>El tratamiento debe ser ante todo profil\u00e1ctico y de esta forma reducir el riesgo de aparici\u00f3n de complicaciones. Adem\u00e1s de las medidas generales como la ingesti\u00f3n abundante de l\u00edquidos, evitar el fr\u00edo o calor excesivos, la deshidrataci\u00f3n, los esfuerzos f\u00edsicos, el alcohol y el tabaquismo, existen otras de tipo medicamentosas, tales como:<\/p>\n<p><strong>\u00c1cido f\u00f3lico: <\/strong>se debe administrar de por vida en dosis de 1- 5 mg diarios. Este sustituye al que pierde el cuerpo por la continua destrucci\u00f3n y formaci\u00f3n de gl\u00f3bulos rojos.<\/p>\n<p><strong>Hidroxiurea<\/strong>: es un f\u00e1rmaco usado para reducir la formaci\u00f3n de c\u00e9lulas drepanoc\u00edticas, as\u00ed como tambi\u00e9n reducir las principales complicaciones. Es un medicamento que se toma una vez al d\u00eda y el objetivo del tratamiento es incrementar los niveles normales de hemoglobina, aumentando el nivel de hemoglobina fetal (HbF) del paciente.<\/p>\n<p><strong>Penicilina oral:<\/strong> Los ni\u00f1os con drepanocitosis son m\u00e1s susceptibles a sufrir infecciones por <a href=\"https:\/\/es.wikipedia.org\/wiki\/Bacteria\">bacterias<\/a> como el neumococo, que puede causar <a href=\"https:\/\/es.wikipedia.org\/wiki\/Meningitis\">meningitis<\/a>, <a href=\"https:\/\/es.wikipedia.org\/wiki\/Neumon%C3%ADa\">neumon\u00eda<\/a> e infecciones graves. La administraci\u00f3n por v\u00eda oral reduce el riesgo de enfermedad. \u200b Se debe dar desde las primeras consultas hasta los cinco a\u00f1os o incluso prolongarse durante toda la vida si se ha sufrido una infecci\u00f3n neumoc\u00f3cica grave, o si ha sido operado del bazo.<\/p>\n<p><strong>Transfusiones sangu\u00edneas<\/strong>: son necesarias en varias situaciones como la crisis de secuestro, le ca\u00edda importante de hemoglobina, etc.<\/p>\n<p><strong>Exanguinotransfusi\u00f3n<\/strong>: esta consiste en el cambio de sangre del paciente por otra sin la presencia de la alteraci\u00f3n y se realiza en situaciones como las crisis del sistema nervioso central, las afectaciones graves del h\u00edgado y de los pulmones entre otras.<\/p>\n<p>Existen otros medicamentos m\u00e1s recientes, como la <strong>L-glutamina<\/strong>, que mejora la resistencia del hemat\u00ede, el <strong>voxelotor<\/strong>, que hace que la hemoglobina retenga el ox\u00edgeno y de esta forma no se polimerice y el <strong>crizanlizumab<\/strong>, que es un anticuerpo monoclonal que impide que el hemat\u00ede se una al endotelio vascular y as\u00ed evita la obstrucci\u00f3n y crisis dolorosas.<\/p>\n<p><strong>Trasplante de m\u00e9dula \u00f3sea: <\/strong>todos los tratamientos anteriores solo evitan las complicaciones y mejoran el estado del paciente, pero en la actualidad el \u00fanico tratamiento curativo es el trasplante de m\u00e9dula \u00f3sea, proceder que tiene muchos riesgos y el paciente debe contar con un hermano compatible para mejores resultados, aunque se han realizado de otros familiares no totalmente compatibles.<\/p>\n","protected":false},"excerpt":{"rendered":"<p>El tratamiento debe ser ante todo profil\u00e1ctico y de esta forma reducir el riesgo de aparici\u00f3n de complicaciones. Adem\u00e1s de las medidas generales como la ingesti\u00f3n abundante de l\u00edquidos, evitar el fr\u00edo o calor excesivos, la deshidrataci\u00f3n, los esfuerzos f\u00edsicos, el alcohol y el tabaquismo, existen otras de tipo medicamentosas, tales como: \u00c1cido f\u00f3lico: se [&hellip;]<\/p>\n","protected":false},"author":208,"featured_media":0,"parent":0,"menu_order":0,"comment_status":"closed","ping_status":"closed","template":"","meta":[],"_links":{"self":[{"href":"https:\/\/blogs.sld.cu\/drepanocitosis\/wp-json\/wp\/v2\/pages\/65"}],"collection":[{"href":"https:\/\/blogs.sld.cu\/drepanocitosis\/wp-json\/wp\/v2\/pages"}],"about":[{"href":"https:\/\/blogs.sld.cu\/drepanocitosis\/wp-json\/wp\/v2\/types\/page"}],"author":[{"embeddable":true,"href":"https:\/\/blogs.sld.cu\/drepanocitosis\/wp-json\/wp\/v2\/users\/208"}],"replies":[{"embeddable":true,"href":"https:\/\/blogs.sld.cu\/drepanocitosis\/wp-json\/wp\/v2\/comments?post=65"}],"version-history":[{"count":1,"href":"https:\/\/blogs.sld.cu\/drepanocitosis\/wp-json\/wp\/v2\/pages\/65\/revisions"}],"predecessor-version":[{"id":70,"href":"https:\/\/blogs.sld.cu\/drepanocitosis\/wp-json\/wp\/v2\/pages\/65\/revisions\/70"}],"wp:attachment":[{"href":"https:\/\/blogs.sld.cu\/drepanocitosis\/wp-json\/wp\/v2\/media?parent=65"}],"curies":[{"name":"wp","href":"https:\/\/api.w.org\/{rel}","templated":true}]}}