{"id":72,"date":"2022-01-29T21:21:57","date_gmt":"2022-01-29T21:21:57","guid":{"rendered":"https:\/\/blogs.sld.cu\/ranocitosis\/?page_id=72"},"modified":"2022-02-03T21:35:29","modified_gmt":"2022-02-03T21:35:29","slug":"https-blogs-sld-cu-drepanocitosis-%e2%80%8e-mbarazoy-contracepcion","status":"publish","type":"page","link":"https:\/\/blogs.sld.cu\/drepanocitosis\/https-blogs-sld-cu-drepanocitosis-%e2%80%8e-mbarazoy-contracepcion\/","title":{"rendered":"mbarazoy Contracepci\u00f3n"},"content":{"rendered":"<h3><img loading=\"lazy\" class=\"alignnone size-full wp-image-73\" src=\"https:\/\/blogs.sld.cu\/ranocitosis\/files\/2022\/01\/depranocitosis.jpg\" alt=\"Rmbarazo t cobtracepci\u00f1on\" width=\"264\" height=\"191\" srcset=\"https:\/\/blogs.sld.cu\/drepanocitosis\/files\/2022\/01\/depranocitosis.jpg 264w, https:\/\/blogs.sld.cu\/drepanocitosis\/files\/2022\/01\/depranocitosis-250x181.jpg 250w\" sizes=\"(max-width: 264px) 100vw, 264px\" \/><\/h3>\n<p>El embarazo comporta algunos riesgos para la mujer con drepanocitosis y para el feto, pero estos riesgos no son tan grandes como para prohibir un embarazo deseado. Sin embargo, se le debe explicar a la paciente cu\u00e1les son los riesgos y aconsejarle un m\u00e9todo contraceptivo.<\/p>\n<p>El embarazo debe ser seguido en conjunto por el hemat\u00f3logo y el obstetra desde los primeros meses cada 2 semanas y en el \u00faltimo trimestre de forma semanal. Todas las mujeres embarazadas deben recibir de 1mg\/d\u00eda de \u00e1cido f\u00f3lico, adem\u00e1s de vitaminas y minerales. El hierro solo se administrar\u00e1 si se demuestra depleci\u00f3n de los dep\u00f3sitos.<\/p>\n<p>El padre ser\u00e1 estudiado para conocer su electroforesis de hemoglobina y en el caso en que presente alguna alteraci\u00f3n y la familia lo solicite, se realizar\u00e1 el diagn\u00f3stico prenatal en el feto.<\/p>\n<p>Todas las manifestaciones cl\u00ednicas , se tratar\u00e1n igual que en el resto de las embarazadas. Es m\u00e1s frecuente el parto prematuro, la hipertensi\u00f3n, la tromboflebitis, las infecciones urinarias y los abortos espont\u00e1neos, y se tratan igual que enel resto de las embarazadas.<\/p>\n<p>Durante el parto se debe administrar hidrataci\u00f3n parenteral y ox\u00edgeno. Si hay que practicar la ces\u00e1rea se utilizar\u00e1 anestesia general o espinal. Despu\u00e9s del parto es necesario mantener la hidrataci\u00f3n.<\/p>\n","protected":false},"excerpt":{"rendered":"<p>El embarazo comporta algunos riesgos para la mujer con drepanocitosis y para el feto, pero estos riesgos no son tan grandes como para prohibir un embarazo deseado. Sin embargo, se le debe explicar a la paciente cu\u00e1les son los riesgos y aconsejarle un m\u00e9todo contraceptivo. El embarazo debe ser seguido en conjunto por el hemat\u00f3logo [&hellip;]<\/p>\n","protected":false},"author":208,"featured_media":0,"parent":0,"menu_order":0,"comment_status":"closed","ping_status":"closed","template":"","meta":[],"_links":{"self":[{"href":"https:\/\/blogs.sld.cu\/drepanocitosis\/wp-json\/wp\/v2\/pages\/72"}],"collection":[{"href":"https:\/\/blogs.sld.cu\/drepanocitosis\/wp-json\/wp\/v2\/pages"}],"about":[{"href":"https:\/\/blogs.sld.cu\/drepanocitosis\/wp-json\/wp\/v2\/types\/page"}],"author":[{"embeddable":true,"href":"https:\/\/blogs.sld.cu\/drepanocitosis\/wp-json\/wp\/v2\/users\/208"}],"replies":[{"embeddable":true,"href":"https:\/\/blogs.sld.cu\/drepanocitosis\/wp-json\/wp\/v2\/comments?post=72"}],"version-history":[{"count":4,"href":"https:\/\/blogs.sld.cu\/drepanocitosis\/wp-json\/wp\/v2\/pages\/72\/revisions"}],"predecessor-version":[{"id":114,"href":"https:\/\/blogs.sld.cu\/drepanocitosis\/wp-json\/wp\/v2\/pages\/72\/revisions\/114"}],"wp:attachment":[{"href":"https:\/\/blogs.sld.cu\/drepanocitosis\/wp-json\/wp\/v2\/media?parent=72"}],"curies":[{"name":"wp","href":"https:\/\/api.w.org\/{rel}","templated":true}]}}