{"id":76,"date":"2022-01-29T21:29:14","date_gmt":"2022-01-29T21:29:14","guid":{"rendered":"https:\/\/blogs.sld.cu\/ranocitosis\/?page_id=76"},"modified":"2022-02-05T00:28:09","modified_gmt":"2022-02-05T00:28:09","slug":"https-blogs-sld-cu-drepanocitosis-manejo-general-del-paciente","status":"publish","type":"page","link":"https:\/\/blogs.sld.cu\/drepanocitosis\/https-blogs-sld-cu-drepanocitosis-manejo-general-del-paciente\/","title":{"rendered":"Manejo general del paciente"},"content":{"rendered":"<p>El ni\u00f1o en el que se realiza el diagn\u00f3stico prenatal debe ser enviado en el primer mes de vida a la consulta de hematolog\u00eda en la que ser\u00e1 visto con la frecuencia necesaria.<\/p>\n<p>Todos los ni\u00f1os deben ser vacunados contra la hepatitis B; a los 2 a\u00f1os, siempre que sea posible, hay que administrarles la vacuna antineumoc\u00f3ccica polivalente y la antimeningoc\u00f3ccica, con un refuerzo a los 5 a\u00f1os.<\/p>\n<p>Debe recibir lactancia materna y luego, una alimentaci\u00f3n balanceada. No debe administrarse hierro a menos que se compruebe fehacientemente su deficiencia, y es conveniente administrar \u00e1cido f\u00f3lico 1 mg\/d\u00eda. Es necesario que asistan peri\u00f3dicamente al estomat\u00f3logo, al oftalm\u00f3logo y al otorrinolaring\u00f3logo, para detectar precozmente las lesiones visuales o auditivas.\u00a0 Los adolescentes deben conocer sobre los efectos adversos del tabaco y del alcohol y de los m\u00e9todos para practicar el sexo seguro y las posibles complicaciones durante el embarazo y c\u00f3mo evitarlo si no lo desean.<\/p>\n<p>Los padres y los pacientes deben conocer sobre todas las medidas higi\u00e9nico-diet\u00e9ticas que pueden ayudar: ingesti\u00f3n abundante de l\u00edquidos, evitar el fr\u00edo o calor excesivos, la deshidrataci\u00f3n y los esfuerzos f\u00edsicos. No debe prohibirse la pr\u00e1ctica de alg\u00fan deporte, pero \u00e9sta debe ser controlada; no es aconsejable intervenir en competencias.<\/p>\n<p>Es importante vigilar el crecimiento y desarrollo sexual de los pacientes . Los adolescentes deben proteger sus tobillos para evitar traumatismos que precipiten la aparici\u00f3n de \u00falceras. Por ello es conveniente que usen medias, zapatos bajos y mantengan la zona limpia y seca. En este grupo de edad hay que brindar consejo gen\u00e9tico y orientaci\u00f3n vocacional.<\/p>\n<p>Aunque el vuelo en aviones presurizados no suele traer problemas, es preferible utilizar otro medio de transporte, si esto es posible.<\/p>\n<p>En todos los per\u00edodos de la vida es necesario prestar apoyo psicosocial al paciente y a sus familiares. Este apoyo incluye la educaci\u00f3n sobre las caracter\u00edsticas de la enfermedad, la orientaci\u00f3n vocacional, las relaciones con la escuela y el centro de trabajo y la atenci\u00f3n de todas las alteraciones psicol\u00f3gicas que se pueden presentar.<\/p>\n","protected":false},"excerpt":{"rendered":"<p>El ni\u00f1o en el que se realiza el diagn\u00f3stico prenatal debe ser enviado en el primer mes de vida a la consulta de hematolog\u00eda en la que ser\u00e1 visto con la frecuencia necesaria. Todos los ni\u00f1os deben ser vacunados contra la hepatitis B; a los 2 a\u00f1os, siempre que sea posible, hay que administrarles la [&hellip;]<\/p>\n","protected":false},"author":208,"featured_media":0,"parent":0,"menu_order":0,"comment_status":"closed","ping_status":"closed","template":"","meta":[],"_links":{"self":[{"href":"https:\/\/blogs.sld.cu\/drepanocitosis\/wp-json\/wp\/v2\/pages\/76"}],"collection":[{"href":"https:\/\/blogs.sld.cu\/drepanocitosis\/wp-json\/wp\/v2\/pages"}],"about":[{"href":"https:\/\/blogs.sld.cu\/drepanocitosis\/wp-json\/wp\/v2\/types\/page"}],"author":[{"embeddable":true,"href":"https:\/\/blogs.sld.cu\/drepanocitosis\/wp-json\/wp\/v2\/users\/208"}],"replies":[{"embeddable":true,"href":"https:\/\/blogs.sld.cu\/drepanocitosis\/wp-json\/wp\/v2\/comments?post=76"}],"version-history":[{"count":3,"href":"https:\/\/blogs.sld.cu\/drepanocitosis\/wp-json\/wp\/v2\/pages\/76\/revisions"}],"predecessor-version":[{"id":111,"href":"https:\/\/blogs.sld.cu\/drepanocitosis\/wp-json\/wp\/v2\/pages\/76\/revisions\/111"}],"wp:attachment":[{"href":"https:\/\/blogs.sld.cu\/drepanocitosis\/wp-json\/wp\/v2\/media?parent=76"}],"curies":[{"name":"wp","href":"https:\/\/api.w.org\/{rel}","templated":true}]}}