{"id":1503,"date":"2013-05-23T23:16:27","date_gmt":"2013-05-24T03:16:27","guid":{"rendered":"http:\/\/blogviejo.sld.cu\/elierortiz\/?page_id=1503"},"modified":"2021-01-22T15:11:23","modified_gmt":"2021-01-22T15:11:23","slug":"eventos","status":"publish","type":"page","link":"https:\/\/blogs.sld.cu\/elierortiz\/eventos\/","title":{"rendered":"Eventos"},"content":{"rendered":"<p>Dada la situaci\u00f3n epidemiol\u00f3gica mundial quedan suspendidas estas actividades cuando se restablescan, se informar\u00e1<br \/>\noportunamente.<\/p>\n<p>&nbsp;<\/p>\n<p style=\"text-align: right\"><span style=\"color: #0000ff\"><a style=\"color: #0000ff\" href=\"http:\/\/blogs.sld.cu\/elierortiz\/\">Inicio<\/a><\/span><\/p>\n","protected":false},"excerpt":{"rendered":"<p>Dada la situaci\u00f3n epidemiol\u00f3gica mundial quedan suspendidas estas actividades cuando se restablescan, se informar\u00e1 oportunamente. &nbsp; Inicio<\/p>\n","protected":false},"author":127,"featured_media":0,"parent":0,"menu_order":0,"comment_status":"closed","ping_status":"closed","template":"","meta":[],"_links":{"self":[{"href":"https:\/\/blogs.sld.cu\/elierortiz\/wp-json\/wp\/v2\/pages\/1503"}],"collection":[{"href":"https:\/\/blogs.sld.cu\/elierortiz\/wp-json\/wp\/v2\/pages"}],"about":[{"href":"https:\/\/blogs.sld.cu\/elierortiz\/wp-json\/wp\/v2\/types\/page"}],"author":[{"embeddable":true,"href":"https:\/\/blogs.sld.cu\/elierortiz\/wp-json\/wp\/v2\/users\/127"}],"replies":[{"embeddable":true,"href":"https:\/\/blogs.sld.cu\/elierortiz\/wp-json\/wp\/v2\/comments?post=1503"}],"version-history":[{"count":12,"href":"https:\/\/blogs.sld.cu\/elierortiz\/wp-json\/wp\/v2\/pages\/1503\/revisions"}],"predecessor-version":[{"id":1937,"href":"https:\/\/blogs.sld.cu\/elierortiz\/wp-json\/wp\/v2\/pages\/1503\/revisions\/1937"}],"wp:attachment":[{"href":"https:\/\/blogs.sld.cu\/elierortiz\/wp-json\/wp\/v2\/media?parent=1503"}],"curies":[{"name":"wp","href":"https:\/\/api.w.org\/{rel}","templated":true}]}}