{"id":1548,"date":"2013-05-26T21:56:19","date_gmt":"2013-05-27T01:56:19","guid":{"rendered":"http:\/\/blogviejo.sld.cu\/elierortiz\/?page_id=1548"},"modified":"2020-03-17T21:08:21","modified_gmt":"2020-03-17T21:08:21","slug":"indicacion-quirurgica","status":"publish","type":"page","link":"https:\/\/blogs.sld.cu\/elierortiz\/indicacion-quirurgica\/","title":{"rendered":"Indicaci\u00f3n quir\u00fargica"},"content":{"rendered":"<h1><span style=\"color: #0000ff\">El glaucoma Cong\u00e9nito. infantil y juvenil (C.I.J.)<\/span><\/h1>\n<p><span style=\"color: #3366ff\">Siempre es quir\u00fargico<\/span><\/p>\n<h2><span style=\"color: #0000ff\">En el cong\u00e9nito e infantil se puede realizar:<\/span><\/h2>\n<ul>\n<li><span style=\"color: #3366ff\">Goniotom\u00eda<\/span><\/li>\n<li><span style=\"color: #3366ff\">Trabeculotom\u00eda<\/span><\/li>\n<li><span style=\"color: #3366ff\">Trabeculotrabeculectom\u00eda<\/span><\/li>\n<\/ul>\n<h2><span style=\"color: #0000ff\">En el juvenil se puede realizar:<\/span><\/h2>\n<ul>\n<li><span style=\"color: #3366ff\">Trabeculectom\u00eda<\/span><\/li>\n<li><span style=\"color: #3366ff\">Trabeculotrabeculectom\u00eda.<\/span><\/li>\n<\/ul>\n<h2><span style=\"color: #0000ff\">El glaucoma del adulto puede ser de \u00e1ngulo estrecho o abierto<\/span><\/h2>\n<h2><span style=\"color: #0000ff\">El glaucoma de \u00e1ngulo estrecho siempre es quir\u00fargico<\/span><\/h2>\n<ul>\n<li><span style=\"color: #3366ff\">Iridotom\u00eda laser<\/span><\/li>\n<li><span style=\"color: #3366ff\">Iridectom\u00eda perif\u00e9rica<\/span><\/li>\n<li><span style=\"color: #3366ff\">Trabeculectom\u00eda<\/span><\/li>\n<\/ul>\n<p><span style=\"color: #3366ff\"><em>Si es cr\u00f3nico puede realizarse:<\/em><\/span><\/p>\n<ul>\n<li><span style=\"color: #3366ff\">Gonioplastia + trabeculoplastia selectiva<\/span><\/li>\n<li><span style=\"color: #3366ff\">Trabeculectom\u00eda.<\/span><\/li>\n<li><span style=\"color: #3366ff\">Cirug\u00eda no perforante<\/span><\/li>\n<\/ul>\n<h2><span style=\"color: #0000ff\">En el glaucoma de \u00e1ngulo abierto (cr\u00f3nico simple) la decisi\u00f3n quir\u00fargica se toma sobre la base de varios factores.<\/span><\/h2>\n<ul>\n<li><span style=\"color: #3366ff\">Edad<\/span><\/li>\n<li><span style=\"color: #3366ff\">Profesi\u00f3n<\/span><\/li>\n<li><span style=\"color: #3366ff\">Nivel cultural<\/span><\/li>\n<li><span style=\"color: #3366ff\">Ubicaci\u00f3n geogr\u00e1fica<\/span><\/li>\n<li><span style=\"color: #3366ff\">Alteraciones fondosc\u00f3picas<\/span><\/li>\n<li><span style=\"color: #3366ff\">Alteraciones campim\u00e9tricas<\/span><\/li>\n<li><span style=\"color: #3366ff\">Uso de m\u00e1s de un medicamento local<\/span><\/li>\n<li><span style=\"color: #3366ff\">Dependencia de la acetazolmida<\/span><\/li>\n<li><span style=\"color: #3366ff\">Enfermedades asociadas etc.<\/span><\/li>\n<\/ul>\n<p><span style=\"color: #3366ff\"><em>Los factores que hacen tomar una decisi\u00f3n quir\u00fargica en pacientes con tratamiento m\u00e9dico son:<\/em><\/span><\/p>\n<ul>\n<li><span style=\"color: #3366ff\">Aumento de las alteraciones fondosc\u00f3picas<\/span><\/li>\n<li><span style=\"color: #3366ff\">Aumento de las alteraciones campim\u00e9tricas<\/span><\/li>\n<li><span style=\"color: #3366ff\">Elevaci\u00f3n de la tensi\u00f3n ocular que lleve a aumento de la medicaci\u00f3n<\/span><\/li>\n<li><span style=\"color: #3366ff\">Alergia o intoleancia a los medicamentos<\/span><\/li>\n<\/ul>\n<p><span style=\"color: #3366ff\"><em>La operaci\u00f3n indicada puede ser:<\/em><\/span><\/p>\n<ul>\n<li><span style=\"color: #3366ff\">Trabeculoplastia selectiva<\/span><\/li>\n<li><span style=\"color: #3366ff\">Trabeculectom\u00eda<\/span><\/li>\n<li><span style=\"color: #3366ff\">Cirg\u00eda no perforante<\/span><\/li>\n<\/ul>\n<h2><span style=\"color: #0000ff\">En el glaucoma secundario tenemos en cuenta para la decisi\u00f3n\u00a0 quir\u00fargica:<\/span><\/h2>\n<ul>\n<li><span style=\"color: #3366ff\">La enfermedad de base<\/span><\/li>\n<li><span style=\"color: #3366ff\">El estado de la funci\u00f3n visual<\/span><\/li>\n<li><span style=\"color: #3366ff\">Los dem\u00e1s factores que se tienen en cuenta en el glaucoma cr\u00f3nico simple<\/span><\/li>\n<\/ul>\n<p><span style=\"color: #0000ff\"><strong>La elecci\u00f3n de la t\u00e9cnica quir\u00fargica depende de la enfermedad de base o causa del secundarismo:<\/strong><\/span><\/p>\n<ul>\n<li><span style=\"color: #0000ff\"><em>Procesos inflamatorios:<\/em><\/span><\/li>\n<\/ul>\n<p><span style=\"color: #3366ff\">-Termoesclerostom\u00eda (Scheie)<\/span><br \/>\n<span style=\"color: #3366ff\"> -Termoesclerectom\u00eda subescleral<\/span><br \/>\n<span style=\"color: #3366ff\"> -Trabeculectom\u00eda<\/span><\/p>\n<ul>\n<li><span style=\"color: #0000ff\"><em>Por receso traum\u00e1tico del \u00e1ngulo y otros traumas:<\/em><\/span><\/li>\n<\/ul>\n<p><span style=\"color: #3366ff\">-Trabeculectom\u00eda<\/span><\/p>\n<ul>\n<li><span style=\"color: #0000ff\"><em>Afaquia y pseudofaquia:<\/em><\/span><\/li>\n<\/ul>\n<p><span style=\"color: #3366ff\">-Trabeculostom\u00eda<\/span><br \/>\n<span style=\"color: #3366ff\"> -Esclerociclorretracci\u00f3n<\/span><\/p>\n<ul>\n<li><span style=\"color: #0000ff\"><em>Por uso de corticoides:<\/em><\/span><\/li>\n<\/ul>\n<p><span style=\"color: #3366ff\">-Trabeculectom\u00eda<\/span><\/p>\n<ul>\n<li><span style=\"color: #0000ff\"><em>Sindrome de sturge weber:<\/em><\/span><\/li>\n<\/ul>\n<p><span style=\"color: #3366ff\">-Trabeculectom\u00eda<\/span><br \/>\n<span style=\"color: #3366ff\"> -Termoesclerectom\u00eda subescleral<\/span><\/p>\n<ul>\n<li><span style=\"color: #0000ff\"><em>Sindrome de Marf\u00e1n y Marchesani:<\/em><\/span><\/li>\n<\/ul>\n<p><span style=\"color: #3366ff\">-Trabeculectom\u00eda + lensectom\u00eda + vitrectom\u00eda anterior<\/span><br \/>\n<span style=\"color: #3366ff\"> -Trabeculectom\u00eda<\/span><\/p>\n<ul>\n<li><span style=\"color: #0000ff\"><em>M\u00faltiples variantes&#8230;<\/em><\/span><\/li>\n<\/ul>\n<p style=\"text-align: right\"><span style=\"color: #0000ff\"><a style=\"color: #0000ff\" href=\"https:\/\/blogs.sld.cu\/elierortiz\/2013\/05\/26\/tratamiento-quirurgico\/\">Volver<\/a><\/span><\/p>\n","protected":false},"excerpt":{"rendered":"<p>El glaucoma Cong\u00e9nito. infantil y juvenil (C.I.J.) Siempre es quir\u00fargico En el cong\u00e9nito e infantil se puede realizar: Goniotom\u00eda Trabeculotom\u00eda Trabeculotrabeculectom\u00eda En el juvenil se puede realizar: Trabeculectom\u00eda Trabeculotrabeculectom\u00eda. El glaucoma del adulto puede ser de \u00e1ngulo estrecho o abierto El glaucoma de \u00e1ngulo estrecho siempre es quir\u00fargico Iridotom\u00eda laser Iridectom\u00eda perif\u00e9rica Trabeculectom\u00eda Si es [&hellip;]<\/p>\n","protected":false},"author":127,"featured_media":0,"parent":0,"menu_order":0,"comment_status":"closed","ping_status":"closed","template":"","meta":[],"_links":{"self":[{"href":"https:\/\/blogs.sld.cu\/elierortiz\/wp-json\/wp\/v2\/pages\/1548"}],"collection":[{"href":"https:\/\/blogs.sld.cu\/elierortiz\/wp-json\/wp\/v2\/pages"}],"about":[{"href":"https:\/\/blogs.sld.cu\/elierortiz\/wp-json\/wp\/v2\/types\/page"}],"author":[{"embeddable":true,"href":"https:\/\/blogs.sld.cu\/elierortiz\/wp-json\/wp\/v2\/users\/127"}],"replies":[{"embeddable":true,"href":"https:\/\/blogs.sld.cu\/elierortiz\/wp-json\/wp\/v2\/comments?post=1548"}],"version-history":[{"count":3,"href":"https:\/\/blogs.sld.cu\/elierortiz\/wp-json\/wp\/v2\/pages\/1548\/revisions"}],"predecessor-version":[{"id":1812,"href":"https:\/\/blogs.sld.cu\/elierortiz\/wp-json\/wp\/v2\/pages\/1548\/revisions\/1812"}],"wp:attachment":[{"href":"https:\/\/blogs.sld.cu\/elierortiz\/wp-json\/wp\/v2\/media?parent=1548"}],"curies":[{"name":"wp","href":"https:\/\/api.w.org\/{rel}","templated":true}]}}