{"id":1899,"date":"2020-04-08T21:27:27","date_gmt":"2020-04-08T21:27:27","guid":{"rendered":"http:\/\/blogs.sld.cu\/elierortiz\/?page_id=1899"},"modified":"2020-04-08T21:58:24","modified_gmt":"2020-04-08T21:58:24","slug":"acerca-de","status":"publish","type":"page","link":"https:\/\/blogs.sld.cu\/elierortiz\/acerca-de\/","title":{"rendered":"Acerca de"},"content":{"rendered":"<div id=\"attachment_1903\" style=\"width: 160px\" class=\"wp-caption alignleft\"><a href=\"http:\/\/blogs.sld.cu\/elierortiz\/files\/2020\/04\/Elier-21.jpg\"><img aria-describedby=\"caption-attachment-1903\" loading=\"lazy\" class=\"wp-image-1903 size-thumbnail\" src=\"http:\/\/blogs.sld.cu\/elierortiz\/files\/2020\/04\/Elier-21-150x150.jpg\" alt=\"Dr. Elier Ortiz Glez.\" width=\"150\" height=\"150\" \/><\/a><p id=\"caption-attachment-1903\" class=\"wp-caption-text\"><span style=\"color: #0000ff\">Dr. Elier Ortiz Glez.<\/span><\/p><\/div>\n<p><span style=\"color: #0000ff\">EI objetivo fundamental de este blog es facilitar a los residentes de nuestra especialidad, el estudio de los m\u00f3dulos correspondientes en las rotaciones por el Servicio de Glaucoma, abarcando aspectos cl\u00ednicos y quir\u00fagicos de la subespecialidad, y mostrarlos de una forma ilustrativa.<\/span><br \/>\n<span style=\"color: #0000ff\"> El contenido lo he tomado de las conferencias y seminarios que a trav\u00e9s de los a\u00f1os he impartido a nuestros residentes.<\/span><br \/>\n<span style=\"color: #0000ff\"> Espero que este sea un intento m\u00e1s de poder trasmitir los conocimientos adquiridos en la atenci\u00f3n de pacientes glaucomatosos durante mi vida profesional.<\/span><\/p>\n","protected":false},"excerpt":{"rendered":"<p>EI objetivo fundamental de este blog es facilitar a los residentes de nuestra especialidad, el estudio de los m\u00f3dulos correspondientes en las rotaciones por el Servicio de Glaucoma, abarcando aspectos cl\u00ednicos y quir\u00fagicos de la subespecialidad, y mostrarlos de una forma ilustrativa. El contenido lo he tomado de las conferencias y seminarios que a trav\u00e9s [&hellip;]<\/p>\n","protected":false},"author":127,"featured_media":0,"parent":0,"menu_order":0,"comment_status":"open","ping_status":"open","template":"","meta":[],"_links":{"self":[{"href":"https:\/\/blogs.sld.cu\/elierortiz\/wp-json\/wp\/v2\/pages\/1899"}],"collection":[{"href":"https:\/\/blogs.sld.cu\/elierortiz\/wp-json\/wp\/v2\/pages"}],"about":[{"href":"https:\/\/blogs.sld.cu\/elierortiz\/wp-json\/wp\/v2\/types\/page"}],"author":[{"embeddable":true,"href":"https:\/\/blogs.sld.cu\/elierortiz\/wp-json\/wp\/v2\/users\/127"}],"replies":[{"embeddable":true,"href":"https:\/\/blogs.sld.cu\/elierortiz\/wp-json\/wp\/v2\/comments?post=1899"}],"version-history":[{"count":4,"href":"https:\/\/blogs.sld.cu\/elierortiz\/wp-json\/wp\/v2\/pages\/1899\/revisions"}],"predecessor-version":[{"id":1908,"href":"https:\/\/blogs.sld.cu\/elierortiz\/wp-json\/wp\/v2\/pages\/1899\/revisions\/1908"}],"wp:attachment":[{"href":"https:\/\/blogs.sld.cu\/elierortiz\/wp-json\/wp\/v2\/media?parent=1899"}],"curies":[{"name":"wp","href":"https:\/\/api.w.org\/{rel}","templated":true}]}}