{"id":668,"date":"2012-05-03T09:38:23","date_gmt":"2012-05-03T13:38:23","guid":{"rendered":"http:\/\/blogviejo.sld.cu\/elierortiz\/?page_id=668"},"modified":"2020-03-16T21:01:33","modified_gmt":"2020-03-16T21:01:33","slug":"glaucoma-intermitente-de-angulo-cerrado","status":"publish","type":"page","link":"https:\/\/blogs.sld.cu\/elierortiz\/glaucoma-intermitente-de-angulo-cerrado\/","title":{"rendered":"Glaucoma intermitente de \u00e1ngulo cerrado"},"content":{"rendered":"<p><span style=\"color: #3366ff\">En esta forma de glaucoma, el \u00e1ngulo de la c\u00e1mara anterior no est\u00e1 completamente bloqueado\u00a0 (es decir, no est\u00e1 cerrado en todo su recorrido), por lo que el aumento en la PIO es normalmente menos extremo y no dura mucho tiempo<\/span><\/p>\n<h3><span style=\"color: #3366ff\">S\u00edntomas<\/span><\/h3>\n<ul>\n<li><span style=\"color: #3366ff\">Dolor sordo en o alrededor del ojo<\/span><\/li>\n<\/ul>\n<ul>\n<li><span style=\"color: #3366ff\">Dolores de cabeza<\/span><\/li>\n<\/ul>\n<ul>\n<li><span style=\"color: #3366ff\">Perturbaciones visuales transitorias<\/span><\/li>\n<\/ul>\n<ul>\n<li><span style=\"color: #3366ff\">Raras las n\u00e1useas y v\u00f3mitos<\/span><\/li>\n<\/ul>\n<p><span style=\"color: #0000ff\"><em>Estos episodios podr\u00edan ocurrir repetidamente (intermitentemente)<\/em><\/span><br \/>\n<span style=\"color: #0000ff\"> <em> Los episodios continuar\u00e1n ocurriendo si la causa anat\u00f3mica no se elimina<\/em><\/span><\/p>\n<h3><span style=\"color: #3366ff\">Evoluci\u00f3n<\/span><\/h3>\n<p><span style=\"color: #3366ff\">La red trabecular se ve da\u00f1ada permanentemente por el contacto frecuente con el iris, finalmente resulta en una PIO ligeramente elevada, a lo que se le denomina un \u201ccomponente simplex&#8221;. La PIO es elevada, aun cuando el \u00e1ngulo de la c\u00e1mara anterior est\u00e1 abierto. Hay tambi\u00e9n un aumento en la resistencia al drenaje en la red trabecular<\/span><\/p>\n<h3><span style=\"color: #3366ff\">Tratamiento<\/span><\/h3>\n<p><span style=\"color: #0000ff\">Dependiendo del nivel de la PIO y de la morfolog\u00eda del iris<\/span><\/p>\n<ul>\n<li><span style=\"color: #3366ff\">Reducci\u00f3n inicial de la presi\u00f3n intraocular con f\u00e1rmacos<\/span><\/li>\n<\/ul>\n<ul>\n<li><span style=\"color: #3366ff\">Apertura permanente del \u00e1ngulo de la c\u00e1mara:<\/span><\/li>\n<\/ul>\n<ul>\n<li><span style=\"color: #3366ff\">Mi\u00f3ticos<\/span><\/li>\n<\/ul>\n<ul>\n<li><span style=\"color: #3366ff\">Iridotom\u00eda l\u00e1ser<\/span><\/li>\n<\/ul>\n<ul>\n<li><span style=\"color: #3366ff\">Ocasionalmente, el aumento en el tama\u00f1o y espesor del cristalino requiere de su extracci\u00f3n quir\u00fargica<\/span><\/li>\n<\/ul>\n<p style=\"text-align: right\"><span style=\"color: #0000ff\"><a style=\"color: #0000ff\" href=\"http:\/\/blogs.sld.cu\/elierortiz\/los-glaucomas-primarios-de-angulo-cerrado\/\">Volver<\/a><\/span><\/p>\n","protected":false},"excerpt":{"rendered":"<p>En esta forma de glaucoma, el \u00e1ngulo de la c\u00e1mara anterior no est\u00e1 completamente bloqueado\u00a0 (es decir, no est\u00e1 cerrado en todo su recorrido), por lo que el aumento en la PIO es normalmente menos extremo y no dura mucho tiempo S\u00edntomas Dolor sordo en o alrededor del ojo Dolores de cabeza Perturbaciones visuales transitorias [&hellip;]<\/p>\n","protected":false},"author":127,"featured_media":0,"parent":0,"menu_order":0,"comment_status":"closed","ping_status":"closed","template":"","meta":[],"_links":{"self":[{"href":"https:\/\/blogs.sld.cu\/elierortiz\/wp-json\/wp\/v2\/pages\/668"}],"collection":[{"href":"https:\/\/blogs.sld.cu\/elierortiz\/wp-json\/wp\/v2\/pages"}],"about":[{"href":"https:\/\/blogs.sld.cu\/elierortiz\/wp-json\/wp\/v2\/types\/page"}],"author":[{"embeddable":true,"href":"https:\/\/blogs.sld.cu\/elierortiz\/wp-json\/wp\/v2\/users\/127"}],"replies":[{"embeddable":true,"href":"https:\/\/blogs.sld.cu\/elierortiz\/wp-json\/wp\/v2\/comments?post=668"}],"version-history":[{"count":4,"href":"https:\/\/blogs.sld.cu\/elierortiz\/wp-json\/wp\/v2\/pages\/668\/revisions"}],"predecessor-version":[{"id":1798,"href":"https:\/\/blogs.sld.cu\/elierortiz\/wp-json\/wp\/v2\/pages\/668\/revisions\/1798"}],"wp:attachment":[{"href":"https:\/\/blogs.sld.cu\/elierortiz\/wp-json\/wp\/v2\/media?parent=668"}],"curies":[{"name":"wp","href":"https:\/\/api.w.org\/{rel}","templated":true}]}}