{"id":678,"date":"2012-05-03T09:50:53","date_gmt":"2012-05-03T13:50:53","guid":{"rendered":"http:\/\/blogviejo.sld.cu\/elierortiz\/?page_id=678"},"modified":"2020-03-29T21:23:16","modified_gmt":"2020-03-29T21:23:16","slug":"glaucoma-de-bloqueo-ciliar","status":"publish","type":"page","link":"https:\/\/blogs.sld.cu\/elierortiz\/glaucoma-de-bloqueo-ciliar\/","title":{"rendered":"Glaucoma de bloqueo ciliar"},"content":{"rendered":"<p><a href=\"http:\/\/blogs.sld.cu\/elierortiz\/files\/2012\/05\/Imagen11.jpg\"><img loading=\"lazy\" class=\"alignleft size-full wp-image-683\" style=\"border: 2px solid black;margin-left: 10px;margin-right: 10px\" src=\"http:\/\/blogs.sld.cu\/elierortiz\/files\/2012\/05\/Imagen11.jpg\" alt=\"\" width=\"139\" height=\"113\" \/><\/a><\/p>\n<p><span style=\"color: #3366ff\">\u00a0<\/span><\/p>\n<p><span style=\"color: #3366ff\">En el glaucoma de bloqueo ciliar, el humor acuoso es dirigido hacia la c\u00e1mara v\u00edtrea<\/span><\/p>\n<p><span style=\"color: #3366ff\">\u00a0<\/span><\/p>\n<p><span style=\"color: #3366ff\"><a style=\"color: #3366ff\" href=\"http:\/\/blogs.sld.cu\/elierortiz\/files\/2012\/05\/Imagen12.jpg\"><img loading=\"lazy\" class=\"alignright size-full wp-image-684\" style=\"border: 2px solid black;margin-left: 10px;margin-right: 10px\" src=\"http:\/\/blogs.sld.cu\/elierortiz\/files\/2012\/05\/Imagen12.jpg\" alt=\"\" width=\"139\" height=\"114\" \/><\/a><\/span><\/p>\n<p><span style=\"color: #3366ff\">\u00a0<\/span><\/p>\n<p><span style=\"color: #3366ff\">El edema de la c\u00e1mara v\u00edtrea empuja el diafragma del iris hacia delante y lleva al cierre del seno camerular<\/span><\/p>\n<p><span style=\"color: #3366ff\">\u00a0<\/span><\/p>\n<p><span style=\"color: #3366ff\">\u00a0<\/span><\/p>\n<p><span style=\"color: #3366ff\">En esta forma muy rara de glaucoma, el cuerpo ciliar toca el cristalino. Como resultado de esto, parte del humor acuoso se dirige hacia dentro de la cavidad v\u00edtrea en lugar de dirigirse al espacio por delante del cristalino. Esto, a su vez, empuja tanto al iris como al cristalino hacia delante. Como ya se mencion\u00f3, esta situaci\u00f3n es muy infrecuente. Los casos espont\u00e1neos son sumamente raros y las mujeres de edad mediana parecen ser las m\u00e1s afectadas<\/span><\/p>\n<h3><span style=\"color: #3366ff\">Tratamiento<\/span><\/h3>\n<p><span style=\"color: #3366ff\">Se prescriben colirios para dilatar la pupila (ejercen influencia tanto sobre el iris como sobre el cuerpo ciliar e, idealmente, interrumpen el contacto entre el cuerpo ciliar y el cristalino)<\/span><\/p>\n<p><span style=\"color: #3366ff\">Generalmente se requiere un procedimiento quir\u00fargico o l\u00e1ser. (Durante tal operaci\u00f3n, debe realizarse una conexi\u00f3n entre la cavidad v\u00edtrea y la c\u00e1mara posterior y, si es posible, con la c\u00e1mara anterior tambi\u00e9n. Sin embargo, ocasionalmente, debe quitarse el cristalino)<\/span><\/p>\n<p style=\"text-align: right\"><a href=\"https:\/\/blogs.sld.cu\/elierortiz\/\"><span style=\"color: #0000ff\"><strong>Inicio<\/strong><\/span><\/a><\/p>\n","protected":false},"excerpt":{"rendered":"<p>\u00a0 En el glaucoma de bloqueo ciliar, el humor acuoso es dirigido hacia la c\u00e1mara v\u00edtrea \u00a0 \u00a0 El edema de la c\u00e1mara v\u00edtrea empuja el diafragma del iris hacia delante y lleva al cierre del seno camerular \u00a0 \u00a0 En esta forma muy rara de glaucoma, el cuerpo ciliar toca el cristalino. Como resultado [&hellip;]<\/p>\n","protected":false},"author":127,"featured_media":0,"parent":0,"menu_order":0,"comment_status":"closed","ping_status":"closed","template":"","meta":[],"_links":{"self":[{"href":"https:\/\/blogs.sld.cu\/elierortiz\/wp-json\/wp\/v2\/pages\/678"}],"collection":[{"href":"https:\/\/blogs.sld.cu\/elierortiz\/wp-json\/wp\/v2\/pages"}],"about":[{"href":"https:\/\/blogs.sld.cu\/elierortiz\/wp-json\/wp\/v2\/types\/page"}],"author":[{"embeddable":true,"href":"https:\/\/blogs.sld.cu\/elierortiz\/wp-json\/wp\/v2\/users\/127"}],"replies":[{"embeddable":true,"href":"https:\/\/blogs.sld.cu\/elierortiz\/wp-json\/wp\/v2\/comments?post=678"}],"version-history":[{"count":4,"href":"https:\/\/blogs.sld.cu\/elierortiz\/wp-json\/wp\/v2\/pages\/678\/revisions"}],"predecessor-version":[{"id":1872,"href":"https:\/\/blogs.sld.cu\/elierortiz\/wp-json\/wp\/v2\/pages\/678\/revisions\/1872"}],"wp:attachment":[{"href":"https:\/\/blogs.sld.cu\/elierortiz\/wp-json\/wp\/v2\/media?parent=678"}],"curies":[{"name":"wp","href":"https:\/\/api.w.org\/{rel}","templated":true}]}}