{"id":706,"date":"2012-05-03T20:28:29","date_gmt":"2012-05-04T00:28:29","guid":{"rendered":"http:\/\/blogviejo.sld.cu\/elierortiz\/?page_id=706"},"modified":"2020-03-16T21:14:06","modified_gmt":"2020-03-16T21:14:06","slug":"epidemiologia","status":"publish","type":"page","link":"https:\/\/blogs.sld.cu\/elierortiz\/epidemiologia\/","title":{"rendered":"Epidemiolog\u00eda"},"content":{"rendered":"<p><span style=\"color: #3366ff\">El glaucoma primario de \u00e1ngulo abierto es una neuropat\u00eda multifactorial con p\u00e9rdida adquirida caracter\u00edstica de las c\u00e9lulas ganglionares retinales y atrofia del nervio \u00f3ptico y requiere tratamiento, de lo contrario se produce p\u00e9rdida del campo visual progresiva hasta la ceguera<\/span><\/p>\n<p><span style=\"color: #3366ff\">Es el m\u00e1s frecuente de todos los tipos de glaucoma (85%)<\/span><\/p>\n<p><span style=\"color: #3366ff\">El glaucoma primario de \u00e1ngulo abierto es una enfermedad compleja<\/span><\/p>\n<p><span style=\"color: #3366ff\">Su patog\u00e9nesis permanece incierta<\/span><\/p>\n<p><span style=\"color: #0000ff\">Segunda causa de ceguera en el mundo<\/span><\/p>\n<p><span style=\"color: #0000ff\">Primera causa de ceguera no recuperable<\/span><\/p>\n<p><span style=\"color: #3366ff\">Casos en el mundo &#8230;&#8230; 68 millones<\/span><br \/>\n<span style=\"color: #3366ff\"> Ceguera bilateral &#8230;&#8230;&#8230;\u00a0 7 millones<\/span><\/p>\n<p><span style=\"color: #3366ff\">14-16% de la ceguera es por glaucoma<\/span><\/p>\n<p><span style=\"color: #0000ff\">Primera causa de ceguera bilateral en hisp\u00e1nicos en USA<\/span><\/p>\n<h3><span style=\"color: #0000ff\">Magnitud del GPAA en el mundo<\/span><\/h3>\n<ul>\n<li><span style=\"color: #3366ff\">Prevalencia del 2% en mayores de 40 a\u00f1os<\/span><\/li>\n<\/ul>\n<ul>\n<li><span style=\"color: #3366ff\">M\u00e1s frecuente en la raza negra (33.000.000)<\/span><\/li>\n<\/ul>\n<ul>\n<li><span style=\"color: #3366ff\">26.000.000 viven en los pa\u00edses en desarrollo<\/span><\/li>\n<\/ul>\n<ul>\n<li><span style=\"color: #3366ff\">90% no sabe que tiene glaucoma<\/span><\/li>\n<\/ul>\n<ul>\n<li><span style=\"color: #3366ff\">80% de los que quedar\u00e1n ciegos viven en los pa\u00edses en desarrollo<\/span><\/li>\n<\/ul>\n<ul>\n<li><span style=\"color: #3366ff\">El riesgo de ceguera en el GPAA 12-20 a\u00f1os:<\/span><\/li>\n<\/ul>\n<p><span style=\"color: #3366ff\">&#8211; 14.5-27% unilateral<\/span><\/p>\n<p><span style=\"color: #3366ff\">&#8211; 7-9% bilateral<\/span><\/p>\n<p><span style=\"color: #0000ff\">En pa\u00edses desarrollados solo el 50% de los glaucomas son diagn\u00f3sticados<\/span><\/p>\n<p><span style=\"color: #3366ff\">El GPAA ser\u00e1 una de las mayores causas de morbilidad ocular en los pa\u00edses en desarrollo, con una poblaci\u00f3n que crece y aumenta en longevidad<\/span><\/p>\n<p><span style=\"color: #3366ff\">La detecci\u00f3n precoz del glaucoma es extremadamente importante, pues el efecto del tratamiento es m\u00e1s efectivo que en las etapas tard\u00edas, cuando el da\u00f1o ya es muy avanzado.<\/span><\/p>\n<p><span style=\"color: #3366ff\">El diagn\u00f3stico de glaucoma s\u00f3lo es posible cuando se hace un examen oftalmol\u00f3gico<\/span><\/p>\n<h3><span style=\"color: #0000ff\">Problemas en el diagn\u00f3stico y tratamiento<\/span><\/h3>\n<ul>\n<li><span style=\"color: #3366ff\">Falta de educaci\u00f3n a la enfermedad<\/span><\/li>\n<\/ul>\n<ul>\n<li><span style=\"color: #3366ff\">Atenci\u00f3n tard\u00eda<\/span><\/li>\n<\/ul>\n<ul>\n<li><span style=\"color: #3366ff\">El paciente llega en etapa avanzada<\/span><\/li>\n<\/ul>\n<ul>\n<li><span style=\"color: #3366ff\">Evoluci\u00f3n r\u00e1pida del glaucoma<\/span><\/li>\n<\/ul>\n<p style=\"text-align: right\"><span style=\"color: #0000ff\"><a style=\"color: #0000ff\" href=\"http:\/\/blogs.sld.cu\/elierortiz\/glaucoma-primario-de-angulo-abierto\/\">Volver<\/a><\/span><\/p>\n","protected":false},"excerpt":{"rendered":"<p>El glaucoma primario de \u00e1ngulo abierto es una neuropat\u00eda multifactorial con p\u00e9rdida adquirida caracter\u00edstica de las c\u00e9lulas ganglionares retinales y atrofia del nervio \u00f3ptico y requiere tratamiento, de lo contrario se produce p\u00e9rdida del campo visual progresiva hasta la ceguera Es el m\u00e1s frecuente de todos los tipos de glaucoma (85%) El glaucoma primario de [&hellip;]<\/p>\n","protected":false},"author":127,"featured_media":0,"parent":0,"menu_order":0,"comment_status":"closed","ping_status":"closed","template":"","meta":[],"_links":{"self":[{"href":"https:\/\/blogs.sld.cu\/elierortiz\/wp-json\/wp\/v2\/pages\/706"}],"collection":[{"href":"https:\/\/blogs.sld.cu\/elierortiz\/wp-json\/wp\/v2\/pages"}],"about":[{"href":"https:\/\/blogs.sld.cu\/elierortiz\/wp-json\/wp\/v2\/types\/page"}],"author":[{"embeddable":true,"href":"https:\/\/blogs.sld.cu\/elierortiz\/wp-json\/wp\/v2\/users\/127"}],"replies":[{"embeddable":true,"href":"https:\/\/blogs.sld.cu\/elierortiz\/wp-json\/wp\/v2\/comments?post=706"}],"version-history":[{"count":3,"href":"https:\/\/blogs.sld.cu\/elierortiz\/wp-json\/wp\/v2\/pages\/706\/revisions"}],"predecessor-version":[{"id":1801,"href":"https:\/\/blogs.sld.cu\/elierortiz\/wp-json\/wp\/v2\/pages\/706\/revisions\/1801"}],"wp:attachment":[{"href":"https:\/\/blogs.sld.cu\/elierortiz\/wp-json\/wp\/v2\/media?parent=706"}],"curies":[{"name":"wp","href":"https:\/\/api.w.org\/{rel}","templated":true}]}}