{"id":12,"date":"2020-02-06T02:00:57","date_gmt":"2020-02-06T02:00:57","guid":{"rendered":"http:\/\/blogs.sld.cu\/enfermedadesdiarreicas\/?page_id=12"},"modified":"2021-01-28T08:12:27","modified_gmt":"2021-01-28T08:12:27","slug":"mitos","status":"publish","type":"page","link":"https:\/\/blogs.sld.cu\/enfermedadesdiarreicas\/mitos\/","title":{"rendered":"Errores, mitos y&#8230;"},"content":{"rendered":"<p style=\"text-align: justify\"><span style=\"font-size: 10pt;font-family: verdana, geneva\"><strong><span style=\"color: #800000\">Errores, mitos y realidad\u00a0<\/span><\/strong><\/span><\/p>\n<p style=\"text-align: left\"><span style=\"font-size: 10pt;font-family: verdana, geneva\"><strong>Las diarreas solo existen cuando las deposiciones son l\u00edquidas<\/strong>. Es un error muy frecuente referido por los pacientes en consultas. Lamentablemente, una gran parte de los pacientes no identifica una diarrea excepto cuando las deposiciones son l\u00edquidas o semil\u00edquidas, ignorando consistencias semipastosas, incluso pastosas. Toda deposici\u00f3n que no sea moldeada o formada en su consistencia, se debe considerar diarreica. Seg\u00fan la <span style=\"text-decoration: underline\">escala de Bristol<\/span>, las heces 5,6 y 7 son diarreicas.<\/span><\/p>\n<p style=\"text-align: justify\"><span style=\"font-size: 12pt\"><a href=\"http:\/\/blogs.sld.cu\/enfermedadesdiarreicas\/files\/2020\/02\/Escala-de-Bristol.jpg\"><img loading=\"lazy\" class=\" size-full wp-image-75 aligncenter\" src=\"http:\/\/blogs.sld.cu\/enfermedadesdiarreicas\/files\/2020\/02\/Escala-de-Bristol.jpg\" alt=\"Escala de Bristol\" width=\"388\" height=\"500\" srcset=\"https:\/\/blogs.sld.cu\/enfermedadesdiarreicas\/files\/2020\/02\/Escala-de-Bristol.jpg 388w, https:\/\/blogs.sld.cu\/enfermedadesdiarreicas\/files\/2020\/02\/Escala-de-Bristol-233x300.jpg 233w, https:\/\/blogs.sld.cu\/enfermedadesdiarreicas\/files\/2020\/02\/Escala-de-Bristol-250x322.jpg 250w\" sizes=\"(max-width: 388px) 100vw, 388px\" \/><\/a><\/span><\/p>\n<p style=\"text-align: left\"><span style=\"font-size: 10pt;font-family: verdana, geneva\"><strong>Padecer de un <span style=\"text-decoration: underline\">s\u00edndrome de malabsorci\u00f3n intestinal<\/span> por intolerancia a la lactosa:<\/strong> Es un error considerar que ser intolerante a la lactosa significa estar enfermo. El ser humano es el \u00fanico que mantiene el consumo natural de productos l\u00e1cteos de por vida, el resto de los mam\u00edferos se destetan con el crecimiento. En la superficie interna de nuestro <span style=\"text-decoration: underline\">intestino<\/span> (<span style=\"text-decoration: underline\">mucosa<\/span>) existen varias <span style=\"text-decoration: underline\">enzimas<\/span> y entre ellas est\u00e1 la lactasa, encargada de actuar sobre la lactosa (az\u00facar de la leche).<\/span><\/p>\n<p style=\"text-align: left\"><span style=\"font-size: 10pt;font-family: verdana, geneva\">La producci\u00f3n de esta enzima va disminuyendo seg\u00fan los a\u00f1os, y por lo tanto la tolerancia a esta az\u00facar. En ocasiones, luego de una afectaci\u00f3n temporal del intestino, la producci\u00f3n de lactasa puede disminuir bruscamente y no recuperarse m\u00e1s. Es un mito popular y error considerar que luego de una afectaci\u00f3n intestinal, el paciente padezca de un s\u00edndrome de malabsorci\u00f3n intestinal por esta intolerancia.<\/span><\/p>\n<p style=\"text-align: left\"><span style=\"font-size: 10pt;font-family: verdana, geneva\">Ni es un s\u00edndrome de malabsorci\u00f3n cada vez que se tenga un cuadro diarreico, aunque sea cr\u00f3nico (mito), ni es una enfermedad tener diarreas por intolerancia a los l\u00e1cteos en la adultez.\u00a0 El paciente realmente lo que no puede es consumir productos l\u00e1cteos. Evitando estos hace una vida totalmente normal (realidad). En estos casos lo que se busca es a lo que llamamos dosis tolerable, que consiste en que el paciente vaya probando la cantidad de producto l\u00e1cteo que puede consumir en 24 horas sin que le aparezcan s\u00edntomas digestivos asociados (ruido intestinal, distensi\u00f3n, diarreas, etc.).<\/span><\/p>\n","protected":false},"excerpt":{"rendered":"<p>Errores, mitos y realidad\u00a0 Las diarreas solo existen cuando las deposiciones son l\u00edquidas. Es un error muy frecuente referido por los pacientes en consultas. Lamentablemente, una gran parte de los pacientes no identifica una diarrea excepto cuando las deposiciones son l\u00edquidas o semil\u00edquidas, ignorando consistencias semipastosas, incluso pastosas. Toda deposici\u00f3n que no sea moldeada o [&hellip;]<\/p>\n","protected":false},"author":203,"featured_media":0,"parent":0,"menu_order":0,"comment_status":"closed","ping_status":"open","template":"","meta":[],"_links":{"self":[{"href":"https:\/\/blogs.sld.cu\/enfermedadesdiarreicas\/wp-json\/wp\/v2\/pages\/12"}],"collection":[{"href":"https:\/\/blogs.sld.cu\/enfermedadesdiarreicas\/wp-json\/wp\/v2\/pages"}],"about":[{"href":"https:\/\/blogs.sld.cu\/enfermedadesdiarreicas\/wp-json\/wp\/v2\/types\/page"}],"author":[{"embeddable":true,"href":"https:\/\/blogs.sld.cu\/enfermedadesdiarreicas\/wp-json\/wp\/v2\/users\/203"}],"replies":[{"embeddable":true,"href":"https:\/\/blogs.sld.cu\/enfermedadesdiarreicas\/wp-json\/wp\/v2\/comments?post=12"}],"version-history":[{"count":16,"href":"https:\/\/blogs.sld.cu\/enfermedadesdiarreicas\/wp-json\/wp\/v2\/pages\/12\/revisions"}],"predecessor-version":[{"id":333,"href":"https:\/\/blogs.sld.cu\/enfermedadesdiarreicas\/wp-json\/wp\/v2\/pages\/12\/revisions\/333"}],"wp:attachment":[{"href":"https:\/\/blogs.sld.cu\/enfermedadesdiarreicas\/wp-json\/wp\/v2\/media?parent=12"}],"curies":[{"name":"wp","href":"https:\/\/api.w.org\/{rel}","templated":true}]}}