{"id":163,"date":"2020-03-18T14:58:00","date_gmt":"2020-03-18T14:58:00","guid":{"rendered":"http:\/\/blogs.sld.cu\/enfermedadesdiarreicas\/?page_id=163"},"modified":"2020-05-13T22:51:04","modified_gmt":"2020-05-13T22:51:04","slug":"163-2","status":"publish","type":"page","link":"https:\/\/blogs.sld.cu\/enfermedadesdiarreicas\/163-2\/","title":{"rendered":""},"content":{"rendered":"<p><span style=\"font-size: 12pt\"><strong>Enzimas: L<\/strong>as enzimas\u200b\u200b son mol\u00e9culas org\u00e1nicas prote\u00edcas\u00a0 que act\u00faan como catalizadores de reacciones qu\u00edmicas\u200b, es decir, aceleran la velocidad de reacci\u00f3n.<\/span><\/p>\n<p><span style=\"font-size: 12pt\"><strong>Esteroides: <\/strong>Los esteroides son compuestos org\u00e1nicos derivados del n\u00facleo del ciclopentanoperhidrofenantreno o esterano, que se compone de vitaminas y hormonas formando cuatro anillos fusionados, tres con seis \u00e1tomos y uno con cinco; posee en total 17 \u00e1tomos de carbono.<\/span><\/p>\n<p><span style=\"font-size: 12pt\"><strong>Falsos negativos <\/strong>En Medicina es un error por el cual al realizar una exploraci\u00f3n f\u00edsica o una prueba complementaria su resultado es normal o no detecta la alteraci\u00f3n, cuando en realidad hay una enfermedad en el paciente.<\/span><\/p>\n<p><span style=\"font-size: 12pt\"><strong>Falsos positivos <\/strong>Se llama falso positivo al error que resulta tras la realizaci\u00f3n de una prueba o test complementario, an\u00e1lisis de sangre, de orina, entre otros, es decir, el resultado indica la presencia de una enfermedad, o el estado de embarazo de una mujer, cuando en efecto no lo hay.<\/span><\/p>\n<p><span style=\"font-size: 12pt\"><strong>Gluten <\/strong>El gluten es el nombre general que se le da a una prote\u00edna que se encuentra presente en diversos tipos de cereales, desde aquellos m\u00e1s comunes como el trigo, la cebada, la avena y el centeno hasta la escanda, el triticale, la malta, la espelta, el farro y el kamut.<\/span><\/p>\n<p><span style=\"font-size: 12pt\"><strong>H\u00e1bitos alimentarios:\u00a0 <\/strong>El h\u00e1bito alimentario, tambi\u00e9n conocido como r\u00e9gimen alimentario o a veces como dieta, es el conjunto de sustancias alimentarias que se ingieren formando h\u00e1bitos o comportamientos nutricionales de los seres humanos y forma parte de su estilo de vida, proviene del t\u00e9rmino griego d\u00edaita que significa &#8220;modo de vida&#8221;.<\/span><\/p>\n<p><span style=\"font-size: 12pt\"><strong>Hidrolisis:<\/strong> Descomposici\u00f3n de sustancias org\u00e1nicas por acci\u00f3n del agua.<\/span><\/p>\n<p><span style=\"font-size: 12pt\"><strong>Indigesti\u00f3n <\/strong>Malestar en la parte superior del abdomen que se describe como sensaci\u00f3n de ardor, hinchaz\u00f3n o gaseosidad, n\u00e1useas \u00a0o sensaci\u00f3n de saciedad demasiado r\u00e1pido al comenzar a comer.<\/span><\/p>\n<p><span style=\"font-size: 12pt\"><strong>Ingesta: <\/strong>Diccionario m\u00e9dico. f. Material alimenticio o l\u00edquidos que se incorporan al organismo por la boca en un periodo determinado.<\/span><\/p>\n<p><span style=\"font-size: 12pt\"><strong>Inmunocomprometidos\u00a0 <\/strong>Un hu\u00e9sped inmunocomprometido es un paciente que ya sea por su enfermedad de base (por ej. tumores s\u00f3lidos o l\u00edquidos) o por su tratamiento (por ej. quimioterapia o radioterapia) presenta alteraciones en su sistema inmunol\u00f3gico y es susceptible de adquirir infecciones, especialmente intrahospitalarias.<\/span><\/p>\n<p><span style=\"font-size: 12pt\"><a href=\"http:\/\/blogs.sld.cu\/enfermedadesdiarreicas\/files\/2020\/02\/intestino.png\"><img loading=\"lazy\" class=\"alignnone size-full wp-image-129\" src=\"http:\/\/blogs.sld.cu\/enfermedadesdiarreicas\/files\/2020\/02\/intestino.png\" alt=\"intestino\" width=\"229\" height=\"140\" \/><\/a><\/span><\/p>\n<p><span style=\"font-size: 12pt\"><strong>Intestino \u00a0<\/strong>parte muy larga y plegada del tubo digestivo donde tiene lugar la \u00faltima parte de la digesti\u00f3n de los alimentos, se contin\u00faa con el est\u00f3mago y est\u00e1 fotmado por dos partes intestino delgado e intestino grueso. En el intestino del gado tiene lugar la absorci\u00f3n de los nutrientes mientras que en el grueso se absorbe agua mayormente.<\/span><\/p>\n<p><span style=\"font-size: 12pt\"><a href=\"http:\/\/blogs.sld.cu\/enfermedadesdiarreicas\/168-2\/\"><strong>Micronutrientes<\/strong><\/a><\/span><\/p>\n","protected":false},"excerpt":{"rendered":"<p>Enzimas: Las enzimas\u200b\u200b son mol\u00e9culas org\u00e1nicas prote\u00edcas\u00a0 que act\u00faan como catalizadores de reacciones qu\u00edmicas\u200b, es decir, aceleran la velocidad de reacci\u00f3n. Esteroides: Los esteroides son compuestos org\u00e1nicos derivados del n\u00facleo del ciclopentanoperhidrofenantreno o esterano, que se compone de vitaminas y hormonas formando cuatro anillos fusionados, tres con seis \u00e1tomos y uno con cinco; posee en [&hellip;]<\/p>\n","protected":false},"author":208,"featured_media":0,"parent":0,"menu_order":0,"comment_status":"closed","ping_status":"closed","template":"","meta":[],"_links":{"self":[{"href":"https:\/\/blogs.sld.cu\/enfermedadesdiarreicas\/wp-json\/wp\/v2\/pages\/163"}],"collection":[{"href":"https:\/\/blogs.sld.cu\/enfermedadesdiarreicas\/wp-json\/wp\/v2\/pages"}],"about":[{"href":"https:\/\/blogs.sld.cu\/enfermedadesdiarreicas\/wp-json\/wp\/v2\/types\/page"}],"author":[{"embeddable":true,"href":"https:\/\/blogs.sld.cu\/enfermedadesdiarreicas\/wp-json\/wp\/v2\/users\/208"}],"replies":[{"embeddable":true,"href":"https:\/\/blogs.sld.cu\/enfermedadesdiarreicas\/wp-json\/wp\/v2\/comments?post=163"}],"version-history":[{"count":5,"href":"https:\/\/blogs.sld.cu\/enfermedadesdiarreicas\/wp-json\/wp\/v2\/pages\/163\/revisions"}],"predecessor-version":[{"id":266,"href":"https:\/\/blogs.sld.cu\/enfermedadesdiarreicas\/wp-json\/wp\/v2\/pages\/163\/revisions\/266"}],"wp:attachment":[{"href":"https:\/\/blogs.sld.cu\/enfermedadesdiarreicas\/wp-json\/wp\/v2\/media?parent=163"}],"curies":[{"name":"wp","href":"https:\/\/api.w.org\/{rel}","templated":true}]}}