{"id":168,"date":"2020-03-18T15:05:23","date_gmt":"2020-03-18T15:05:23","guid":{"rendered":"http:\/\/blogs.sld.cu\/enfermedadesdiarreicas\/?page_id=168"},"modified":"2020-05-13T22:51:48","modified_gmt":"2020-05-13T22:51:48","slug":"168-2","status":"publish","type":"page","link":"https:\/\/blogs.sld.cu\/enfermedadesdiarreicas\/168-2\/","title":{"rendered":""},"content":{"rendered":"<p style=\"text-align: left\"><span style=\"font-size: 12pt\"><strong>Micronutrientes:\u00a0<\/strong>Los micronutrientes son elementos esenciales que los seres vivos, incluido el ser humano, requieren en peque\u00f1as cantidades a lo largo de la vida para realizar una serie de funciones metab\u00f3licas y fisiol\u00f3gicas para mantener la salud. Para la nutrici\u00f3n humana y animal se consideran como micronutrientes a las vitaminas y minerales. Se llaman as\u00ed porque se requieren diariamente en peque\u00f1as cantidades.<\/span><\/p>\n<p style=\"text-align: left\"><span style=\"font-size: 12pt\"><strong>Morbilidad:\u00a0<\/strong>Es la proporci\u00f3n de seres vivos que enferman en un sitio y tiempo determinado.\u200b Minoritariamente tambi\u00e9n se usa como sin\u00f3nimo morbididad, que etimol\u00f3gicamente es correcto.\u200b<\/span><\/p>\n<p style=\"text-align: left\"><span style=\"font-size: 12pt\"><a href=\"http:\/\/blogs.sld.cu\/enfermedadesdiarreicas\/files\/2020\/02\/111-Intestino-Delgado.-Mucosa.-PAS.-800X-Small1.jpg\"><img loading=\"lazy\" class=\"alignnone  wp-image-149\" src=\"http:\/\/blogs.sld.cu\/enfermedadesdiarreicas\/files\/2020\/02\/111-Intestino-Delgado.-Mucosa.-PAS.-800X-Small1.jpg\" alt=\"111 Intestino Delgado. Mucosa. PAS. 800X (Small)\" width=\"320\" height=\"207\" srcset=\"https:\/\/blogs.sld.cu\/enfermedadesdiarreicas\/files\/2020\/02\/111-Intestino-Delgado.-Mucosa.-PAS.-800X-Small1.jpg 387w, https:\/\/blogs.sld.cu\/enfermedadesdiarreicas\/files\/2020\/02\/111-Intestino-Delgado.-Mucosa.-PAS.-800X-Small1-300x194.jpg 300w, https:\/\/blogs.sld.cu\/enfermedadesdiarreicas\/files\/2020\/02\/111-Intestino-Delgado.-Mucosa.-PAS.-800X-Small1-250x161.jpg 250w\" sizes=\"(max-width: 320px) 100vw, 320px\" \/><\/a><\/span><\/p>\n<p style=\"text-align: left\"><span style=\"font-size: 12pt\"><strong>Mucosas: M<\/strong>embrana interna de los \u00f3rganos huecos como el est\u00f3mago y los \u00a0intestinos, en la que se producen secreciones mucosas. Revestimiento interior h\u00famedo de algunos \u00f3rganos y cavidades del cuerpo (como la nariz, la boca, los pulmones y el est\u00f3mago).<\/span><\/p>\n<p style=\"text-align: left\"><span style=\"font-size: 12pt\"><strong>Probi\u00f3ticos\u00a0<\/strong>Los alimentos probi\u00f3ticos son organismos vivos adicionados que permanecen activos en el intestino en cantidad suficiente como para alterar la microbiota intestinal del hu\u00e9sped, tanto por implantaci\u00f3n como por colonizaci\u00f3n. Pueden tener efectos beneficiosos cuando son ingeridos en cantidades suficientes.<\/span><\/p>\n<p style=\"text-align: left\"><span style=\"font-size: 12pt\"><strong>S\u00edndrome:\u00a0\u00a0<\/strong>Conjunto de s\u00edntomas que ocurren en una enfermedad determinada<\/span><\/p>\n<p style=\"text-align: left\"><span style=\"font-size: 12pt\"><strong>S\u00edndrome de malabsorci\u00f3n\u00a0<\/strong>El s\u00edndrome de malabsorci\u00f3n (absorci\u00f3n deficiente) hace referencia a varios trastornos en los cuales los nutrientes de los alimentos no se absorben adecuadamente en el intestino delgado. La malabsorci\u00f3n causa diarrea, p\u00e9rdida de peso y heces voluminosas y con muy mal olor.<\/span><\/p>\n<p style=\"text-align: left\"><span style=\"font-size: 12pt\"><strong>Sistema nervioso ent\u00e9rico:\u00a0<\/strong>El sistema nervioso ent\u00e9rico (SNE) es una subdivisi\u00f3n del sistema nervioso aut\u00f3nomo que se encarga de controlar directamente el aparato digestivo y advierte sobre el hambre y la saciedad; evita que con los alimentos entren en el cuerpo sustancia invasoras y da\u00f1inas.<\/span><\/p>\n<p style=\"text-align: left\"><span style=\"font-size: 12pt\"><a href=\"http:\/\/blogs.sld.cu\/enfermedadesdiarreicas\/files\/2020\/02\/tractodigestivo.png\"><img loading=\"lazy\" class=\"alignnone size-full wp-image-128\" src=\"http:\/\/blogs.sld.cu\/enfermedadesdiarreicas\/files\/2020\/02\/tractodigestivo.png\" alt=\"tractodigestivo\" width=\"324\" height=\"400\" srcset=\"https:\/\/blogs.sld.cu\/enfermedadesdiarreicas\/files\/2020\/02\/tractodigestivo.png 324w, https:\/\/blogs.sld.cu\/enfermedadesdiarreicas\/files\/2020\/02\/tractodigestivo-243x300.png 243w, https:\/\/blogs.sld.cu\/enfermedadesdiarreicas\/files\/2020\/02\/tractodigestivo-250x309.png 250w\" sizes=\"(max-width: 324px) 100vw, 324px\" \/><\/a><\/span><\/p>\n<p style=\"text-align: left\"><span style=\"font-size: 12pt\"><strong>Tracto digestivo:\u00a0<\/strong>Tambi\u00e9n llamado tracto gastrointestinal, o canal alimentario, es el sistema de \u00f3rganos en los animales multicelulares que consumen alimentos, los digieren para extraer energ\u00eda y nutrientes y expulsar los residuos que quedan.<\/span><\/p>\n<p style=\"text-align: left\"><span style=\"font-size: 12pt\"><a href=\"http:\/\/blogs.sld.cu\/enfermedadesdiarreicas\/files\/2020\/02\/110-Intestino-Delgado.-Mucosa.-1000X1.jpg\"><img loading=\"lazy\" class=\"alignnone  wp-image-126\" src=\"http:\/\/blogs.sld.cu\/enfermedadesdiarreicas\/files\/2020\/02\/110-Intestino-Delgado.-Mucosa.-1000X1.jpg\" alt=\"110 Intestino Delgado. Mucosa. 1000X\" width=\"217\" height=\"163\" srcset=\"https:\/\/blogs.sld.cu\/enfermedadesdiarreicas\/files\/2020\/02\/110-Intestino-Delgado.-Mucosa.-1000X1.jpg 360w, https:\/\/blogs.sld.cu\/enfermedadesdiarreicas\/files\/2020\/02\/110-Intestino-Delgado.-Mucosa.-1000X1-300x225.jpg 300w, https:\/\/blogs.sld.cu\/enfermedadesdiarreicas\/files\/2020\/02\/110-Intestino-Delgado.-Mucosa.-1000X1-250x188.jpg 250w\" sizes=\"(max-width: 217px) 100vw, 217px\" \/><\/a><\/span><\/p>\n<p style=\"text-align: left\"><span style=\"font-size: 12pt\"><strong>Vellosidades intestinales:\u00a0<\/strong>Las vellosidades intestinales son protusiones en forma de dedos de la mucosa intestinal y\u00a0 sobresalen de las paredes del\u00a0 duodeno. Las c\u00e9lulas epiteliales que est\u00e1n presentes en ella tienen a su vez muchas protusiones del citoplasma que se denominan microvellosidades. A pesar de que son muy peque\u00f1as, cumplen un papel esencial en el proceso de la digesti\u00f3n y absorci\u00f3n de los nutrientes, por eso cuando est\u00e1n da\u00f1adas dan lugar a una gran cantidad de consecuencias para nuestro organismo. En el individuo sano las paredes del intestino est\u00e1n recubiertas por las vellosidades intestinales y sus microvellosidades que contribuyen a aumentar la superficie de absorci\u00f3n de los nutrientes que ingerimos y a conducirlos al torrente sangu\u00edneo para que llegue a los \u00f3rganos en funci\u00f3n de sus necesidades.<\/span><\/p>\n<p style=\"text-align: left\"><span style=\"font-size: 12pt\"><strong>V\u00eda parenteral:<\/strong>\u00a0Un medicamento de administraci\u00f3n parenteral se puede aplicar a trav\u00e9s de una vena (intravenosa), un m\u00fasculo (intramuscular) o a trav\u00e9s de la piel (subcut\u00e1nea). La nutrici\u00f3n parenteral se refiere a la alimentaci\u00f3n de una persona por v\u00eda intravenosa. El t\u00e9rmino parenteral hace referencia a la v\u00eda de administraci\u00f3n de los f\u00e1rmacos. Esto es, atravesando una o m\u00e1s capas de la piel o de las membranas mucosas mediante una inyecci\u00f3n.<\/span><\/p>\n<p style=\"text-align: left\"><span style=\"font-size: 12pt\"><strong>\u00a0<\/strong><\/span><\/p>\n<h3 style=\"text-align: left\"><span style=\"color: #800000;font-size: 12pt\"><a style=\"color: #800000\" href=\"http:\/\/glosario.sld.cu\/multilingue\/\" target=\"_blank\">Glosario Multiling\u00fce de T\u00e9rminos m\u00e9dicos<\/a><\/span><\/h3>\n","protected":false},"excerpt":{"rendered":"<p>Micronutrientes:\u00a0Los micronutrientes son elementos esenciales que los seres vivos, incluido el ser humano, requieren en peque\u00f1as cantidades a lo largo de la vida para realizar una serie de funciones metab\u00f3licas y fisiol\u00f3gicas para mantener la salud. Para la nutrici\u00f3n humana y animal se consideran como micronutrientes a las vitaminas y minerales. Se llaman as\u00ed porque [&hellip;]<\/p>\n","protected":false},"author":208,"featured_media":0,"parent":0,"menu_order":0,"comment_status":"closed","ping_status":"closed","template":"","meta":[],"_links":{"self":[{"href":"https:\/\/blogs.sld.cu\/enfermedadesdiarreicas\/wp-json\/wp\/v2\/pages\/168"}],"collection":[{"href":"https:\/\/blogs.sld.cu\/enfermedadesdiarreicas\/wp-json\/wp\/v2\/pages"}],"about":[{"href":"https:\/\/blogs.sld.cu\/enfermedadesdiarreicas\/wp-json\/wp\/v2\/types\/page"}],"author":[{"embeddable":true,"href":"https:\/\/blogs.sld.cu\/enfermedadesdiarreicas\/wp-json\/wp\/v2\/users\/208"}],"replies":[{"embeddable":true,"href":"https:\/\/blogs.sld.cu\/enfermedadesdiarreicas\/wp-json\/wp\/v2\/comments?post=168"}],"version-history":[{"count":4,"href":"https:\/\/blogs.sld.cu\/enfermedadesdiarreicas\/wp-json\/wp\/v2\/pages\/168\/revisions"}],"predecessor-version":[{"id":267,"href":"https:\/\/blogs.sld.cu\/enfermedadesdiarreicas\/wp-json\/wp\/v2\/pages\/168\/revisions\/267"}],"wp:attachment":[{"href":"https:\/\/blogs.sld.cu\/enfermedadesdiarreicas\/wp-json\/wp\/v2\/media?parent=168"}],"curies":[{"name":"wp","href":"https:\/\/api.w.org\/{rel}","templated":true}]}}