{"id":175,"date":"2020-03-18T15:34:25","date_gmt":"2020-03-18T15:34:25","guid":{"rendered":"http:\/\/blogs.sld.cu\/enfermedadesdiarreicas\/?page_id=175"},"modified":"2021-01-28T08:02:36","modified_gmt":"2021-01-28T08:02:36","slug":"tratamiento","status":"publish","type":"page","link":"https:\/\/blogs.sld.cu\/enfermedadesdiarreicas\/tratamiento\/","title":{"rendered":"Tratamiento"},"content":{"rendered":"<p style=\"background: white;margin: 7.5pt 0cm 7.5pt 0cm\"><span style=\"font-family: verdana, geneva;color: #707070;font-size: 10pt\">El principal tratamiento ante los cuadros diarreicos es evitar su evoluci\u00f3n, ya sea tomando medidas higi\u00e9nicas, respetando las dietas establecidas y mantener una correcta hidrataci\u00f3n del paciente.<\/span><\/p>\n<p style=\"background: white;margin: 7.5pt 0cm 7.5pt 0cm\"><span style=\"font-family: verdana, geneva;color: #707070;font-size: 10pt\">Entre las medidas higi\u00e9nicas la m\u00e1s conocida e importante es el lavado de las manos, evitar compartir los utensilios personales de los pacientes y la descontaminaci\u00f3n de los servicios sanitarios luego de la defecaci\u00f3n si se tratase de causas infecciosas.<\/span><\/p>\n<p style=\"background: white;margin: 7.5pt 0cm 7.5pt 0cm\"><span style=\"font-family: verdana, geneva;color: #707070;font-size: 10pt\">En cuanto a la dieta, hay medidas que son v\u00e1lidas para todo cuadro diarreico, sea cual sea su causa. Se trata de evitar alimentos que pueden incrementarlo, destac\u00e1ndose los productos l\u00e1cteos, los alimentos ricos en grasas, salsas y dulces.<\/span><\/p>\n<p style=\"background: white;margin: 7.5pt 0cm 7.5pt 0cm\"><span style=\"font-family: verdana, geneva;color: #707070;font-size: 10pt\">Suspender otros tipos de alimentos sin la orientaci\u00f3n de un especialista puede ocasionar serios trastornos nutricionales que empeorar\u00edan el estado del paciente y su evoluci\u00f3n. Existe la tradici\u00f3n de comenzar a preparar todos los alimentos hervidos en cuanto comienza una dieta, evitando todo tipo de grasas. Es necesario conocer que las vitaminas A, D, E y K son liposolubles, y necesitan de alguna grasa en la dieta para ser incorporadas al cuerpo durante la absorci\u00f3n.<\/span><\/p>\n<p style=\"background: white;margin: 7.5pt 0cm 7.5pt 0cm\"><span style=\"font-family: verdana, geneva;color: #707070;font-size: 10pt\">Otra costumbre popular es la administraci\u00f3n de vitaminas por v\u00eda parenteral en cuadros diarreicos de m\u00e1s de 7 d\u00edas. Si el paciente no presenta un s\u00edndrome de malabsorci\u00f3n intestinal, no tiene impedimento para absorber las vitaminas, minerales y resto de nutrientes por v\u00eda digestiva fisiol\u00f3gicamente. Una sobredosificaci\u00f3n de vitaminas por el empleo de estas v\u00edas puede presentar complicaciones adicionales.<\/span><\/p>\n<p style=\"background: white;margin: 7.5pt 0cm 7.5pt 0cm\"><span style=\"font-family: verdana, geneva;color: #707070;font-size: 10pt\">Una vez atendido el paciente por personal m\u00e9dico, luego de ser comprobada su hidrataci\u00f3n, este y solo \u00e9l, puede indicarle la dieta correcta y algunos medicamentos si fuesen necesarios, como los antidiarreicos (loperamida, etc.) y antimicrobianos.<\/span><\/p>\n<p style=\"background: white;margin: 7.5pt 0cm 7.5pt 0cm\"><span style=\"font-size: 10pt;font-family: verdana, geneva\"><a title=\"Complicaciones\" href=\"http:\/\/blogs.sld.cu\/enfermedadesdiarreicas\/complicaciones\/\"><span style=\"color: #62000f\">Complicaciones<\/span><\/a><\/span><\/p>\n<p style=\"text-align: left\"><span style=\"font-size: 10pt;font-family: verdana, geneva\">\u00a0<\/span><\/p>\n","protected":false},"excerpt":{"rendered":"<p>El principal tratamiento ante los cuadros diarreicos es evitar su evoluci\u00f3n, ya sea tomando medidas higi\u00e9nicas, respetando las dietas establecidas y mantener una correcta hidrataci\u00f3n del paciente. Entre las medidas higi\u00e9nicas la m\u00e1s conocida e importante es el lavado de las manos, evitar compartir los utensilios personales de los pacientes y la descontaminaci\u00f3n de los [&hellip;]<\/p>\n","protected":false},"author":208,"featured_media":0,"parent":0,"menu_order":0,"comment_status":"closed","ping_status":"open","template":"","meta":[],"_links":{"self":[{"href":"https:\/\/blogs.sld.cu\/enfermedadesdiarreicas\/wp-json\/wp\/v2\/pages\/175"}],"collection":[{"href":"https:\/\/blogs.sld.cu\/enfermedadesdiarreicas\/wp-json\/wp\/v2\/pages"}],"about":[{"href":"https:\/\/blogs.sld.cu\/enfermedadesdiarreicas\/wp-json\/wp\/v2\/types\/page"}],"author":[{"embeddable":true,"href":"https:\/\/blogs.sld.cu\/enfermedadesdiarreicas\/wp-json\/wp\/v2\/users\/208"}],"replies":[{"embeddable":true,"href":"https:\/\/blogs.sld.cu\/enfermedadesdiarreicas\/wp-json\/wp\/v2\/comments?post=175"}],"version-history":[{"count":10,"href":"https:\/\/blogs.sld.cu\/enfermedadesdiarreicas\/wp-json\/wp\/v2\/pages\/175\/revisions"}],"predecessor-version":[{"id":329,"href":"https:\/\/blogs.sld.cu\/enfermedadesdiarreicas\/wp-json\/wp\/v2\/pages\/175\/revisions\/329"}],"wp:attachment":[{"href":"https:\/\/blogs.sld.cu\/enfermedadesdiarreicas\/wp-json\/wp\/v2\/media?parent=175"}],"curies":[{"name":"wp","href":"https:\/\/api.w.org\/{rel}","templated":true}]}}