{"id":184,"date":"2020-03-20T06:52:41","date_gmt":"2020-03-20T06:52:41","guid":{"rendered":"http:\/\/blogs.sld.cu\/enfermedadesdiarreicas\/?page_id=184"},"modified":"2020-05-13T23:35:44","modified_gmt":"2020-05-13T23:35:44","slug":"otras-preguntas","status":"publish","type":"page","link":"https:\/\/blogs.sld.cu\/enfermedadesdiarreicas\/otras-preguntas\/","title":{"rendered":"otras preguntas"},"content":{"rendered":"<p><span style=\"font-size: 12pt\"><strong>\u00bfQu\u00e9 causas desencadenan las enfermedades diarreicas?<\/strong><\/span><\/p>\n<p><span style=\"font-size: 12pt\"><strong>\u00bfQu\u00e9 duraci\u00f3n pueden tener los episodios diarreicos?<\/strong><\/span><\/p>\n<p><span style=\"font-size: 12pt\"><strong>\u00bfCu\u00e1les son las principales v\u00edas de transmisi\u00f3n?<\/strong><\/span><\/p>\n<p><span style=\"font-size: 12pt\"><strong>\u00bfLos signos y s\u00edntomas son similares en todos los pacientes, o se vinculan\u00a0 con el agente causal de la diarrea?<\/strong><\/span><\/p>\n<p><span style=\"font-size: 12pt\"><strong>\u00bfEn qu\u00e9 momento consultar al m\u00e9dico, sobre todo si se trata de un ni\u00f1o, un adolescente o una persona de la Tercera Edad?<\/strong><\/span><\/p>\n<p><span style=\"font-size: 12pt\"><strong>\u00bfSe debe tomar alguna medida de urgencia antes incluso de acudir al m\u00e9dico?<\/strong><\/span><\/p>\n<p><span style=\"font-size: 12pt\"><strong>Qu\u00e9 remedios caseros se pueden utilizar\u00a0 \u00f3 alg\u00fan medicamento&#8230;<\/strong><\/span><\/p>\n<p><span style=\"font-size: 12pt\"><strong>\u00bfEn qu\u00e9 dosis y con qu\u00e9 frecuencia deben ser suministrados los l\u00edquidos? \u00bfQu\u00e9 tipos de l\u00edquidos? \u00bfComo es mejor fr\u00edos, o calientes?<\/strong><\/span><\/p>\n<p><span style=\"font-size: 12pt\"><strong>\u00bfY\u00a0 las Sales de Rehidrataci\u00f3n Oral (SRO)?<\/strong><\/span><\/p>\n<p><span style=\"font-size: 12pt\"><strong>\u00bfNo cumplir las indicaciones m\u00e9dicas puede comportar alg\u00fan riesgo para la vida?<\/strong><\/span><\/p>\n<p><span style=\"font-size: 12pt\"><strong>\u00bfQu\u00e9 medidas de prevenci\u00f3n nos sugiere?<\/strong><\/span><\/p>\n<p><span style=\"font-size: 12pt\"><strong>\u00bfQu\u00e9 alimentos se pueden ingerit cuando h<\/strong>ay episodios diarreicos?<\/span><\/p>\n<div class=\"kp-blk cUnQKe Wnoohf OJXvsb\">\n<div class=\"xpdopen\">\n<div class=\"ifM9O\">\n<div id=\"_m_ZXXqrUF828tgXX552gAg14\" class=\"feCgPc q1kEvb vsXRLb y yf\">\n<div class=\"related-question-pair\">\n<div id=\"_m_ZXXqrUF828tgXX552gAg16\" class=\"mWyH1d kno-atc\">\n<div id=\"_m_ZXXqrUF828tgXX552gAg22\"><span style=\"font-size: 12pt\">\u00bfQu\u00e9 significa tener diarrea l\u00edquida?<\/span><\/div>\n<\/div>\n<\/div>\n<\/div>\n<\/div>\n<\/div>\n<\/div>\n<div class=\"g\">\n<div>\n<div class=\"rc\">\n<div class=\"r\">\n<p class=\"LC20lb DKV0Md\"><span style=\"font-size: 12pt\">\u00a0\u00bfPor qu\u00e9 me da diarrea tan seguido?<\/span><\/p>\n<\/div>\n<\/div>\n<\/div>\n<\/div>\n<div class=\"related-question-pair\">\n<div id=\"_m_ZXXqrUF828tgXX552gAg25\" class=\"gy6Qzb kno-ahide\">\n<div>\n<div id=\"_m_ZXXqrUF828tgXX552gAg27\">\n<div class=\"g\">\n<div>\n<div class=\"rc\">\n<div class=\"r\">\n<p class=\"LC20lb DKV0Md\"><span style=\"font-size: 12pt\">\u00a0\u00bfPor qu\u00e9 da diarrea y v\u00f3mitos?<\/span><\/p>\n<\/div>\n<\/div>\n<\/div>\n<\/div>\n<\/div>\n<\/div>\n<\/div>\n<\/div>\n<div class=\"related-question-pair\"><span style=\"font-size: 12pt\">\u00a0<\/span><\/div>\n","protected":false},"excerpt":{"rendered":"<p>\u00bfQu\u00e9 causas desencadenan las enfermedades diarreicas? \u00bfQu\u00e9 duraci\u00f3n pueden tener los episodios diarreicos? \u00bfCu\u00e1les son las principales v\u00edas de transmisi\u00f3n? \u00bfLos signos y s\u00edntomas son similares en todos los pacientes, o se vinculan\u00a0 con el agente causal de la diarrea? \u00bfEn qu\u00e9 momento consultar al m\u00e9dico, sobre todo si se trata de un ni\u00f1o, un [&hellip;]<\/p>\n","protected":false},"author":208,"featured_media":0,"parent":0,"menu_order":0,"comment_status":"closed","ping_status":"closed","template":"","meta":[],"_links":{"self":[{"href":"https:\/\/blogs.sld.cu\/enfermedadesdiarreicas\/wp-json\/wp\/v2\/pages\/184"}],"collection":[{"href":"https:\/\/blogs.sld.cu\/enfermedadesdiarreicas\/wp-json\/wp\/v2\/pages"}],"about":[{"href":"https:\/\/blogs.sld.cu\/enfermedadesdiarreicas\/wp-json\/wp\/v2\/types\/page"}],"author":[{"embeddable":true,"href":"https:\/\/blogs.sld.cu\/enfermedadesdiarreicas\/wp-json\/wp\/v2\/users\/208"}],"replies":[{"embeddable":true,"href":"https:\/\/blogs.sld.cu\/enfermedadesdiarreicas\/wp-json\/wp\/v2\/comments?post=184"}],"version-history":[{"count":3,"href":"https:\/\/blogs.sld.cu\/enfermedadesdiarreicas\/wp-json\/wp\/v2\/pages\/184\/revisions"}],"predecessor-version":[{"id":287,"href":"https:\/\/blogs.sld.cu\/enfermedadesdiarreicas\/wp-json\/wp\/v2\/pages\/184\/revisions\/287"}],"wp:attachment":[{"href":"https:\/\/blogs.sld.cu\/enfermedadesdiarreicas\/wp-json\/wp\/v2\/media?parent=184"}],"curies":[{"name":"wp","href":"https:\/\/api.w.org\/{rel}","templated":true}]}}