{"id":188,"date":"2020-03-20T20:44:39","date_gmt":"2020-03-20T20:44:39","guid":{"rendered":"http:\/\/blogs.sld.cu\/enfermedadesdiarreicas\/?page_id=188"},"modified":"2020-05-13T22:53:10","modified_gmt":"2020-05-13T22:53:10","slug":"188-2","status":"publish","type":"page","link":"https:\/\/blogs.sld.cu\/enfermedadesdiarreicas\/188-2\/","title":{"rendered":""},"content":{"rendered":"<p style=\"text-align: left\"><strong>\u00bfEs una o son m\u00faltiples las causas que la desencadenan la diarrea?<\/strong><\/p>\n<p style=\"text-align: left\">Son m\u00faltiples, y pueden ser infecciosas o no infecciosas. La no infecciosa es el resultado de transgresiones diet\u00e9ticas (comer en demas\u00eda, por ejemplo), o por malos h\u00e1bitos alimentarios: la administraci\u00f3n a los ni\u00f1os de leche mal preparada. En cuanto a las infecciosas, frecuentes en nuestros ardientes veranos, son las producidas por par\u00e1sitos y bacterias; y por virus en nuestros benignos inviernos.<\/p>\n<p style=\"text-align: left\"><strong>\u00bfCu\u00e1les son las principales v\u00edas de transmisi\u00f3n?<\/strong><\/p>\n<p style=\"text-align: left\">Una sola v\u00eda, la fecal-oral, a trav\u00e9s de alimentos y aguas contaminadas con heces.<\/p>\n<p style=\"text-align: left\"><strong>\u00bfLos signos y s\u00edntomas son similares en todos los pacientes, o se vinculan estrechamente con el agente causal de la diarrea?<\/strong><\/p>\n<p style=\"text-align: left\">S\u00ed, son similares. Cl\u00ednicamente el agente causal se sospecha atendiendo a la presencia o no de sangre en las diarreas.<\/p>\n<p style=\"text-align: left\"><strong>\u00bfEn qu\u00e9 momento consultar al m\u00e9dico, teniendo en cuenta sobre todo si se trata de un ni\u00f1o, un adolescente o una persona de la Tercera Edad?<\/strong><\/p>\n<p style=\"text-align: left\">Los ni\u00f1os y los ancianos principalmente deben de acudir al m\u00e9dico en cuanto se les presente la primera manifestaci\u00f3n de la enfermedad, la diarrea, acompa\u00f1ada o no de v\u00f3mitos, fiebre y malestar general.<\/p>\n<p style=\"text-align: left\"><strong>\u00bfSugiere la adopci\u00f3n de alguna medida de urgencia antes incluso de acudir al m\u00e9dico? Remedios caseros, alg\u00fan medicamento&#8230;<\/strong><\/p>\n<p style=\"text-align: left\">Lo vital es aumentar la ingesti\u00f3n de l\u00edquidos y mantener la alimentaci\u00f3n. No deben administrarse remedios caseros y menos a\u00fan antibi\u00f3ticos sin prescripci\u00f3n facultativa.<\/p>\n<p style=\"text-align: left\"><strong>\u00bfEn qu\u00e9 dosis y con qu\u00e9 frecuencia deben ser suministrados los l\u00edquidos? \u00bfFr\u00edos, calientes?<\/strong><\/p>\n<p style=\"text-align: left\">Los l\u00edquidos como el agua com\u00fan, la de coco, jugos de frutas naturales, pueden ingerirse a libre demanda del paciente, como tambi\u00e9n sopas y caldos, fr\u00edos o calientes, como m\u00e1s apetezca. Fundamentalmente en ni\u00f1os est\u00e1n contraindicados el t\u00e9 negro o de hojas verdes y los refrescos.<\/p>\n<p style=\"text-align: left\"><strong>\u00bfY en cuanto a las Sales de Rehidrataci\u00f3n Oral (SRO)?<\/strong><\/p>\n<p style=\"text-align: left\">Si contamos en casa con las SRO, al iniciarse el primer episodio de diarrea debe administrarse a los ni\u00f1os una onza por cada diarrea l\u00edquida que presente, y si se amamanta, mantenerle la lactancia materna. Los adultos pueden tomar un litro al d\u00eda, en dependencia de la frecuencia y el volumen de las diarreas. Es importante conocer que las SRO no curan la diarrea, sino previenen solo la deshidrataci\u00f3n.<\/p>\n<p style=\"text-align: left\"><strong>\u00bfEl dejar para &#8220;luego&#8221; la atenci\u00f3n o simplemente no cumplir estrictamente las indicaciones m\u00e9dicas puede comportar alg\u00fan riesgo para la vida?<\/strong><\/p>\n<p style=\"text-align: left\">La complicaci\u00f3n m\u00e1s com\u00fan y temida es la deshidrataci\u00f3n, y cuando el paciente deja de comer a largo plazo se puede asociar con la desnutrici\u00f3n.<\/p>\n<p style=\"text-align: left\"><strong>\u00bfQu\u00e9 medidas de prevenci\u00f3n nos sugiere?<\/strong><\/p>\n<p style=\"text-align: left\">Las afecciones diarreicas est\u00e1n asociadas al agua que bebemos, a pr\u00e1cticas inadecuadas de manipulaci\u00f3n de alimentos y a la falta de saneamiento ambiental. Es esencial por ello cuidar del agua que tomamos (hervirla si es posible), lavarse las manos con frecuencia, lavar frutas y verduras antes de comerlas, y cocinar bien la carne, aves y pescados.<\/p>\n<p style=\"text-align: left\">\n","protected":false},"excerpt":{"rendered":"<p>\u00bfEs una o son m\u00faltiples las causas que la desencadenan la diarrea? Son m\u00faltiples, y pueden ser infecciosas o no infecciosas. La no infecciosa es el resultado de transgresiones diet\u00e9ticas (comer en demas\u00eda, por ejemplo), o por malos h\u00e1bitos alimentarios: la administraci\u00f3n a los ni\u00f1os de leche mal preparada. En cuanto a las infecciosas, frecuentes [&hellip;]<\/p>\n","protected":false},"author":208,"featured_media":0,"parent":0,"menu_order":0,"comment_status":"closed","ping_status":"closed","template":"","meta":[],"_links":{"self":[{"href":"https:\/\/blogs.sld.cu\/enfermedadesdiarreicas\/wp-json\/wp\/v2\/pages\/188"}],"collection":[{"href":"https:\/\/blogs.sld.cu\/enfermedadesdiarreicas\/wp-json\/wp\/v2\/pages"}],"about":[{"href":"https:\/\/blogs.sld.cu\/enfermedadesdiarreicas\/wp-json\/wp\/v2\/types\/page"}],"author":[{"embeddable":true,"href":"https:\/\/blogs.sld.cu\/enfermedadesdiarreicas\/wp-json\/wp\/v2\/users\/208"}],"replies":[{"embeddable":true,"href":"https:\/\/blogs.sld.cu\/enfermedadesdiarreicas\/wp-json\/wp\/v2\/comments?post=188"}],"version-history":[{"count":6,"href":"https:\/\/blogs.sld.cu\/enfermedadesdiarreicas\/wp-json\/wp\/v2\/pages\/188\/revisions"}],"predecessor-version":[{"id":269,"href":"https:\/\/blogs.sld.cu\/enfermedadesdiarreicas\/wp-json\/wp\/v2\/pages\/188\/revisions\/269"}],"wp:attachment":[{"href":"https:\/\/blogs.sld.cu\/enfermedadesdiarreicas\/wp-json\/wp\/v2\/media?parent=188"}],"curies":[{"name":"wp","href":"https:\/\/api.w.org\/{rel}","templated":true}]}}