{"id":2,"date":"2020-01-17T16:16:48","date_gmt":"2020-01-17T16:16:48","guid":{"rendered":"http:\/\/blogs.sld.cu\/enfermedadesdiarreicas\/?page_id=2"},"modified":"2021-01-28T07:50:13","modified_gmt":"2021-01-28T07:50:13","slug":"pagina-ejemplo","status":"publish","type":"page","link":"https:\/\/blogs.sld.cu\/enfermedadesdiarreicas\/pagina-ejemplo\/","title":{"rendered":"Acerca de"},"content":{"rendered":"<div id=\"attachment_212\" style=\"width: 157px\" class=\"wp-caption alignleft\"><a href=\"http:\/\/blogs.sld.cu\/enfermedadesdiarreicas\/files\/2020\/01\/oscarito.jpg\"><img aria-describedby=\"caption-attachment-212\" loading=\"lazy\" class=\" wp-image-212\" src=\"http:\/\/blogs.sld.cu\/enfermedadesdiarreicas\/files\/2020\/01\/oscarito.jpg\" alt=\"Dr Oscar M. Villa Jim\u00e9nez\" width=\"147\" height=\"216\" \/><\/a><p id=\"caption-attachment-212\" class=\"wp-caption-text\"><span style=\"font-size: 12pt\">Dr Oscar M. Villa Jim\u00e9nez<\/span><\/p><\/div>\n<p><span style=\"font-size: 10pt;font-family: verdana, geneva\">Este sitio forma parte del\u00a0Portal de Enfermedades\u00a0de Infomed,\u00a0Centro Nacional de Informaci\u00f3n de Ciencias M\u00e9dicas, que est\u00e1 constituido por un grupo de personas e instituciones que trabajan para que la\u00a0informaci\u00f3n y el conocimiento de salud lleguen a todos.<\/span><\/p>\n<p><span style=\"font-size: 10pt;font-family: verdana, geneva\">Los que nos visiten, pueden encontrar informaci\u00f3n acerca de las enfermedades diarreicas, que son muy frecuentes y que pueden ser controladas tomando una serie de medidas higi\u00e9nico sanitarias.<\/span><\/p>\n<p><span style=\"font-size: 10pt;font-family: verdana, geneva\">El editor del sitio es el D<strong>r. Oscar\u00a0M. Villa Jim\u00e9nez<\/strong>, profesor e investigador agregado de la Universidad de Ciencias M\u00e9dicas de La Habana y\u00a0especialista en Gastroenterolog\u00eda, que\u00a0 de forma educativa e interactiva responder\u00e1\u00a0las preguntas y explicar\u00e1 lo que puede hacer para\u00a0controlar\u00a0la diarrea si la padeces, o encontrar informaci\u00f3n que lo pueda ayudar a prevenirla.<\/span><\/p>\n","protected":false},"excerpt":{"rendered":"<p>Este sitio forma parte del\u00a0Portal de Enfermedades\u00a0de Infomed,\u00a0Centro Nacional de Informaci\u00f3n de Ciencias M\u00e9dicas, que est\u00e1 constituido por un grupo de personas e instituciones que trabajan para que la\u00a0informaci\u00f3n y el conocimiento de salud lleguen a todos. Los que nos visiten, pueden encontrar informaci\u00f3n acerca de las enfermedades diarreicas, que son muy frecuentes y que [&hellip;]<\/p>\n","protected":false},"author":203,"featured_media":0,"parent":0,"menu_order":0,"comment_status":"closed","ping_status":"closed","template":"","meta":[],"_links":{"self":[{"href":"https:\/\/blogs.sld.cu\/enfermedadesdiarreicas\/wp-json\/wp\/v2\/pages\/2"}],"collection":[{"href":"https:\/\/blogs.sld.cu\/enfermedadesdiarreicas\/wp-json\/wp\/v2\/pages"}],"about":[{"href":"https:\/\/blogs.sld.cu\/enfermedadesdiarreicas\/wp-json\/wp\/v2\/types\/page"}],"author":[{"embeddable":true,"href":"https:\/\/blogs.sld.cu\/enfermedadesdiarreicas\/wp-json\/wp\/v2\/users\/203"}],"replies":[{"embeddable":true,"href":"https:\/\/blogs.sld.cu\/enfermedadesdiarreicas\/wp-json\/wp\/v2\/comments?post=2"}],"version-history":[{"count":13,"href":"https:\/\/blogs.sld.cu\/enfermedadesdiarreicas\/wp-json\/wp\/v2\/pages\/2\/revisions"}],"predecessor-version":[{"id":324,"href":"https:\/\/blogs.sld.cu\/enfermedadesdiarreicas\/wp-json\/wp\/v2\/pages\/2\/revisions\/324"}],"wp:attachment":[{"href":"https:\/\/blogs.sld.cu\/enfermedadesdiarreicas\/wp-json\/wp\/v2\/media?parent=2"}],"curies":[{"name":"wp","href":"https:\/\/api.w.org\/{rel}","templated":true}]}}