{"id":208,"date":"2020-04-05T23:35:39","date_gmt":"2020-04-05T23:35:39","guid":{"rendered":"http:\/\/blogs.sld.cu\/enfermedadesdiarreicas\/?page_id=208"},"modified":"2021-01-28T08:04:55","modified_gmt":"2021-01-28T08:04:55","slug":"complicaciones","status":"publish","type":"page","link":"https:\/\/blogs.sld.cu\/enfermedadesdiarreicas\/complicaciones\/","title":{"rendered":"Complicaciones"},"content":{"rendered":"<p style=\"background: white;margin: 7.5pt 0cm 7.5pt 0cm\"><span style=\"font-family: verdana, geneva;color: #707070;font-size: 10pt\">Las diarreas de causas comunes generalmente son autolimitadas. No obstante, hasta estas, si no son bien atendidas, pueden presentar complicaciones.<\/span><\/p>\n<p style=\"background: white;margin: 7.5pt 0cm 7.5pt 0cm\"><span style=\"font-family: verdana, geneva;color: #707070;font-size: 10pt\">La principal complicaci\u00f3n de un cuadro diarreico es la deshidrataci\u00f3n, y a su vez, todas las complicaciones que esta \u00faltima provoca, incluyendo lamentablemente, la muerte.<\/span><\/p>\n<p style=\"background: white;margin: 7.5pt 0cm 7.5pt 0cm\"><span style=\"font-family: verdana, geneva;color: #707070;font-size: 10pt\">Curiosamente, otra complicaci\u00f3n de la diarrea es provocar m\u00e1s diarrea, pues cuando se superan los 15 d\u00edas y se hacen persistentes, ya comienzan a afectarse las vellosidades intestinales y resto de la mucosa intestinal, con la consiguiente p\u00e9rdida de absorci\u00f3n de l\u00edquidos y micronutrientes, y la secreci\u00f3n de agua y electr\u00f3litos. En ambos casos existen p\u00e9rdidas importantes que empeoran el estado general del paciente.<\/span><\/p>\n<p style=\"background: white;margin: 7.5pt 0cm 7.5pt 0cm\"><span style=\"font-family: verdana, geneva;color: #707070;font-size: 10pt\">Un episodio diarreico prolongado no bien estudiado o tratado, irremediablemente terminar\u00e1 en un cuadro diarreico cr\u00f3nico con desnutrici\u00f3n. Esto no significa que un paciente tenga un s\u00edndrome de malabsorci\u00f3n. La p\u00e9rdida de peso no es sin\u00f3nimo de malabsorci\u00f3n. Un paciente puede perder m\u00e1s que lo que absorbe por los da\u00f1os en la mucosa que pueda tener o por mala nutrici\u00f3n. La principal causa de la p\u00e9rdida de peso en un paciente con trastornos digestivos, es el evitar comer por temor a empeorar su cuadro cl\u00ednico.<\/span><\/p>\n<p style=\"background: white;margin: 7.5pt 0cm 7.5pt 0cm\"><span style=\"font-family: verdana, geneva;color: #707070;font-size: 10pt\">Otra complicaci\u00f3n de un cuadro diarreico, pero desde el punto de vista epidemiol\u00f3gico, es expandir una enfermedad diarreica infecciosa por no ser reportada a tiempo. De esta forma se pone en riesgo a otros integrantes de la familia, compa\u00f1eros de trabajo, incluso hasta personas desconocidas por transmisi\u00f3n en servicios y transportes p\u00fablicos.<\/span><\/p>\n<p style=\"background: white;margin: 7.5pt 0cm 7.5pt 0cm\"><span style=\"font-family: verdana, geneva;color: #707070;font-size: 10pt\">\u00a0<\/span><\/p>\n","protected":false},"excerpt":{"rendered":"<p>Las diarreas de causas comunes generalmente son autolimitadas. No obstante, hasta estas, si no son bien atendidas, pueden presentar complicaciones. La principal complicaci\u00f3n de un cuadro diarreico es la deshidrataci\u00f3n, y a su vez, todas las complicaciones que esta \u00faltima provoca, incluyendo lamentablemente, la muerte. Curiosamente, otra complicaci\u00f3n de la diarrea es provocar m\u00e1s diarrea, [&hellip;]<\/p>\n","protected":false},"author":208,"featured_media":0,"parent":0,"menu_order":0,"comment_status":"closed","ping_status":"closed","template":"","meta":[],"_links":{"self":[{"href":"https:\/\/blogs.sld.cu\/enfermedadesdiarreicas\/wp-json\/wp\/v2\/pages\/208"}],"collection":[{"href":"https:\/\/blogs.sld.cu\/enfermedadesdiarreicas\/wp-json\/wp\/v2\/pages"}],"about":[{"href":"https:\/\/blogs.sld.cu\/enfermedadesdiarreicas\/wp-json\/wp\/v2\/types\/page"}],"author":[{"embeddable":true,"href":"https:\/\/blogs.sld.cu\/enfermedadesdiarreicas\/wp-json\/wp\/v2\/users\/208"}],"replies":[{"embeddable":true,"href":"https:\/\/blogs.sld.cu\/enfermedadesdiarreicas\/wp-json\/wp\/v2\/comments?post=208"}],"version-history":[{"count":7,"href":"https:\/\/blogs.sld.cu\/enfermedadesdiarreicas\/wp-json\/wp\/v2\/pages\/208\/revisions"}],"predecessor-version":[{"id":330,"href":"https:\/\/blogs.sld.cu\/enfermedadesdiarreicas\/wp-json\/wp\/v2\/pages\/208\/revisions\/330"}],"wp:attachment":[{"href":"https:\/\/blogs.sld.cu\/enfermedadesdiarreicas\/wp-json\/wp\/v2\/media?parent=208"}],"curies":[{"name":"wp","href":"https:\/\/api.w.org\/{rel}","templated":true}]}}