{"id":242,"date":"2020-05-08T02:50:11","date_gmt":"2020-05-08T02:50:11","guid":{"rendered":"http:\/\/blogs.sld.cu\/enfermedadesdiarreicas\/?page_id=242"},"modified":"2021-01-28T07:30:04","modified_gmt":"2021-01-28T07:30:04","slug":"bienvenida-2","status":"publish","type":"page","link":"https:\/\/blogs.sld.cu\/enfermedadesdiarreicas\/","title":{"rendered":"Bienvenidos"},"content":{"rendered":"<p><span style=\"font-size: 10pt;font-family: verdana, geneva\">Al Sitio de las Enfermedades diarreicas del Portal de Enfermedades de Infomed. <\/span><\/p>\n<p><span style=\"font-size: 10pt;font-family: verdana, geneva\">Este sitio est\u00e1 dedicado a la poblaci\u00f3n en general, los pacientes y sus familiares, para que puedan encontrar en \u00e9l,\u00a0 los aspectos m\u00e1s frecuentes de las enfermedades diarreicas, sus causas y s\u00edntomas, c\u00f3mo se realiza el diagn\u00f3stico y el tratamiento requerido.<\/span><\/p>\n<p><span style=\"font-size: 10pt;font-family: verdana, geneva\">Las enfermedades diarreicas son frecuentes en determinadas \u00e9pocas del a\u00f1o y constituyen\u00a0 la segunda causa de ausentismo escolar y laboral en el mundo, solo superada por las infecciones respiratorias.<\/span><\/p>\n<p><span style=\"font-size: 10pt;font-family: verdana, geneva\">\u00a0<\/span><\/p>\n","protected":false},"excerpt":{"rendered":"<p>Al Sitio de las Enfermedades diarreicas del Portal de Enfermedades de Infomed. Este sitio est\u00e1 dedicado a la poblaci\u00f3n en general, los pacientes y sus familiares, para que puedan encontrar en \u00e9l,\u00a0 los aspectos m\u00e1s frecuentes de las enfermedades diarreicas, sus causas y s\u00edntomas, c\u00f3mo se realiza el diagn\u00f3stico y el tratamiento requerido. Las enfermedades [&hellip;]<\/p>\n","protected":false},"author":208,"featured_media":0,"parent":0,"menu_order":0,"comment_status":"closed","ping_status":"closed","template":"","meta":[],"_links":{"self":[{"href":"https:\/\/blogs.sld.cu\/enfermedadesdiarreicas\/wp-json\/wp\/v2\/pages\/242"}],"collection":[{"href":"https:\/\/blogs.sld.cu\/enfermedadesdiarreicas\/wp-json\/wp\/v2\/pages"}],"about":[{"href":"https:\/\/blogs.sld.cu\/enfermedadesdiarreicas\/wp-json\/wp\/v2\/types\/page"}],"author":[{"embeddable":true,"href":"https:\/\/blogs.sld.cu\/enfermedadesdiarreicas\/wp-json\/wp\/v2\/users\/208"}],"replies":[{"embeddable":true,"href":"https:\/\/blogs.sld.cu\/enfermedadesdiarreicas\/wp-json\/wp\/v2\/comments?post=242"}],"version-history":[{"count":11,"href":"https:\/\/blogs.sld.cu\/enfermedadesdiarreicas\/wp-json\/wp\/v2\/pages\/242\/revisions"}],"predecessor-version":[{"id":318,"href":"https:\/\/blogs.sld.cu\/enfermedadesdiarreicas\/wp-json\/wp\/v2\/pages\/242\/revisions\/318"}],"wp:attachment":[{"href":"https:\/\/blogs.sld.cu\/enfermedadesdiarreicas\/wp-json\/wp\/v2\/media?parent=242"}],"curies":[{"name":"wp","href":"https:\/\/api.w.org\/{rel}","templated":true}]}}