{"id":249,"date":"2020-05-08T03:23:30","date_gmt":"2020-05-08T03:23:30","guid":{"rendered":"http:\/\/blogs.sld.cu\/enfermedadesdiarreicas\/?page_id=249"},"modified":"2021-01-28T07:56:58","modified_gmt":"2021-01-28T07:56:58","slug":"principales-causas","status":"publish","type":"page","link":"https:\/\/blogs.sld.cu\/enfermedadesdiarreicas\/principales-causas\/","title":{"rendered":"Principales causas"},"content":{"rendered":"<p style=\"background: white;margin: 7.5pt 0cm 7.5pt 0cm\"><span style=\"font-family: verdana, geneva;color: #707070;font-size: 10pt\">Las causas de diarreas son numerosas y muy variables incluso en las caracter\u00edsticas del cuadro diarreico. Sin embargo, existen algunas que se destacan m\u00e1s que otras, siendo las m\u00e1s importantes las provocadas por g\u00e9rmenes infecciosos de la v\u00eda digestiva (virus, par\u00e1sitos, bacterias, etc.) y las contaminaciones alimentarias (infecciosas o no).<\/span><\/p>\n<p style=\"background: white;margin: 7.5pt 0cm 7.5pt 0cm\"><span style=\"font-family: verdana, geneva;color: #707070;font-size: 10pt\">Existen otras causas como son el abuso de medicamentos anti\u00e1cidos y antimicrobianos (antibi\u00f3ticos, antiparasitarios, antif\u00fangicos, etc.).<\/span><\/p>\n<p style=\"background: white;margin: 7.5pt 0cm 7.5pt 0cm\"><span style=\"font-family: verdana, geneva;color: #707070;font-size: 10pt\">Tambi\u00e9n se debe recordar que un gran porciento de diarreas son manifestaciones digestivas de otras causas no digestivas, por lo que siempre es prudente acudir a un servicio m\u00e9dico y no automedicarse.<\/span><\/p>\n<p style=\"background: white;margin: 7.5pt 0cm 7.5pt 0cm\"><span style=\"font-family: verdana, geneva;color: #707070;font-size: 10pt\">Es muy importante la\u00a0<strong>Escala de Bristol<\/strong>\u00a0cuando hablamos\u00a0de diarrea<\/span><\/p>\n<p style=\"background: white;margin: 7.5pt 0cm 7.5pt 0cm\"><span style=\"font-family: 'Verdana','sans-serif';color: #707070\">\u00a0<\/span><\/p>\n<p><span style=\"font-size: 12pt\"><a href=\"http:\/\/blogs.sld.cu\/enfermedadesdiarreicas\/files\/2020\/02\/Escala-de-Bristol.jpg\"><img loading=\"lazy\" class=\"alignnone size-full wp-image-75\" src=\"http:\/\/blogs.sld.cu\/enfermedadesdiarreicas\/files\/2020\/02\/Escala-de-Bristol.jpg\" alt=\"Escala de Bristol\" width=\"388\" height=\"500\" srcset=\"https:\/\/blogs.sld.cu\/enfermedadesdiarreicas\/files\/2020\/02\/Escala-de-Bristol.jpg 388w, https:\/\/blogs.sld.cu\/enfermedadesdiarreicas\/files\/2020\/02\/Escala-de-Bristol-233x300.jpg 233w, https:\/\/blogs.sld.cu\/enfermedadesdiarreicas\/files\/2020\/02\/Escala-de-Bristol-250x322.jpg 250w\" sizes=\"(max-width: 388px) 100vw, 388px\" \/><\/a><\/span><\/p>\n<p><span style=\"font-size: 12pt\">\u00a0<\/span><\/p>\n","protected":false},"excerpt":{"rendered":"<p>Las causas de diarreas son numerosas y muy variables incluso en las caracter\u00edsticas del cuadro diarreico. Sin embargo, existen algunas que se destacan m\u00e1s que otras, siendo las m\u00e1s importantes las provocadas por g\u00e9rmenes infecciosos de la v\u00eda digestiva (virus, par\u00e1sitos, bacterias, etc.) y las contaminaciones alimentarias (infecciosas o no). Existen otras causas como son [&hellip;]<\/p>\n","protected":false},"author":208,"featured_media":0,"parent":0,"menu_order":0,"comment_status":"closed","ping_status":"closed","template":"","meta":[],"_links":{"self":[{"href":"https:\/\/blogs.sld.cu\/enfermedadesdiarreicas\/wp-json\/wp\/v2\/pages\/249"}],"collection":[{"href":"https:\/\/blogs.sld.cu\/enfermedadesdiarreicas\/wp-json\/wp\/v2\/pages"}],"about":[{"href":"https:\/\/blogs.sld.cu\/enfermedadesdiarreicas\/wp-json\/wp\/v2\/types\/page"}],"author":[{"embeddable":true,"href":"https:\/\/blogs.sld.cu\/enfermedadesdiarreicas\/wp-json\/wp\/v2\/users\/208"}],"replies":[{"embeddable":true,"href":"https:\/\/blogs.sld.cu\/enfermedadesdiarreicas\/wp-json\/wp\/v2\/comments?post=249"}],"version-history":[{"count":4,"href":"https:\/\/blogs.sld.cu\/enfermedadesdiarreicas\/wp-json\/wp\/v2\/pages\/249\/revisions"}],"predecessor-version":[{"id":327,"href":"https:\/\/blogs.sld.cu\/enfermedadesdiarreicas\/wp-json\/wp\/v2\/pages\/249\/revisions\/327"}],"wp:attachment":[{"href":"https:\/\/blogs.sld.cu\/enfermedadesdiarreicas\/wp-json\/wp\/v2\/media?parent=249"}],"curies":[{"name":"wp","href":"https:\/\/api.w.org\/{rel}","templated":true}]}}