{"id":256,"date":"2020-05-08T03:32:53","date_gmt":"2020-05-08T03:32:53","guid":{"rendered":"http:\/\/blogs.sld.cu\/enfermedadesdiarreicas\/?page_id=256"},"modified":"2021-01-28T08:10:32","modified_gmt":"2021-01-28T08:10:32","slug":"estas-en-riesgo","status":"publish","type":"page","link":"https:\/\/blogs.sld.cu\/enfermedadesdiarreicas\/estas-en-riesgo\/","title":{"rendered":"\u00bfEst\u00e1s en riesgo?"},"content":{"rendered":"<h3><span style=\"font-size: 10pt;font-family: verdana, geneva\"><strong>Enfermedades asociadas:<\/strong><\/span><\/h3>\n<p><span style=\"font-size: 10pt;font-family: verdana, geneva\">Existen causas de diarreas que se asocian a otras patolog\u00edas y que siempre deben tenerse en cuenta para su pronto diagn\u00f3stico y tratamiento. El m\u00e9dico de asistencia seguro indagar\u00e1 por estas y por algunos tratamientos que pueda tener por las mismas.<\/span><\/p>\n<p><span style=\"font-size: 10pt;font-family: verdana, geneva\">En el caso de las enfermedades metab\u00f3licas, se destacan la diabetes mellitus y los trastornos del funcionamiento de la gl\u00e1ndula tiroides. En la diabetes, tanto los efectos de la cronicidad de la enfermedad sobre el tracto digestivo como sus tratamientos (metformina) pueden provocar diarreas cr\u00f3nicas. Por otro lado, cuando existe hiper o hipotiroidismo, se altera principalmente el movimiento del tracto digestivo y, por ende, alteraciones en la digesti\u00f3n, transporte, absorci\u00f3n y eliminaci\u00f3n del producto de la alimentaci\u00f3n.<\/span><\/p>\n<p><span style=\"font-size: 10pt;font-family: verdana, geneva\">En los trastornos neurol\u00f3gicos y enfermedades infiltrativas existen alteraciones funcionales y org\u00e1nicas que impiden igualmente el correcto procesamiento de los alimentos. En estos trastornos tambi\u00e9n se emplean medicamentos que tanto act\u00faan sobre el sistema nervioso central y perif\u00e9rico, as\u00ed mismo act\u00faan sobre el sistema nervioso ent\u00e9rico, m\u00e1s conocido como \u201ccerebro intestinal\u201d.<\/span><\/p>\n<p><span style=\"font-size: 10pt;font-family: verdana, geneva\">En aquellas enfermedades en que se emplean esteroides o antiinflamatorios de forma cr\u00f3nica, tambi\u00e9n puede aparecer diarreas por el da\u00f1o directo de estos f\u00e1rmacos en la mucosa de todo el tracto digestivo.<\/span><\/p>\n<p><span style=\"font-size: 10pt;font-family: verdana, geneva\">Sin embargo, existen un grupo de enfermedades conocidas como autoinmunes que cuando existen y el paciente comienza con un cuadro diarreico importante o cr\u00f3nico, orientan al personal m\u00e9dico hacia algunas causas m\u00e1s espec\u00edficas. Por ejemplo, la artritis reumatoide, uve\u00edtis, tiroiditis, hepatitis autoinmunes, entre otras, obligan a realizar estudios para el diagn\u00f3stico de una posible enfermedad inflamatoria intestinal (colitis ulcerosa o enfermedad de Crohn) o de la enfermedad cel\u00edaca, principalmente.<\/span><\/p>\n","protected":false},"excerpt":{"rendered":"<p>Enfermedades asociadas: Existen causas de diarreas que se asocian a otras patolog\u00edas y que siempre deben tenerse en cuenta para su pronto diagn\u00f3stico y tratamiento. El m\u00e9dico de asistencia seguro indagar\u00e1 por estas y por algunos tratamientos que pueda tener por las mismas. En el caso de las enfermedades metab\u00f3licas, se destacan la diabetes mellitus [&hellip;]<\/p>\n","protected":false},"author":208,"featured_media":0,"parent":0,"menu_order":0,"comment_status":"closed","ping_status":"closed","template":"","meta":[],"_links":{"self":[{"href":"https:\/\/blogs.sld.cu\/enfermedadesdiarreicas\/wp-json\/wp\/v2\/pages\/256"}],"collection":[{"href":"https:\/\/blogs.sld.cu\/enfermedadesdiarreicas\/wp-json\/wp\/v2\/pages"}],"about":[{"href":"https:\/\/blogs.sld.cu\/enfermedadesdiarreicas\/wp-json\/wp\/v2\/types\/page"}],"author":[{"embeddable":true,"href":"https:\/\/blogs.sld.cu\/enfermedadesdiarreicas\/wp-json\/wp\/v2\/users\/208"}],"replies":[{"embeddable":true,"href":"https:\/\/blogs.sld.cu\/enfermedadesdiarreicas\/wp-json\/wp\/v2\/comments?post=256"}],"version-history":[{"count":4,"href":"https:\/\/blogs.sld.cu\/enfermedadesdiarreicas\/wp-json\/wp\/v2\/pages\/256\/revisions"}],"predecessor-version":[{"id":332,"href":"https:\/\/blogs.sld.cu\/enfermedadesdiarreicas\/wp-json\/wp\/v2\/pages\/256\/revisions\/332"}],"wp:attachment":[{"href":"https:\/\/blogs.sld.cu\/enfermedadesdiarreicas\/wp-json\/wp\/v2\/media?parent=256"}],"curies":[{"name":"wp","href":"https:\/\/api.w.org\/{rel}","templated":true}]}}