{"id":34,"date":"2020-02-09T19:46:24","date_gmt":"2020-02-09T19:46:24","guid":{"rendered":"http:\/\/blogs.sld.cu\/enfermedadesdiarreicas\/?page_id=34"},"modified":"2021-01-28T07:47:45","modified_gmt":"2021-01-28T07:47:45","slug":"glosario","status":"publish","type":"page","link":"https:\/\/blogs.sld.cu\/enfermedadesdiarreicas\/glosario\/","title":{"rendered":"Glosario"},"content":{"rendered":"<p><span style=\"font-size: 12pt\"><a href=\"http:\/\/blogs.sld.cu\/enfermedadesdiarreicas\/files\/2020\/02\/libro.gif\"><img loading=\"lazy\" class=\"alignnone size-full wp-image-35\" src=\"http:\/\/blogs.sld.cu\/enfermedadesdiarreicas\/files\/2020\/02\/libro.gif\" alt=\"libro\" width=\"105\" height=\"93\" \/><\/a><\/span><\/p>\n<p style=\"text-align: left\"><span style=\"font-size: 10pt;font-family: verdana, geneva\">En este espacio encontrar\u00e1s los glosarios de t\u00e9rminos m\u00e9dicos y de las enfermedades diarreicas en particular.<\/span><\/p>\n<h3 style=\"text-align: left\"><span style=\"font-size: 10pt;font-family: verdana, geneva\">Glosario de enfermedades del sistema digestivo<\/span><\/h3>\n<p style=\"text-align: left\"><span style=\"font-size: 10pt;font-family: verdana, geneva\"><strong>Absorci\u00f3n: <\/strong>En biolog\u00eda consiste en el paso de sustancias (alimentos digeridos, agua, sales y vitaminas) a trav\u00e9s de la mucosa intestinal hasta la sangre o la linfa.<\/span><\/p>\n<p style=\"text-align: left\"><span style=\"font-size: 10pt;font-family: verdana, geneva\"><strong>Antinflamatorios: <\/strong>Los medicamentos antiinflamatorios no esteroideos (AINE) reducen la fiebre y la inflamaci\u00f3n y alivian el dolor. Los ejemplos de AINE incluyen la aspirina, el ibuprofeno y el naproxeno.<\/span><\/p>\n<p style=\"text-align: left\"><span style=\"font-size: 10pt;font-family: verdana, geneva\"><strong>Antimicrobianos:\u00a0 <\/strong>Los antimicrobianos se definen, como medicamentos que destruyen los microorganismos o impiden su multiplicaci\u00f3n o desarrollo (1). Estos f\u00e1rmacos, se dividen en antibacterianos, antivirales, antimic\u00f3ticos, antimicobacterianos, antiparasitarios y antirretrovirales.<\/span><\/p>\n<p style=\"text-align: left\"><span style=\"font-size: 10pt;font-family: verdana, geneva\"><strong>Autoinmune:\u00a0 <\/strong>Enfermedad en la que el sistema inmunol\u00f3gico del cuerpo ataca a las c\u00e9lulas sanas. como artritis reumatoide, enfermedad reumatoide cr\u00f3nica, enfermedad cel\u00edaca.<\/span><\/p>\n<p style=\"text-align: left\"><span style=\"font-size: 10pt;font-family: verdana, geneva\"><strong>Deposiciones: <\/strong>Evacuaci\u00f3n de las heces fecales ( excrementos).<\/span><\/p>\n<p style=\"text-align: left\"><span style=\"font-size: 10pt;font-family: verdana, geneva\"><strong>Deshidrataci\u00f3n: <\/strong>P\u00e9rdida del agua que contiene una sustancia, un organismo o un tejido org\u00e1nico.<\/span><\/p>\n<p style=\"text-align: left\"><span style=\"font-size: 10pt;font-family: verdana, geneva\"><strong>Desnutrici\u00f3n: <\/strong>Es un estado patol\u00f3gico de distintos grados de seriedad y de distintas manifestaciones cl\u00ednicas, causado por la asimilaci\u00f3n deficiente de alimentos por el organismo.<\/span><\/p>\n<p style=\"text-align: left\"><span style=\"font-size: 10pt;font-family: verdana, geneva\"><strong>Digesti\u00f3n: <\/strong>Proceso de transformaci\u00f3n por hidrolisis de los alimentos en mol\u00e9culas suficientemente peque\u00f1as (nutrientes) para que atraviesen la membrana plasm\u00e1tica por v\u00eda mec\u00e1nica o qu\u00edmica.\u200b En este proceso participan diferentes tipos de enzimas.<\/span><\/p>\n<p style=\"text-align: left\"><span style=\"font-size: 10pt;font-family: verdana, geneva\"><strong>Electrolitos:<\/strong> Los electr\u00f3litos son minerales presentes en la sangre y otros l\u00edquidos corporales que llevan una carga el\u00e9ctrica.<br \/>\n<\/span><\/p>\n<p style=\"text-align: left\"><span style=\"font-size: 10pt;font-family: verdana, geneva\"><strong>Enfermedad cel\u00edaca: <\/strong>La enfermedad cel\u00edaca es una afecci\u00f3n del sistema inmunitario en la que las personas no pueden consumir gluten porque da\u00f1a su intestino delgado. El gluten es una prote\u00edna presente en el trigo, cebada y centeno. &#8230; La enfermedad cel\u00edaca afecta a cada persona de manera diferente.<\/span><\/p>\n<p style=\"text-align: left\"><span style=\"font-size: 10pt;font-family: verdana, geneva\"><a href=\"http:\/\/blogs.sld.cu\/enfermedadesdiarreicas\/163-2\/\"><strong>Enzimas\u00a0<\/strong><\/a><\/span><\/p>\n","protected":false},"excerpt":{"rendered":"<p>En este espacio encontrar\u00e1s los glosarios de t\u00e9rminos m\u00e9dicos y de las enfermedades diarreicas en particular. Glosario de enfermedades del sistema digestivo Absorci\u00f3n: En biolog\u00eda consiste en el paso de sustancias (alimentos digeridos, agua, sales y vitaminas) a trav\u00e9s de la mucosa intestinal hasta la sangre o la linfa. Antinflamatorios: Los medicamentos antiinflamatorios no esteroideos [&hellip;]<\/p>\n","protected":false},"author":203,"featured_media":0,"parent":0,"menu_order":0,"comment_status":"closed","ping_status":"open","template":"","meta":[],"_links":{"self":[{"href":"https:\/\/blogs.sld.cu\/enfermedadesdiarreicas\/wp-json\/wp\/v2\/pages\/34"}],"collection":[{"href":"https:\/\/blogs.sld.cu\/enfermedadesdiarreicas\/wp-json\/wp\/v2\/pages"}],"about":[{"href":"https:\/\/blogs.sld.cu\/enfermedadesdiarreicas\/wp-json\/wp\/v2\/types\/page"}],"author":[{"embeddable":true,"href":"https:\/\/blogs.sld.cu\/enfermedadesdiarreicas\/wp-json\/wp\/v2\/users\/203"}],"replies":[{"embeddable":true,"href":"https:\/\/blogs.sld.cu\/enfermedadesdiarreicas\/wp-json\/wp\/v2\/comments?post=34"}],"version-history":[{"count":23,"href":"https:\/\/blogs.sld.cu\/enfermedadesdiarreicas\/wp-json\/wp\/v2\/pages\/34\/revisions"}],"predecessor-version":[{"id":323,"href":"https:\/\/blogs.sld.cu\/enfermedadesdiarreicas\/wp-json\/wp\/v2\/pages\/34\/revisions\/323"}],"wp:attachment":[{"href":"https:\/\/blogs.sld.cu\/enfermedadesdiarreicas\/wp-json\/wp\/v2\/media?parent=34"}],"curies":[{"name":"wp","href":"https:\/\/api.w.org\/{rel}","templated":true}]}}