{"id":43,"date":"2020-02-10T21:39:52","date_gmt":"2020-02-10T21:39:52","guid":{"rendered":"http:\/\/blogs.sld.cu\/enfermedadesdiarreicas\/?page_id=43"},"modified":"2021-01-28T07:37:18","modified_gmt":"2021-01-28T07:37:18","slug":"preguntasrespuestas","status":"publish","type":"page","link":"https:\/\/blogs.sld.cu\/enfermedadesdiarreicas\/preguntasrespuestas\/","title":{"rendered":"Preguntas y respuestas"},"content":{"rendered":"<p style=\"background: white;margin: 7.5pt 0cm 7.5pt 0cm\"><span style=\"font-size: 10pt;font-family: verdana, geneva\"><strong><span style=\"color: #707070\">\u00bfCu\u00e1nto tiempo puede durar la diarrea?<\/span><\/strong><\/span><\/p>\n<p style=\"background: white;margin: 7.5pt 0cm 7.5pt 0cm\"><span style=\"font-family: verdana, geneva;color: #707070;font-size: 10pt\">Se le llama diarrea a las heces acuosas y blandas. Usted tiene diarrea si evac\u00faa heces sueltas tres o m\u00e1s veces en un d\u00eda. La diarrea aguda dura un corto tiempo y es un problema com\u00fan. Por lo general, dura uno o dos d\u00edas, pero puede durar m\u00e1s tiempo.<\/span><\/p>\n<p style=\"background: white;margin: 7.5pt 0cm 7.5pt 0cm\"><span style=\"font-size: 10pt;font-family: verdana, geneva\"><strong><span style=\"color: #707070\">\u00bfPor qu\u00e9 te da diarrea?<\/span><\/strong><\/span><\/p>\n<p style=\"background: white;margin: 7.5pt 0cm 7.5pt 0cm\"><span style=\"font-family: verdana, geneva;color: #707070;font-size: 10pt\">La causa m\u00e1s frecuente de diarrea aguda es la infecciosa, que puede ser producida por bacterias que viven en la comida o el agua, y por tanto adquirida por intoxicaci\u00f3n alimentaria, aunque tambi\u00e9n pueden ser producidas por virus (es la denominada gastroenteritis v\u00edrica, de car\u00e1cter leve y que desaparece espont\u00e1neamente)<\/span><\/p>\n<p style=\"background: white;margin: 7.5pt 0cm 7.5pt 0cm\"><span style=\"font-family: verdana, geneva;color: #707070;font-size: 10pt\">\u00bf<strong>Qu\u00e9 es una diarrea persistente?<\/strong><\/span><\/p>\n<p style=\"background: white;margin: 7.5pt 0cm 7.5pt 0cm\"><span style=\"font-family: verdana, geneva;color: #707070;font-size: 10pt\">La diarrea es la evacuaci\u00f3n intestinal de heces flojas y l\u00edquidas tres o m\u00e1s veces al d\u00eda. La diarrea puede ser aguda, persistente o cr\u00f3nica: La diarrea aguda es un problema com\u00fan que generalmente dura de 1 a 2 d\u00edas y desaparece espont\u00e1neamente. La diarrea persistente dura entre 2 y 4 semanas.<\/span><\/p>\n<p style=\"background: white;margin: 7.5pt 0cm 7.5pt 0cm\"><span style=\"font-size: 10pt;font-family: verdana, geneva\"><strong><span style=\"color: #707070\">\u00bfQu\u00e9 hacer cuando se tiene diarrea?\u00a0\u00a0<\/span><\/strong><\/span><\/p>\n<p style=\"background: white;margin: 7.5pt 0cm 7.5pt 0cm\"><span style=\"font-family: verdana, geneva;color: #707070;font-size: 10pt\">Consume alimentos ricos en potasio, como jugos de fruta, bebidas para deportistas, papas sin c\u00e1scara y pl\u00e1tanos. Durante la diarrea se suele perder potasio. Consume alimentos ricos en sodio, como sopas, caldos, bebidas para deportistas, galletas de sal. La sal ayuda a retener agua y evitar la deshidrataci\u00f3n.<\/span><\/p>\n<p style=\"text-align: left\"><span style=\"font-size: 10pt;font-family: verdana, geneva\"><strong><a title=\"Sales de rehidrataci\u00f3n oral\" href=\"http:\/\/blogs.sld.cu\/enfermedadesdiarreicas\/232-2\/\">\u00bfQu\u00e9 son las sales de rehidrataci\u00f3n oral?<\/a><\/strong><\/span><\/p>\n","protected":false},"excerpt":{"rendered":"<p>\u00bfCu\u00e1nto tiempo puede durar la diarrea? Se le llama diarrea a las heces acuosas y blandas. Usted tiene diarrea si evac\u00faa heces sueltas tres o m\u00e1s veces en un d\u00eda. La diarrea aguda dura un corto tiempo y es un problema com\u00fan. Por lo general, dura uno o dos d\u00edas, pero puede durar m\u00e1s tiempo. [&hellip;]<\/p>\n","protected":false},"author":203,"featured_media":0,"parent":0,"menu_order":0,"comment_status":"closed","ping_status":"closed","template":"","meta":[],"_links":{"self":[{"href":"https:\/\/blogs.sld.cu\/enfermedadesdiarreicas\/wp-json\/wp\/v2\/pages\/43"}],"collection":[{"href":"https:\/\/blogs.sld.cu\/enfermedadesdiarreicas\/wp-json\/wp\/v2\/pages"}],"about":[{"href":"https:\/\/blogs.sld.cu\/enfermedadesdiarreicas\/wp-json\/wp\/v2\/types\/page"}],"author":[{"embeddable":true,"href":"https:\/\/blogs.sld.cu\/enfermedadesdiarreicas\/wp-json\/wp\/v2\/users\/203"}],"replies":[{"embeddable":true,"href":"https:\/\/blogs.sld.cu\/enfermedadesdiarreicas\/wp-json\/wp\/v2\/comments?post=43"}],"version-history":[{"count":20,"href":"https:\/\/blogs.sld.cu\/enfermedadesdiarreicas\/wp-json\/wp\/v2\/pages\/43\/revisions"}],"predecessor-version":[{"id":320,"href":"https:\/\/blogs.sld.cu\/enfermedadesdiarreicas\/wp-json\/wp\/v2\/pages\/43\/revisions\/320"}],"wp:attachment":[{"href":"https:\/\/blogs.sld.cu\/enfermedadesdiarreicas\/wp-json\/wp\/v2\/media?parent=43"}],"curies":[{"name":"wp","href":"https:\/\/api.w.org\/{rel}","templated":true}]}}