{"id":29,"date":"2020-05-02T13:59:07","date_gmt":"2020-05-02T13:59:07","guid":{"rendered":"http:\/\/blogs.sld.cu\/enfermedadeshepaticas\/?page_id=29"},"modified":"2021-01-20T06:40:48","modified_gmt":"2021-01-20T06:40:48","slug":"enfermedades-hepaticas","status":"publish","type":"page","link":"https:\/\/blogs.sld.cu\/enfermedadeshepaticas\/enfermedades-hepaticas\/","title":{"rendered":"Enfermedades hep\u00e1ticas: Generalidades"},"content":{"rendered":"<p><span style=\"font-size: 10pt;font-family: verdana, geneva\">Para diagnosticar una enfermedad hep\u00e1tica es indispensable la participaci\u00f3n de un m\u00e9dico. En su diagn\u00f3stico este se vale de un adecuado interrogatorio donde se profundiza en los antecedentes de enfermedades o de otras condiciones, y la existencia de s\u00edntomas. El examen f\u00edsico ayuda, asimismo, a identificar los signos presentes en los enfermos.<\/span><\/p>\n<p><span style=\"font-size: 10pt;font-family: verdana, geneva\">Con los datos recogidos se plantean los s\u00edndromes y se establece un posible diagn\u00f3stico que permite la realizaci\u00f3n (justificada) de estudios complementarios que ayudan a confirmar el diagn\u00f3stico realizado. A partir de este momento se establece el adecuado tratamiento y seguimiento de la afecci\u00f3n diagnosticada.<\/span><\/p>\n<p><span style=\"font-size: 10pt;font-family: verdana, geneva\">Algunos de los s\u00edntomas m\u00e1s frecuentes asociados a las enfermedades hep\u00e1ticas son<\/span><\/p>\n<ul>\n<li><span style=\"font-size: 10pt;font-family: verdana, geneva\"><strong>\u00cdctero<\/strong> (coloraci\u00f3n amarilla de la piel y las muchosas).<\/span>\n<p><div style=\"width: 410px\" class=\"wp-caption aligncenter\"><img loading=\"lazy\" class=\"\" src=\"https:\/\/www.ecured.cu\/images\/5\/5e\/Ict1.jpg\" alt=\"\u00cdtero. Fuente. Ecured\" width=\"400\" height=\"291\" \/><p class=\"wp-caption-text\"><span style=\"font-size: 10pt;font-family: verdana, geneva\">\u00cdctero. Fuente. Ecured<\/span><\/p><\/div><\/li>\n<li><span style=\"font-size: 10pt;font-family: verdana, geneva\"><strong>Coluria<\/strong> (coloraci\u00f3n anormal de la orina, descrita muchas veces como de \u00abcolor ladrillo\u00bb).<\/span><\/li>\n<li><span style=\"font-size: 10pt;font-family: verdana, geneva\"><strong>Acolia<\/strong> (p\u00e9rdida de la coloraci\u00f3n normal de las heces fecales, muchas veces se describen como de color blancuzco, como de \u00abceniza o de masilla\u00bb).<\/span><\/li>\n<li><span style=\"font-size: 10pt;font-family: verdana, geneva\"><strong>Hipocolia<\/strong> (cuando la p\u00e9rdida de la coloraci\u00f3n normal de las heces fecales son menos marcadas que las descritas en la acolia).<\/span><\/li>\n<li><span style=\"font-size: 10pt;font-family: verdana, geneva\"><strong>Edemas<\/strong> (aumento de volumen de algunas partes del cuerpo que son consecuencia de la presencia de l\u00edquido o plasma intersticial que ocupa los espacios intercelulares o intersticiales).<\/span><\/li>\n<li><span style=\"font-size: 10pt;font-family: verdana, geneva\"><strong>Ascitis<\/strong> (Aumento de volumen del abdomen como consecuencia de la acumulaci\u00f3n anormal de l\u00edquido dentro de la cavidad abdominal).<\/span><\/li>\n<\/ul>\n<p><span style=\"font-family: verdana, geneva;font-size: 10pt\"><a href=\"http:\/\/blogs.sld.cu\/enfermedadeshepaticas\/files\/2020\/05\/ASCITIS-400x549.jpg\"><img loading=\"lazy\" class=\"wp-image-258 size-medium\" src=\"http:\/\/blogs.sld.cu\/enfermedadeshepaticas\/files\/2020\/05\/ASCITIS-400x549-219x300.jpg\" alt=\"Ascitis. Fuente: Dr.C. Julio C\u00e9sar Hern\u00e1ndez Perera\" width=\"219\" height=\"300\" srcset=\"https:\/\/blogs.sld.cu\/enfermedadeshepaticas\/files\/2020\/05\/ASCITIS-400x549-219x300.jpg 219w, https:\/\/blogs.sld.cu\/enfermedadeshepaticas\/files\/2020\/05\/ASCITIS-400x549-250x343.jpg 250w, https:\/\/blogs.sld.cu\/enfermedadeshepaticas\/files\/2020\/05\/ASCITIS-400x549.jpg 400w\" sizes=\"(max-width: 219px) 100vw, 219px\" \/><\/a><\/span><\/p>\n<ul>\n<li><span style=\"font-family: verdana, geneva;font-size: 10pt\">Ascitis. Fuente: Dr.C. Julio C\u00e9sar Hern\u00e1ndez Perera<\/span><\/li>\n<\/ul>\n<ul>\n<li><span style=\"font-size: 10pt;font-family: verdana, geneva\"><strong>Decamiento<\/strong>.<\/span><\/li>\n<li><span style=\"font-size: 10pt;font-family: verdana, geneva\"><strong>P\u00e9rdida de apetito<\/strong>.<\/span><\/li>\n<li><span style=\"font-size: 10pt;font-family: verdana, geneva\"><strong>Dolor abdominal<\/strong>.<\/span><\/li>\n<li><span style=\"font-size: 10pt;font-family: verdana, geneva\"><strong>Hematemesis<\/strong> (v\u00f3mitos con sangre en su contenido).<\/span><\/li>\n<li><span style=\"font-size: 10pt;font-family: verdana, geneva\"><strong>Melena<\/strong> (heces muy oscuras, de color negra, muchas veces se describen como en forma de \u00abborra de caf\u00e9\u00bb).<\/span><\/li>\n<\/ul>\n","protected":false},"excerpt":{"rendered":"<p>Para diagnosticar una enfermedad hep\u00e1tica es indispensable la participaci\u00f3n de un m\u00e9dico. En su diagn\u00f3stico este se vale de un adecuado interrogatorio donde se profundiza en los antecedentes de enfermedades o de otras condiciones, y la existencia de s\u00edntomas. El examen f\u00edsico ayuda, asimismo, a identificar los signos presentes en los enfermos. Con los datos [&hellip;]<\/p>\n","protected":false},"author":208,"featured_media":0,"parent":0,"menu_order":0,"comment_status":"closed","ping_status":"closed","template":"sidebar-content.php","meta":[],"_links":{"self":[{"href":"https:\/\/blogs.sld.cu\/enfermedadeshepaticas\/wp-json\/wp\/v2\/pages\/29"}],"collection":[{"href":"https:\/\/blogs.sld.cu\/enfermedadeshepaticas\/wp-json\/wp\/v2\/pages"}],"about":[{"href":"https:\/\/blogs.sld.cu\/enfermedadeshepaticas\/wp-json\/wp\/v2\/types\/page"}],"author":[{"embeddable":true,"href":"https:\/\/blogs.sld.cu\/enfermedadeshepaticas\/wp-json\/wp\/v2\/users\/208"}],"replies":[{"embeddable":true,"href":"https:\/\/blogs.sld.cu\/enfermedadeshepaticas\/wp-json\/wp\/v2\/comments?post=29"}],"version-history":[{"count":18,"href":"https:\/\/blogs.sld.cu\/enfermedadeshepaticas\/wp-json\/wp\/v2\/pages\/29\/revisions"}],"predecessor-version":[{"id":610,"href":"https:\/\/blogs.sld.cu\/enfermedadeshepaticas\/wp-json\/wp\/v2\/pages\/29\/revisions\/610"}],"wp:attachment":[{"href":"https:\/\/blogs.sld.cu\/enfermedadeshepaticas\/wp-json\/wp\/v2\/media?parent=29"}],"curies":[{"name":"wp","href":"https:\/\/api.w.org\/{rel}","templated":true}]}}