{"id":3,"date":"2020-05-02T03:07:41","date_gmt":"2020-05-02T03:07:41","guid":{"rendered":"http:\/\/blogs.sld.cu\/enfermedadeshepaticas\/?page_id=3"},"modified":"2020-05-18T20:49:02","modified_gmt":"2020-05-18T20:49:02","slug":"contacto","status":"publish","type":"page","link":"https:\/\/blogs.sld.cu\/enfermedadeshepaticas\/contacto\/","title":{"rendered":"Contacto"},"content":{"rendered":"<p>Dr. Julio C\u00e9sar Hern\u00e1ndez Perera.<\/p>\n<p><img loading=\"lazy\" class=\"  wp-image-16 alignleft\" src=\"http:\/\/blogs.sld.cu\/enfermedadeshepaticas\/files\/2020\/05\/julioc.jpg\" alt=\"julioc\" width=\"180\" height=\"301\" \/>\u00a0Doctor en Ciencias M\u00e9dicas.\u00a0 \u00a0 \u00a0Especialista de 2do grado en\u00a0 \u00a0 \u00a0Medicina Interna. Profesor e investigador\u00a0 titular de la Universidad de Ciencias M\u00e9dicas de La Habana. Editor del sitio web de Centro de Investigaciones M\u00e9dico- Quir\u00fargicas (CIMEQ)<\/p>\n<p>&nbsp;<\/p>\n","protected":false},"excerpt":{"rendered":"<p>Dr. Julio C\u00e9sar Hern\u00e1ndez Perera. \u00a0Doctor en Ciencias M\u00e9dicas.\u00a0 \u00a0 \u00a0Especialista de 2do grado en\u00a0 \u00a0 \u00a0Medicina Interna. Profesor e investigador\u00a0 titular de la Universidad de Ciencias M\u00e9dicas de La Habana. Editor del sitio web de Centro de Investigaciones M\u00e9dico- Quir\u00fargicas (CIMEQ) &nbsp;<\/p>\n","protected":false},"author":215,"featured_media":0,"parent":0,"menu_order":0,"comment_status":"open","ping_status":"open","template":"","meta":[],"_links":{"self":[{"href":"https:\/\/blogs.sld.cu\/enfermedadeshepaticas\/wp-json\/wp\/v2\/pages\/3"}],"collection":[{"href":"https:\/\/blogs.sld.cu\/enfermedadeshepaticas\/wp-json\/wp\/v2\/pages"}],"about":[{"href":"https:\/\/blogs.sld.cu\/enfermedadeshepaticas\/wp-json\/wp\/v2\/types\/page"}],"author":[{"embeddable":true,"href":"https:\/\/blogs.sld.cu\/enfermedadeshepaticas\/wp-json\/wp\/v2\/users\/215"}],"replies":[{"embeddable":true,"href":"https:\/\/blogs.sld.cu\/enfermedadeshepaticas\/wp-json\/wp\/v2\/comments?post=3"}],"version-history":[{"count":2,"href":"https:\/\/blogs.sld.cu\/enfermedadeshepaticas\/wp-json\/wp\/v2\/pages\/3\/revisions"}],"predecessor-version":[{"id":17,"href":"https:\/\/blogs.sld.cu\/enfermedadeshepaticas\/wp-json\/wp\/v2\/pages\/3\/revisions\/17"}],"wp:attachment":[{"href":"https:\/\/blogs.sld.cu\/enfermedadeshepaticas\/wp-json\/wp\/v2\/media?parent=3"}],"curies":[{"name":"wp","href":"https:\/\/api.w.org\/{rel}","templated":true}]}}