{"id":44,"date":"2020-05-02T14:12:41","date_gmt":"2020-05-02T14:12:41","guid":{"rendered":"http:\/\/blogs.sld.cu\/enfermedadeshepaticas\/?page_id=44"},"modified":"2020-05-19T16:55:04","modified_gmt":"2020-05-19T16:55:04","slug":"recursos","status":"publish","type":"page","link":"https:\/\/blogs.sld.cu\/enfermedadeshepaticas\/recursos\/","title":{"rendered":"Recursos de informaci\u00f3n"},"content":{"rendered":"<table style=\"height: 301px\" width=\"556\">\n<tbody>\n<tr>\n<td>\n<p><div style=\"width: 110px\" class=\"wp-caption alignleft\"><a href=\"http:\/\/www.bvscuba.sld.cu\/libro\/gastroenterologia-y-hepatologia-clinica-tomo-7\/\" target=\"_blank\"><img loading=\"lazy\" src=\"http:\/\/www.bvscuba.sld.cu\/wp-content\/uploads\/2017\/11\/gastroenterologia_tomo7.jpg\" alt=\"Gastroenterolog\u00eda y Hepatolog\u00eda Cl\u00ednica. Tomo VII\" width=\"100\" height=\"145\" \/><\/a><p class=\"wp-caption-text\">Gastroenterolog\u00eda y Hepatolog\u00eda Cl\u00ednica. Tomo VII<\/p><\/div><\/td>\n<td><\/td>\n<td><\/td>\n<\/tr>\n<tr>\n<td>\n<p><div style=\"width: 111px\" class=\"wp-caption alignleft\"><a href=\"http:\/\/www.bvscuba.sld.cu\/libro\/hepatologia-2006\/\" target=\"_blank\"><img loading=\"lazy\" src=\"http:\/\/www.bvscuba.sld.cu\/wp-content\/uploads\/2017\/11\/Hepatologia-2006.jpg\" alt=\"Hepatolog\u00eda 2006\" width=\"101\" height=\"136\" \/><\/a><p class=\"wp-caption-text\">Hepatolog\u00eda 2006<\/p><\/div><\/td>\n<td><\/td>\n<td><\/td>\n<\/tr>\n<tr>\n<td>\n<p><div style=\"width: 259px\" class=\"wp-caption alignleft\"><a href=\"https:\/\/medlineplus.gov\/spanish\/liverdiseases.html\" target=\"_blank\"><img loading=\"lazy\" class=\"\" src=\"https:\/\/medlineplus.gov\/images\/m_logo_sp.png\" alt=\"MedlinePlus: Enfermedades del h\u00edgado\" width=\"249\" height=\"52\" \/><\/a><p class=\"wp-caption-text\">MedlinePlus: Enfermedades del h\u00edgado<\/p><\/div><\/td>\n<td><\/td>\n<td><\/td>\n<\/tr>\n<tr>\n<td>\n<p><div style=\"width: 107px\" class=\"wp-caption alignleft\"><a href=\"https:\/\/www.mayoclinic.org\/es-es\/diseases-conditions\/liver-problems\/symptoms-causes\/syc-20374502\" target=\"_blank\"><img loading=\"lazy\" src=\"https:\/\/upload.wikimedia.org\/wikipedia\/en\/thumb\/7\/76\/Mayo-clinic-logo.png\/150px-Mayo-clinic-logo.png\" alt=\"Mayo Clinic: Enfermedad hep\u00e1tica\" width=\"97\" height=\"109\" \/><\/a><p class=\"wp-caption-text\">Mayo Clinic: Enfermedad hep\u00e1tica<\/p><\/div><\/td>\n<td><\/td>\n<td><\/td>\n<\/tr>\n<tr>\n<td>\n<p><div style=\"width: 260px\" class=\"wp-caption alignleft\"><a href=\"https:\/\/www.merckmanuals.com\/es-us\/hogar\/trastornos-del-h%C3%ADgado-y-de-la-ves%C3%ADcula-biliar\/manifestaciones-cl%C3%ADnicas-de-las-enfermedades-hep%C3%A1ticas\/introducci%C3%B3n-a-las-enfermedades-hep%C3%A1ticas\" target=\"_blank\"><img loading=\"lazy\" src=\"https:\/\/www.merckmanuals.com\/Content\/Images\/mmanual_foot_logo.png\" alt=\"Manual Merck. Versi\u00f3n para p\u00fablico general: Introducci\u00f3n a las enfermedades hep\u00e1ticas  \" width=\"250\" height=\"74\" \/><\/a><p class=\"wp-caption-text\">Manual Merck. Versi\u00f3n para p\u00fablico general: Introducci\u00f3n a las enfermedades hep\u00e1ticas<\/p><\/div><\/td>\n<td><\/td>\n<td><\/td>\n<\/tr>\n<\/tbody>\n<\/table>\n<p>&nbsp;<\/p>\n","protected":false},"excerpt":{"rendered":"<p>&nbsp;<\/p>\n","protected":false},"author":208,"featured_media":0,"parent":0,"menu_order":0,"comment_status":"closed","ping_status":"closed","template":"","meta":[],"_links":{"self":[{"href":"https:\/\/blogs.sld.cu\/enfermedadeshepaticas\/wp-json\/wp\/v2\/pages\/44"}],"collection":[{"href":"https:\/\/blogs.sld.cu\/enfermedadeshepaticas\/wp-json\/wp\/v2\/pages"}],"about":[{"href":"https:\/\/blogs.sld.cu\/enfermedadeshepaticas\/wp-json\/wp\/v2\/types\/page"}],"author":[{"embeddable":true,"href":"https:\/\/blogs.sld.cu\/enfermedadeshepaticas\/wp-json\/wp\/v2\/users\/208"}],"replies":[{"embeddable":true,"href":"https:\/\/blogs.sld.cu\/enfermedadeshepaticas\/wp-json\/wp\/v2\/comments?post=44"}],"version-history":[{"count":48,"href":"https:\/\/blogs.sld.cu\/enfermedadeshepaticas\/wp-json\/wp\/v2\/pages\/44\/revisions"}],"predecessor-version":[{"id":462,"href":"https:\/\/blogs.sld.cu\/enfermedadeshepaticas\/wp-json\/wp\/v2\/pages\/44\/revisions\/462"}],"wp:attachment":[{"href":"https:\/\/blogs.sld.cu\/enfermedadeshepaticas\/wp-json\/wp\/v2\/media?parent=44"}],"curies":[{"name":"wp","href":"https:\/\/api.w.org\/{rel}","templated":true}]}}