{"id":464,"date":"2020-05-19T17:18:41","date_gmt":"2020-05-19T17:18:41","guid":{"rendered":"http:\/\/blogs.sld.cu\/enfermedadeshepaticas\/?page_id=464"},"modified":"2021-01-20T07:16:36","modified_gmt":"2021-01-20T07:16:36","slug":"diseminacion-de-las-lesiones-hacia-el-higado","status":"publish","type":"page","link":"https:\/\/blogs.sld.cu\/enfermedadeshepaticas\/diseminacion-de-las-lesiones-hacia-el-higado\/","title":{"rendered":"Diseminaci\u00f3n de las lesiones hacia el h\u00edgado"},"content":{"rendered":"<p><span style=\"font-size: 10pt;font-family: verdana, geneva\">La mayor\u00eda de los tumores se diseminan por v\u00eda sangu\u00ednea, lo cual implica una serie de adaptaciones celulares que le otorgan propiedades invasivas fuera del tumor primario, supervivencia en la circulaci\u00f3n, detenci\u00f3n y extravasaci\u00f3n en un \u00f3rgano a distancia, y proliferaci\u00f3n y supervivencia en el nuevo entorno tisular.<\/span><\/p>\n<p><span style=\"font-size: 10pt;font-family: verdana, geneva\">La diseminaci\u00f3n por v\u00eda linf\u00e1tica est\u00e1 relacionada con la v\u00eda hemat\u00f3gena. La producci\u00f3n tumoral de determinados factores (linfangiog\u00e9nicos) favorece el desarrollo de met\u00e1stasis linf\u00e1ticas.<\/span><\/p>\n<p><span style=\"font-size: 10pt;font-family: verdana, geneva\">Las met\u00e1stasis hep\u00e1ticas m\u00e1s frecuentes se derivan de enfermedades malignas gastrointestinales a causa del drenaje portal del tracto gastrointestinal (c\u00e1ncer colorrectal, p\u00e1ncreas y est\u00f3mago). Las otras v\u00edas de diseminaci\u00f3n al h\u00edgado comprenden la arteria hep\u00e1tica (c\u00e1ncer de mama, pulm\u00f3n y melanoma) y las v\u00edas linf\u00e1ticas (c\u00e1ncer de est\u00f3mago, p\u00e1ncreas, ovario y \u00fatero).<\/span><\/p>\n<h3><span style=\"font-size: 10pt;font-family: verdana, geneva\"><a title=\"Circunstancias de descubrimiento\" href=\"http:\/\/blogs.sld.cu\/enfermedadeshepaticas\/circunstancias-de-descubrimiento\/\">Circunstancias de descubrimiento<\/a><\/span><\/h3>\n<hr \/>\n<p><span style=\"font-size: 10pt;font-family: verdana, geneva\"><strong>Ir a:<\/strong><\/span><\/p>\n<ul>\n<li><span style=\"font-size: 10pt;font-family: verdana, geneva\"><a title=\"Clasificaci\u00f3n de los tumores hep\u00e1ticos\" href=\"https:\/\/blogs.sld.cu\/enfermedadeshepaticas\/tumores-hepaticos\/clasificacion-de-los-tumores-hepaticos\/\" target=\"_blank\">Clasificaci\u00f3n de los tumores hep\u00e1ticos<\/a><\/span><\/li>\n<li><span style=\"font-size: 10pt;font-family: verdana, geneva\"><a title=\"Diagn\u00f3stico cl\u00ednico de los tumores hep\u00e1ticos\" href=\"http:\/\/blogs.sld.cu\/enfermedadeshepaticas\/diagnostico-clinico-de-los-tumores-hepaticos\/\" target=\"_blank\">Diagn\u00f3stico cl\u00ednico de los tumores hep\u00e1ticos<\/a><\/span><\/li>\n<li><span style=\"font-size: 10pt;font-family: verdana, geneva\"><a title=\"Tumores hep\u00e1ticos benignos\" href=\"http:\/\/blogs.sld.cu\/enfermedadeshepaticas\/tumores-hepaticos\/clasificacion-de-los-tumores-hepaticos\/tumores-hepaticos-benignos\/\">Tumores hep\u00e1ticos benignos<\/a><\/span><\/li>\n<li><span style=\"font-size: 10pt;font-family: verdana, geneva\"><a title=\"Quiste hep\u00e1tico simple\" href=\"http:\/\/blogs.sld.cu\/enfermedadeshepaticas\/tumores-hepaticos\/clasificacion-de-los-tumores-hepaticos\/tumores-hepaticos-benignos\/quiste-hepatico-simple\/\" target=\"_blank\">Quiste hep\u00e1tico simple<\/a><\/span><\/li>\n<li><span style=\"font-size: 10pt;font-family: verdana, geneva\"><a href=\"https:\/\/blogs.sld.cu\/enfermedadeshepaticas\/tumores-hepaticos\/tumores-hepaticos-malignos-metastasicos\/\">Tumores hep\u00e1ticos malignos metast\u00e1sicos<\/a><\/span><\/li>\n<li><span style=\"font-size: 10pt;font-family: verdana, geneva\"><a href=\"https:\/\/blogs.sld.cu\/enfermedadeshepaticas\/tumores-hepaticos\/diagnostico-clinico-de-los-tumores-hepaticos\/carcinoma-hepatocelular\/\">Carcinoma hepatocelular<\/a><\/span><\/li>\n<\/ul>\n","protected":false},"excerpt":{"rendered":"<p>La mayor\u00eda de los tumores se diseminan por v\u00eda sangu\u00ednea, lo cual implica una serie de adaptaciones celulares que le otorgan propiedades invasivas fuera del tumor primario, supervivencia en la circulaci\u00f3n, detenci\u00f3n y extravasaci\u00f3n en un \u00f3rgano a distancia, y proliferaci\u00f3n y supervivencia en el nuevo entorno tisular. La diseminaci\u00f3n por v\u00eda linf\u00e1tica est\u00e1 relacionada [&hellip;]<\/p>\n","protected":false},"author":208,"featured_media":0,"parent":0,"menu_order":0,"comment_status":"closed","ping_status":"closed","template":"monocolumn.php","meta":[],"_links":{"self":[{"href":"https:\/\/blogs.sld.cu\/enfermedadeshepaticas\/wp-json\/wp\/v2\/pages\/464"}],"collection":[{"href":"https:\/\/blogs.sld.cu\/enfermedadeshepaticas\/wp-json\/wp\/v2\/pages"}],"about":[{"href":"https:\/\/blogs.sld.cu\/enfermedadeshepaticas\/wp-json\/wp\/v2\/types\/page"}],"author":[{"embeddable":true,"href":"https:\/\/blogs.sld.cu\/enfermedadeshepaticas\/wp-json\/wp\/v2\/users\/208"}],"replies":[{"embeddable":true,"href":"https:\/\/blogs.sld.cu\/enfermedadeshepaticas\/wp-json\/wp\/v2\/comments?post=464"}],"version-history":[{"count":8,"href":"https:\/\/blogs.sld.cu\/enfermedadeshepaticas\/wp-json\/wp\/v2\/pages\/464\/revisions"}],"predecessor-version":[{"id":619,"href":"https:\/\/blogs.sld.cu\/enfermedadeshepaticas\/wp-json\/wp\/v2\/pages\/464\/revisions\/619"}],"wp:attachment":[{"href":"https:\/\/blogs.sld.cu\/enfermedadeshepaticas\/wp-json\/wp\/v2\/media?parent=464"}],"curies":[{"name":"wp","href":"https:\/\/api.w.org\/{rel}","templated":true}]}}