{"id":524,"date":"2020-05-19T21:51:39","date_gmt":"2020-05-19T21:51:39","guid":{"rendered":"http:\/\/blogs.sld.cu\/enfermedadeshepaticas\/?page_id=524"},"modified":"2020-05-19T22:12:23","modified_gmt":"2020-05-19T22:12:23","slug":"manifestaciones-clinicas","status":"publish","type":"page","link":"https:\/\/blogs.sld.cu\/enfermedadeshepaticas\/manifestaciones-clinicas\/","title":{"rendered":"Manifestaciones cl\u00ednicas"},"content":{"rendered":"<p>El 90% de los pacientes con carcinoma hepatocelular presenta una cirrosis sobrea\u00f1adida. Por eso se puede considerar que la cirrosis es el principal factor de riesgo para el desarrollo del carcinoma hepatocelular.<\/p>\n<div id=\"attachment_258\" style=\"width: 305px\" class=\"wp-caption alignleft\"><img aria-describedby=\"caption-attachment-258\" loading=\"lazy\" class=\"wp-image-258\" src=\"http:\/\/blogs.sld.cu\/enfermedadeshepaticas\/files\/2020\/05\/ASCITIS-400x549.jpg\" alt=\"Ascitis\" width=\"295\" height=\"405\" srcset=\"https:\/\/blogs.sld.cu\/enfermedadeshepaticas\/files\/2020\/05\/ASCITIS-400x549.jpg 400w, https:\/\/blogs.sld.cu\/enfermedadeshepaticas\/files\/2020\/05\/ASCITIS-400x549-219x300.jpg 219w, https:\/\/blogs.sld.cu\/enfermedadeshepaticas\/files\/2020\/05\/ASCITIS-400x549-250x343.jpg 250w\" sizes=\"(max-width: 295px) 100vw, 295px\" \/><p id=\"caption-attachment-258\" class=\"wp-caption-text\">Paciente con ascits, p\u00e9rdida de peso y ginecomastia, secundaria a un estado avanzado de cirrosis hep\u00e1tica. Foto: Dr.C. Julio C\u00e9sar Hern\u00e1ndez Perera.<\/p><\/div>\n<p>&nbsp;<\/p>\n<p>&nbsp;<\/p>\n<p>&nbsp;<\/p>\n<p>&nbsp;<\/p>\n<p>&nbsp;<\/p>\n<p>&nbsp;<\/p>\n<p>&nbsp;<\/p>\n<p>&nbsp;<\/p>\n<p>&nbsp;<\/p>\n<p>&nbsp;<\/p>\n<p>&nbsp;<\/p>\n<p>&nbsp;<\/p>\n<p>&nbsp;<\/p>\n<p>Las manifestaciones cl\u00ednicas del carcinoma hepatocelular pueden ser poco espec\u00edficas y con frecuencia est\u00e1n m\u00e1s relacionadas con complicaciones de la cirrosis. De hecho se considera que una de las principales causas de descompensaci\u00f3n de una cirrosis \u2014desarrollo de ascitis progresiva, encefalopat\u00eda, ictericia o hemorragia.<\/p>\n<p>Los s\u00edntomas inespec\u00edficos como la astenia, anorexia, el adelgazamiento e \u00edctero son frecuentes.<\/p>\n<p>Los pacientes pueden referir dolor en el hipocondrio derecho o incremento del per\u00edmetro abdominal.<\/p>\n<p>La invasi\u00f3n tumoral de la vena porta y, con menos frecuencia, de las venas hep\u00e1ticas puede empeorar en gran medida la hipertensi\u00f3n portal, con aparici\u00f3n de ascitis resistente o varices hemorr\u00e1gicas, y riesgo elevado de sangrado digestivo alto.<\/p>\n<p>Siempre debe sospecharse un carcinoma hepatocelular en todos los casos nuevos de trombosis de la vena porta.<\/p>\n<p>En ocasiones, pacientes con tumores poco diferenciados comienzan con fiebre prolongada y, rara vez, con s\u00edntomas no relacionados con una afecci\u00f3n hep\u00e1tica como expresi\u00f3n de met\u00e1stasis a otros \u00f3rganos (dolor \u00f3seo, dificultad respiratoria y derrame pleural).<\/p>\n<p>En el examen f\u00edsico la mayor\u00eda de los pacientes presenta hepatomegalia o una masa abdominal espec\u00edfica. Rara vez, los pacientes con carcinoma hepatocelular manifiestan un abdomen agudo como consecuencia de rotura tumoral y hemoperitoneo. Estos eventos son muy graves.<\/p>\n<p>En general, la presencia de dolor abdominal en pacientes con carcinoma hepatocelular es muchas veces considerado como un signo de mal pron\u00f3stico.<\/p>\n<h2><a title=\"Estudios diagn\u00f3sticos complementarios\" href=\"http:\/\/blogs.sld.cu\/enfermedadeshepaticas\/estudios-diagnosticos-complementarios\/\">Estudios diagn\u00f3sticos complementarios<\/a><\/h2>\n<hr \/>\n<p>&nbsp;<\/p>\n<p><span style=\"font-size: 12pt\"><strong>Ir a:<\/strong><\/span><\/p>\n<ul>\n<li><span style=\"font-size: 12pt\"><a title=\"Clasificaci\u00f3n de los tumores hep\u00e1ticos\" href=\"https:\/\/blogs.sld.cu\/enfermedadeshepaticas\/tumores-hepaticos\/clasificacion-de-los-tumores-hepaticos\/\" target=\"_blank\">Clasificaci\u00f3n de los tumores hep\u00e1ticos<\/a><\/span><\/li>\n<li><span style=\"font-size: 12pt\"><a title=\"Diagn\u00f3stico cl\u00ednico de los tumores hep\u00e1ticos\" href=\"http:\/\/blogs.sld.cu\/enfermedadeshepaticas\/diagnostico-clinico-de-los-tumores-hepaticos\/\" target=\"_blank\">Diagn\u00f3stico cl\u00ednico de los tumores hep\u00e1ticos<\/a><\/span><\/li>\n<li><span style=\"font-size: 12pt\"><a title=\"Tumores hep\u00e1ticos benignos\" href=\"http:\/\/blogs.sld.cu\/enfermedadeshepaticas\/tumores-hepaticos\/clasificacion-de-los-tumores-hepaticos\/tumores-hepaticos-benignos\/\">Tumores hep\u00e1ticos benignos<\/a><\/span><\/li>\n<li><span style=\"font-size: 12pt\"><a title=\"Quiste hep\u00e1tico simple\" href=\"http:\/\/blogs.sld.cu\/enfermedadeshepaticas\/tumores-hepaticos\/clasificacion-de-los-tumores-hepaticos\/tumores-hepaticos-benignos\/quiste-hepatico-simple\/\" target=\"_blank\">Quiste hep\u00e1tico simple<\/a><\/span><\/li>\n<\/ul>\n<p><span style=\"font-size: 12pt\">Tumores hep\u00e1ticos malignos<\/span><\/p>\n<ul>\n<li><span style=\"font-size: 12pt\"><a href=\"https:\/\/blogs.sld.cu\/enfermedadeshepaticas\/tumores-hepaticos\/tumores-hepaticos-malignos-metastasicos\/\">Tumores hep\u00e1ticos malignos metast\u00e1sicos<\/a><\/span><\/li>\n<li><span style=\"font-size: 12pt\"><a href=\"https:\/\/blogs.sld.cu\/enfermedadeshepaticas\/tumores-hepaticos\/diagnostico-clinico-de-los-tumores-hepaticos\/carcinoma-hepatocelular\/\">Carcinoma hepatocelular<\/a><\/span><\/li>\n<\/ul>\n<p>&nbsp;<\/p>\n","protected":false},"excerpt":{"rendered":"<p>El 90% de los pacientes con carcinoma hepatocelular presenta una cirrosis sobrea\u00f1adida. Por eso se puede considerar que la cirrosis es el principal factor de riesgo para el desarrollo del carcinoma hepatocelular. &nbsp; &nbsp; &nbsp; &nbsp; &nbsp; &nbsp; &nbsp; &nbsp; &nbsp; &nbsp; &nbsp; &nbsp; &nbsp; Las manifestaciones cl\u00ednicas del carcinoma hepatocelular pueden ser poco espec\u00edficas [&hellip;]<\/p>\n","protected":false},"author":208,"featured_media":0,"parent":0,"menu_order":0,"comment_status":"closed","ping_status":"closed","template":"monocolumn.php","meta":[],"_links":{"self":[{"href":"https:\/\/blogs.sld.cu\/enfermedadeshepaticas\/wp-json\/wp\/v2\/pages\/524"}],"collection":[{"href":"https:\/\/blogs.sld.cu\/enfermedadeshepaticas\/wp-json\/wp\/v2\/pages"}],"about":[{"href":"https:\/\/blogs.sld.cu\/enfermedadeshepaticas\/wp-json\/wp\/v2\/types\/page"}],"author":[{"embeddable":true,"href":"https:\/\/blogs.sld.cu\/enfermedadeshepaticas\/wp-json\/wp\/v2\/users\/208"}],"replies":[{"embeddable":true,"href":"https:\/\/blogs.sld.cu\/enfermedadeshepaticas\/wp-json\/wp\/v2\/comments?post=524"}],"version-history":[{"count":6,"href":"https:\/\/blogs.sld.cu\/enfermedadeshepaticas\/wp-json\/wp\/v2\/pages\/524\/revisions"}],"predecessor-version":[{"id":552,"href":"https:\/\/blogs.sld.cu\/enfermedadeshepaticas\/wp-json\/wp\/v2\/pages\/524\/revisions\/552"}],"wp:attachment":[{"href":"https:\/\/blogs.sld.cu\/enfermedadeshepaticas\/wp-json\/wp\/v2\/media?parent=524"}],"curies":[{"name":"wp","href":"https:\/\/api.w.org\/{rel}","templated":true}]}}