{"id":20,"date":"2021-03-10T16:29:39","date_gmt":"2021-03-10T16:29:39","guid":{"rendered":"http:\/\/blogs.sld.cu\/epoc\/?page_id=20"},"modified":"2021-10-15T23:41:57","modified_gmt":"2021-10-15T23:41:57","slug":"causassintomas","status":"publish","type":"page","link":"https:\/\/blogs.sld.cu\/epoc\/causassintomas\/","title":{"rendered":"Causas\/S\u00edntomas"},"content":{"rendered":"<p><span style=\"font-size: 18pt; font-family: verdana, geneva; color: #3366ff;\">Causas<\/span><\/p>\n<p><span style=\"font-size: 12pt; font-family: verdana, geneva;\">La EPOC es una enfermedad\u00a0 prevenible en alrededor del 90 % de los casos. La causa m\u00e1s frecuente de que las personas se enfermen, es el tabaquismo<br \/>\n<\/span><\/p>\n<p><span style=\"font-size: 12pt; font-family: verdana, geneva;\"><strong>\u00bfQui\u00e9nes son las personas que pueden enfermar?<\/strong><\/span><\/p>\n<p><span style=\"font-size: 12pt; font-family: verdana, geneva;\">Los fumadores, los trabajadores que laboran en lugares expuestos al polvo, a sustancias toxicas sin utilizar medidas de protecci\u00f3n.<\/span><\/p>\n<p><span style=\"font-size: 12pt; font-family: verdana, geneva;\">Los individuos expuestos al humo de tabaco ambiental en el hogar o en centros laborales.<\/span><\/p>\n<p><span style=\"font-size: 12pt; font-family: verdana, geneva;\">La salud humana tambi\u00e9n se ver\u00e1 afectada con otros contaminantes sobre todo en el hogar cuando se cocina con le\u00f1a o carb\u00f3n, en lugares pocos ventilados.<\/span><\/p>\n<p><span style=\"font-size: 12pt; font-family: verdana, geneva;\">De todo lo enumerado es el tabaquismo el factor m\u00e1s relacionado con la bronquitis cr\u00f3nica y el enfisema pulmonar.<\/span><\/p>\n<p><span style=\"font-size: 18pt; font-family: verdana, geneva; color: #3366ff;\">S\u00edntomas<\/span><\/p>\n","protected":false},"excerpt":{"rendered":"<p>Causas La EPOC es una enfermedad\u00a0 prevenible en alrededor del 90 % de los casos. La causa m\u00e1s frecuente de que las personas se enfermen, es el tabaquismo \u00bfQui\u00e9nes son las personas que pueden enfermar? Los fumadores, los trabajadores que laboran en lugares expuestos al polvo, a sustancias toxicas sin utilizar medidas de protecci\u00f3n. Los [&hellip;]<\/p>\n","protected":false},"author":208,"featured_media":0,"parent":0,"menu_order":0,"comment_status":"closed","ping_status":"open","template":"","meta":[],"_links":{"self":[{"href":"https:\/\/blogs.sld.cu\/epoc\/wp-json\/wp\/v2\/pages\/20"}],"collection":[{"href":"https:\/\/blogs.sld.cu\/epoc\/wp-json\/wp\/v2\/pages"}],"about":[{"href":"https:\/\/blogs.sld.cu\/epoc\/wp-json\/wp\/v2\/types\/page"}],"author":[{"embeddable":true,"href":"https:\/\/blogs.sld.cu\/epoc\/wp-json\/wp\/v2\/users\/208"}],"replies":[{"embeddable":true,"href":"https:\/\/blogs.sld.cu\/epoc\/wp-json\/wp\/v2\/comments?post=20"}],"version-history":[{"count":8,"href":"https:\/\/blogs.sld.cu\/epoc\/wp-json\/wp\/v2\/pages\/20\/revisions"}],"predecessor-version":[{"id":85,"href":"https:\/\/blogs.sld.cu\/epoc\/wp-json\/wp\/v2\/pages\/20\/revisions\/85"}],"wp:attachment":[{"href":"https:\/\/blogs.sld.cu\/epoc\/wp-json\/wp\/v2\/media?parent=20"}],"curies":[{"name":"wp","href":"https:\/\/api.w.org\/{rel}","templated":true}]}}