{"id":22,"date":"2021-03-10T16:30:22","date_gmt":"2021-03-10T16:30:22","guid":{"rendered":"http:\/\/blogs.sld.cu\/epoc\/?page_id=22"},"modified":"2021-04-16T05:47:52","modified_gmt":"2021-04-16T05:47:52","slug":"diagnosticotratamiento","status":"publish","type":"page","link":"https:\/\/blogs.sld.cu\/epoc\/diagnosticotratamiento\/","title":{"rendered":"Diagn\u00f3stico\/Tratamiento"},"content":{"rendered":"<p><span style=\"font-size: 18pt;font-family: verdana, geneva;color: #008080\">Diagn\u00f3stico<\/span><\/p>\n<p><span style=\"font-size: 12pt;font-family: verdana, geneva\">Usted es la primera persona que debe valorar su estado de salud. \u00a0 <\/span><\/p>\n<p><span style=\"font-size: 12pt;font-family: verdana, geneva\">Observe si tiene tos seca o con expectoraci\u00f3n por las ma\u00f1anas, es un s\u00edntoma que se puede prolongar por meses e incluso, durante a\u00f1os. Verifique si tiene falta de aire al realizar sus labores habituales. Si es as\u00ed, acuda al m\u00e9dico de la familia.<\/span><\/p>\n<p><span style=\"font-size: 12pt;font-family: verdana, geneva\">Le confeccionar\u00e1n su historia cl\u00ednica y le realizar\u00e1n el examen f\u00edsico e indicar\u00e1n las pruebas para confirmar el diagn\u00f3stico.\u00a0 \u00a0<\/span><\/p>\n<p><span style=\"font-size: 18pt;font-family: verdana, geneva;color: #008080\">Tratamiento<\/span><\/p>\n<p><span style=\"font-size: 12pt;font-family: verdana, geneva\">El tratamiento tiene la finalidad de:<\/span><\/p>\n<ul>\n<li><span style=\"font-size: 12pt;font-family: verdana, geneva\">Eliminar factores de riesgo, principalmente la adicci\u00f3n al tabaco.<\/span><\/li>\n<li><span style=\"font-size: 12pt;font-family: verdana, geneva\">Ofrecer a usted y su familia instrucciones acerca de la enfermedad.<\/span><\/li>\n<li><span style=\"font-size: 12pt;font-family: verdana, geneva\">Preservar la funci\u00f3n pulmonar o reducir su deterioro.<\/span><\/li>\n<li><span style=\"font-size: 12pt;font-family: verdana, geneva\">Tratar los s\u00edntomas, prevenir las agudizaciones y las complicaciones.<\/span><\/li>\n<li><span style=\"font-size: 12pt;font-family: verdana, geneva\">Mejorar la calidad de vida.<\/span><\/li>\n<li><span style=\"font-size: 12pt;font-family: verdana, geneva\">Elevar la supervivencia.<\/span><\/li>\n<\/ul>\n<p><span style=\"font-size: 12pt;font-family: verdana, geneva\"><strong>Educaci\u00f3n para la salud.<\/strong><\/span><\/p>\n<ul>\n<li><span style=\"font-size: 12pt;font-family: verdana, geneva\">Debe utilizar correctamente la t\u00e9cnica del tratamiento con los inhaladores.<\/span><\/li>\n<li><span style=\"font-size: 12pt;font-family: verdana, geneva\">No abandonar el tratamiento.<\/span><\/li>\n<li><span style=\"font-size: 12pt;font-family: verdana, geneva\">Si utiliza oxigenoterapia continua domiciliaria,h\u00e1galo correctamente.<\/span><\/li>\n<li><span style=\"font-size: 12pt;font-family: verdana, geneva\">Si no puede dejar de fumar, busque ayuda en las consultas de deshabituaci\u00f3n tab\u00e1quica.<\/span><\/li>\n<li><span style=\"font-size: 12pt;font-family: verdana, geneva\">No todos los enfermos necesitan igual tratamiento, depende de la gravedad de la enfermedad.<\/span><\/li>\n<\/ul>\n<p><span style=\"font-size: 12pt;font-family: verdana, geneva\"><strong>Medicamentos para la EPOC, seg\u00fan cuadro b\u00e1sico de Cuba.<\/strong><\/span><\/p>\n<ul>\n<li><span style=\"font-size: 12pt;font-family: verdana, geneva\">Salbutamol inhalador 0,5% (100 mg \/ inhalador).<\/span><\/li>\n<li><span style=\"font-size: 12pt;font-family: verdana, geneva\">Bromuro de Ipratropio 20 mcg\/ inhalado.<\/span><\/li>\n<li><span style=\"font-size: 12pt;font-family: verdana, geneva\">Fluticasona 125 mcg<\/span><\/li>\n<li><span style=\"font-size: 12pt;font-family: verdana, geneva\">Teofilina retard tableta de 200 mg.<\/span><\/li>\n<\/ul>\n<p><span style=\"font-size: 12pt;font-family: verdana, geneva\">\u00a0<strong>Tratamiento no farmacol\u00f3gico.<\/strong><\/span><\/p>\n<ul>\n<li><span style=\"font-size: 12pt;font-family: verdana, geneva\">Rehabilitaci\u00f3n respiratoria.<\/span><\/li>\n<li><span style=\"font-size: 12pt;font-family: verdana, geneva\">Vacunaci\u00f3n antigripal<\/span><\/li>\n<li><span style=\"font-size: 12pt;font-family: verdana, geneva\">Si necesita valoraci\u00f3n por el especialista de neumolog\u00eda, el m\u00e9dico de la familia le har\u00e1 la remisi\u00f3n.<\/span><\/li>\n<li><span style=\"font-size: 12pt;font-family: verdana, geneva\">No espere mejorar con el tratamiento m\u00e9dico, si decide continuar irritando sus pulmones.<\/span><\/li>\n<\/ul>\n","protected":false},"excerpt":{"rendered":"<p>Diagn\u00f3stico Usted es la primera persona que debe valorar su estado de salud. \u00a0 Observe si tiene tos seca o con expectoraci\u00f3n por las ma\u00f1anas, es un s\u00edntoma que se puede prolongar por meses e incluso, durante a\u00f1os. Verifique si tiene falta de aire al realizar sus labores habituales. Si es as\u00ed, acuda al m\u00e9dico [&hellip;]<\/p>\n","protected":false},"author":208,"featured_media":0,"parent":0,"menu_order":0,"comment_status":"closed","ping_status":"open","template":"","meta":[],"_links":{"self":[{"href":"https:\/\/blogs.sld.cu\/epoc\/wp-json\/wp\/v2\/pages\/22"}],"collection":[{"href":"https:\/\/blogs.sld.cu\/epoc\/wp-json\/wp\/v2\/pages"}],"about":[{"href":"https:\/\/blogs.sld.cu\/epoc\/wp-json\/wp\/v2\/types\/page"}],"author":[{"embeddable":true,"href":"https:\/\/blogs.sld.cu\/epoc\/wp-json\/wp\/v2\/users\/208"}],"replies":[{"embeddable":true,"href":"https:\/\/blogs.sld.cu\/epoc\/wp-json\/wp\/v2\/comments?post=22"}],"version-history":[{"count":4,"href":"https:\/\/blogs.sld.cu\/epoc\/wp-json\/wp\/v2\/pages\/22\/revisions"}],"predecessor-version":[{"id":50,"href":"https:\/\/blogs.sld.cu\/epoc\/wp-json\/wp\/v2\/pages\/22\/revisions\/50"}],"wp:attachment":[{"href":"https:\/\/blogs.sld.cu\/epoc\/wp-json\/wp\/v2\/media?parent=22"}],"curies":[{"name":"wp","href":"https:\/\/api.w.org\/{rel}","templated":true}]}}