{"id":24,"date":"2021-03-10T16:31:00","date_gmt":"2021-03-10T16:31:00","guid":{"rendered":"http:\/\/blogs.sld.cu\/epoc\/?page_id=24"},"modified":"2021-05-13T23:10:01","modified_gmt":"2021-05-13T23:10:01","slug":"prevencion","status":"publish","type":"page","link":"https:\/\/blogs.sld.cu\/epoc\/prevencion\/","title":{"rendered":"Prevenci\u00f3n"},"content":{"rendered":"<p><span style=\"font-size: 12pt;font-family: verdana, geneva\">Dejar de fumar, es el primer paso para prevenir las EPOC.<\/span><\/p>\n<p><span style=\"font-size: 12pt;font-family: verdana, geneva\"><strong>Cambios en el estilo de vida<\/strong>, como:<\/span><\/p>\n<p><span style=\"font-size: 12pt;font-family: verdana, geneva\">Mejoras en la alimentaci\u00f3n.<\/span><\/p>\n<p><span style=\"font-size: 12pt;font-family: verdana, geneva\">Realizar ejercicios al aire libre.<\/span><\/p>\n<p><span style=\"font-size: 12pt;font-family: verdana, geneva\">Realizar ejercicios para mejorar la respiraci\u00f3n <\/span><\/p>\n<p><span style=\"font-size: 12pt;font-family: verdana, geneva\">Solicitar a su profesional de la salud un plan de alimentaci\u00f3n que satisfaga sus necesidades nutricionales. Tambi\u00e9n pregunte cu\u00e1nta actividad f\u00edsica puede hacer. La actividad f\u00edsica puede fortalecer los m\u00fasculos que lo ayudan a respirar y mejorar su bienestar general<\/span><\/p>\n<p><span style=\"font-size: 12pt;font-family: verdana, geneva\"><strong>Medicamentos<\/strong>, como:<\/span><\/p>\n<p><span style=\"font-size: 12pt;font-family: verdana, geneva\">Broncodilatadores: Relajan los m\u00fasculos alrededor de las v\u00edas respiratorias. Esto ayuda a abrirlas y facilita la respiraci\u00f3n. La mayor\u00eda de los broncodilatadores usan un inhalador. En casos m\u00e1s severos, el inhalador tambi\u00e9n puede contener <a href=\"https:\/\/medlineplus.gov\/spanish\/steroids.html\">corticoides<\/a> para reducir la inflamaci\u00f3n<\/span><\/p>\n<p><span style=\"font-size: 12pt;font-family: verdana, geneva\">Vacunas contra la gripe\u00a0 y la neumon\u00eda neumoc\u00f3cica: Las personas con bronquitis cr\u00f3nica tienen un mayor riesgo de sufrir problemas graves por estas enfermedades<\/span><\/p>\n<p><span style=\"font-size: 12pt;font-family: verdana, geneva\">Antibi\u00f3ticos si tiene una infecci\u00f3n pulmonar bacteriana o viral<\/span><\/p>\n<p><span style=\"font-size: 12pt;font-family: verdana, geneva\"><strong>Terapia de ox\u00edgeno<\/strong>: Se usa si tiene bronquitis cr\u00f3nica severa y bajos niveles de ox\u00edgeno en la sangre. La oxigenoterapia puede ayudarle a respirar mejor. Es posible que necesite ox\u00edgeno adicional todo el tiempo o solo en ciertos momentos<\/span><\/p>\n<p><span style=\"font-size: 12pt;font-family: verdana, geneva\"><strong>Rehabilitaci\u00f3n pulmonar<\/strong>: Programa que ayuda a mejorar el bienestar de las personas que tienen problemas respiratorios cr\u00f3nicos. Puede incluir:<\/span><\/p>\n<p><span style=\"font-size: 12pt;font-family: verdana, geneva\">Un programa de ejercicios<\/span><\/p>\n<p><span style=\"font-size: 12pt;font-family: verdana, geneva\">Capacitaci\u00f3n en el manejo de enfermedades<\/span><\/p>\n<p><span style=\"font-size: 12pt;font-family: verdana, geneva\">Asesoramiento nutricional<\/span><\/p>\n<p><span style=\"font-size: 12pt;font-family: verdana, geneva\">Consejer\u00eda psicol\u00f3gica<\/span><\/p>\n","protected":false},"excerpt":{"rendered":"<p>Dejar de fumar, es el primer paso para prevenir las EPOC. Cambios en el estilo de vida, como: Mejoras en la alimentaci\u00f3n. Realizar ejercicios al aire libre. Realizar ejercicios para mejorar la respiraci\u00f3n Solicitar a su profesional de la salud un plan de alimentaci\u00f3n que satisfaga sus necesidades nutricionales. Tambi\u00e9n pregunte cu\u00e1nta actividad f\u00edsica puede [&hellip;]<\/p>\n","protected":false},"author":208,"featured_media":0,"parent":0,"menu_order":0,"comment_status":"closed","ping_status":"open","template":"","meta":[],"_links":{"self":[{"href":"https:\/\/blogs.sld.cu\/epoc\/wp-json\/wp\/v2\/pages\/24"}],"collection":[{"href":"https:\/\/blogs.sld.cu\/epoc\/wp-json\/wp\/v2\/pages"}],"about":[{"href":"https:\/\/blogs.sld.cu\/epoc\/wp-json\/wp\/v2\/types\/page"}],"author":[{"embeddable":true,"href":"https:\/\/blogs.sld.cu\/epoc\/wp-json\/wp\/v2\/users\/208"}],"replies":[{"embeddable":true,"href":"https:\/\/blogs.sld.cu\/epoc\/wp-json\/wp\/v2\/comments?post=24"}],"version-history":[{"count":3,"href":"https:\/\/blogs.sld.cu\/epoc\/wp-json\/wp\/v2\/pages\/24\/revisions"}],"predecessor-version":[{"id":67,"href":"https:\/\/blogs.sld.cu\/epoc\/wp-json\/wp\/v2\/pages\/24\/revisions\/67"}],"wp:attachment":[{"href":"https:\/\/blogs.sld.cu\/epoc\/wp-json\/wp\/v2\/media?parent=24"}],"curies":[{"name":"wp","href":"https:\/\/api.w.org\/{rel}","templated":true}]}}