{"id":26,"date":"2021-03-10T16:31:31","date_gmt":"2021-03-10T16:31:31","guid":{"rendered":"http:\/\/blogs.sld.cu\/epoc\/?page_id=26"},"modified":"2021-05-13T23:29:33","modified_gmt":"2021-05-13T23:29:33","slug":"recursos","status":"publish","type":"page","link":"https:\/\/blogs.sld.cu\/epoc\/recursos\/","title":{"rendered":"Recursos"},"content":{"rendered":"<p><strong><span style=\"font-size: 12pt;font-family: verdana, geneva\">Sitios de inter\u00e9s para EPOC<\/span><\/strong><\/p>\n<p><span style=\"font-size: 12pt;font-family: verdana, geneva\"><a href=\"https:\/\/www.mayoclinic.org\/es-es\/diseases-conditions\/copd\/symptoms-causes\/syc-20353679\" target=\"_blank\">EPOC Mayo Clinic<\/a><\/span><\/p>\n<p><span style=\"font-size: 12pt;font-family: verdana, geneva\"><a href=\"https:\/\/medlineplus.gov\/spanish\/ency\/article\/000091.htmhttp:\/\/\" target=\"_blank\">EPOC. MedLine Plus<\/a><\/span><\/p>\n<p><span style=\"font-family: verdana, geneva\"><a href=\"https:\/\/www.who.int%20\u203a respiratory \u203a copd:\/\/\" target=\"_blank\">OMS | Enfermedad pulmonar obstructiva cr\u00f3nica (EPOC)<\/a><\/span><\/p>\n<p><span style=\"font-size: 12pt;font-family: verdana, geneva\"><a href=\"https:\/\/www.nhlbi.nih.gov%20\u203a health-topics \u203a espanol \u203a e...\" target=\"_blank\">EPOC | NHLBI, NIH &#8211; National Heart, Lung, and Blood Institut<\/a><\/span><\/p>\n<p><span style=\"font-size: 12pt;font-family: verdana, geneva\"><a href=\"https:\/\/www.clinicbarcelona.org%20\u203a Enfermedades\" target=\"_blank\">Enfermedad Pulmonar Obstructiva Cr\u00f3nica (EPOC ..<\/a>.<\/span><\/p>\n<p><span style=\"font-size: 12pt;font-family: verdana, geneva\"><a href=\"https:\/\/www.clinicbarcelona.org%20\u203a asistencia \u203a definicion\" target=\"_blank\">\u00bfQu\u00e9 es la EPOC? | PortalCL\u00cdNIC &#8211; Hospital Cl\u00ednic Barcelona<\/a><\/span><\/p>\n<p><span style=\"font-size: 12pt;font-family: verdana, geneva\"><a href=\"https:\/\/www.quironsalud.es%20\u203a escuela-pacientes \u203a que-es...\" target=\"_blank\">\u00bfQu\u00e9 es la EPOC? &#8211; Quir\u00f3nsalud<\/a><\/span><\/p>\n<p>&nbsp;<\/p>\n<p>&nbsp;<\/p>\n<p>&nbsp;<\/p>\n<p>&nbsp;<\/p>\n<p>&nbsp;<\/p>\n","protected":false},"excerpt":{"rendered":"<p>Sitios de inter\u00e9s para EPOC EPOC Mayo Clinic EPOC. MedLine Plus OMS | Enfermedad pulmonar obstructiva cr\u00f3nica (EPOC) EPOC | NHLBI, NIH &#8211; National Heart, Lung, and Blood Institut Enfermedad Pulmonar Obstructiva Cr\u00f3nica (EPOC &#8230; \u00bfQu\u00e9 es la EPOC? | PortalCL\u00cdNIC &#8211; Hospital Cl\u00ednic Barcelona \u00bfQu\u00e9 es la EPOC? &#8211; Quir\u00f3nsalud &nbsp; &nbsp; &nbsp; &nbsp; [&hellip;]<\/p>\n","protected":false},"author":208,"featured_media":0,"parent":0,"menu_order":0,"comment_status":"closed","ping_status":"open","template":"","meta":[],"_links":{"self":[{"href":"https:\/\/blogs.sld.cu\/epoc\/wp-json\/wp\/v2\/pages\/26"}],"collection":[{"href":"https:\/\/blogs.sld.cu\/epoc\/wp-json\/wp\/v2\/pages"}],"about":[{"href":"https:\/\/blogs.sld.cu\/epoc\/wp-json\/wp\/v2\/types\/page"}],"author":[{"embeddable":true,"href":"https:\/\/blogs.sld.cu\/epoc\/wp-json\/wp\/v2\/users\/208"}],"replies":[{"embeddable":true,"href":"https:\/\/blogs.sld.cu\/epoc\/wp-json\/wp\/v2\/comments?post=26"}],"version-history":[{"count":4,"href":"https:\/\/blogs.sld.cu\/epoc\/wp-json\/wp\/v2\/pages\/26\/revisions"}],"predecessor-version":[{"id":72,"href":"https:\/\/blogs.sld.cu\/epoc\/wp-json\/wp\/v2\/pages\/26\/revisions\/72"}],"wp:attachment":[{"href":"https:\/\/blogs.sld.cu\/epoc\/wp-json\/wp\/v2\/media?parent=26"}],"curies":[{"name":"wp","href":"https:\/\/api.w.org\/{rel}","templated":true}]}}