{"id":28,"date":"2021-03-10T16:31:59","date_gmt":"2021-03-10T16:31:59","guid":{"rendered":"http:\/\/blogs.sld.cu\/epoc\/?page_id=28"},"modified":"2021-05-13T23:16:57","modified_gmt":"2021-05-13T23:16:57","slug":"preguntas-frecuentes","status":"publish","type":"page","link":"https:\/\/blogs.sld.cu\/epoc\/preguntas-frecuentes\/","title":{"rendered":"Preguntas frecuentes"},"content":{"rendered":"<p><strong><span style=\"font-size: 12pt;font-family: verdana, geneva\">\u00bfCu\u00e1nto tiempo puede vivir una persona con EPOC?<\/span><\/strong><\/p>\n<p><span style=\"font-size: 12pt;font-family: verdana, geneva\">La esperanza de vida de las personas con EPOC puede oscilar entre 10 y 20 a\u00f1os desde el momento del diagn\u00f3stico, siendo el abandono del h\u00e1bito de fumar la \u00fanica medida eficaz para aumentar la supervivencia, adem\u00e1s de la oxigenoterapia domiciliaria para tratar la insuficiencia respiratoria.<\/span><\/p>\n<p><strong><span style=\"font-size: 12pt;font-family: verdana, geneva\">\u00bfQu\u00e9 \u00f3rganos afecta el EPOC?<\/span><\/strong><\/p>\n<p><span style=\"font-size: 12pt;font-family: verdana, geneva\">La enfermedad pulmonar obstructiva cr\u00f3nica, o EPOC, es una enfermedad que afecta fundamentalmente al aparato respiratorio, y se caracteriza por una limitaci\u00f3n al paso de aire hacia los pulmones, como consecuencia de la reacci\u00f3n inflamatoria del organismo ante est\u00edmulos nocivos como el humo del tabaco u otros gases.<\/span><\/p>\n<p><strong><span style=\"font-size: 12pt;font-family: verdana, geneva\">\u00bfC\u00f3mo mejorar la vida de una persona con EPOC?<\/span><\/strong><\/p>\n<p><span style=\"font-size: 12pt;font-family: verdana, geneva\">Dejar de fumar. La exposici\u00f3n a largo plazo a contaminantes del ambiente puede causar EPOC, pero el tabaquismo es la primera causa<\/span><\/p>\n<p><span style=\"font-size: 12pt;font-family: verdana, geneva\">Tomar medicamentos. &#8230;<\/span><\/p>\n<p><span style=\"font-size: 12pt;font-family: verdana, geneva\">Cuidar el peso. A mayor peso, mayor dificultad para respirar<br \/>\n<\/span><\/p>\n<p><span style=\"font-size: 12pt;font-family: verdana, geneva\">Evitar los contaminantes.<br \/>\n<\/span><\/p>\n<p><span style=\"font-size: 12pt;font-family: verdana, geneva\">Permanecer sano.<br \/>\n<\/span><\/p>\n<p><span style=\"font-size: 12pt;font-family: verdana, geneva\">Dormir bien.<\/span><\/p>\n<p><span style=\"font-size: 12pt;font-family: verdana, geneva\">Hacer ejercicios de respiraci\u00f3n.<\/span><\/p>\n","protected":false},"excerpt":{"rendered":"<p>\u00bfCu\u00e1nto tiempo puede vivir una persona con EPOC? La esperanza de vida de las personas con EPOC puede oscilar entre 10 y 20 a\u00f1os desde el momento del diagn\u00f3stico, siendo el abandono del h\u00e1bito de fumar la \u00fanica medida eficaz para aumentar la supervivencia, adem\u00e1s de la oxigenoterapia domiciliaria para tratar la insuficiencia respiratoria. \u00bfQu\u00e9 [&hellip;]<\/p>\n","protected":false},"author":208,"featured_media":0,"parent":0,"menu_order":0,"comment_status":"closed","ping_status":"open","template":"","meta":[],"_links":{"self":[{"href":"https:\/\/blogs.sld.cu\/epoc\/wp-json\/wp\/v2\/pages\/28"}],"collection":[{"href":"https:\/\/blogs.sld.cu\/epoc\/wp-json\/wp\/v2\/pages"}],"about":[{"href":"https:\/\/blogs.sld.cu\/epoc\/wp-json\/wp\/v2\/types\/page"}],"author":[{"embeddable":true,"href":"https:\/\/blogs.sld.cu\/epoc\/wp-json\/wp\/v2\/users\/208"}],"replies":[{"embeddable":true,"href":"https:\/\/blogs.sld.cu\/epoc\/wp-json\/wp\/v2\/comments?post=28"}],"version-history":[{"count":3,"href":"https:\/\/blogs.sld.cu\/epoc\/wp-json\/wp\/v2\/pages\/28\/revisions"}],"predecessor-version":[{"id":69,"href":"https:\/\/blogs.sld.cu\/epoc\/wp-json\/wp\/v2\/pages\/28\/revisions\/69"}],"wp:attachment":[{"href":"https:\/\/blogs.sld.cu\/epoc\/wp-json\/wp\/v2\/media?parent=28"}],"curies":[{"name":"wp","href":"https:\/\/api.w.org\/{rel}","templated":true}]}}