{"id":38,"date":"2021-03-10T17:11:03","date_gmt":"2021-03-10T17:11:03","guid":{"rendered":"http:\/\/blogs.sld.cu\/epoc\/?page_id=38"},"modified":"2021-03-10T20:01:59","modified_gmt":"2021-03-10T20:01:59","slug":"dra-solangel-valdes-diaz","status":"publish","type":"page","link":"https:\/\/blogs.sld.cu\/epoc\/dra-solangel-valdes-diaz\/","title":{"rendered":"Dra. Solangel Vald\u00e9s D\u00edaz"},"content":{"rendered":"<p><a href=\"http:\/\/blogs.sld.cu\/epoc\/files\/2021\/03\/solangelvaldes-diaz.jpg\"><img loading=\"lazy\" class=\"alignnone size-full wp-image-39\" src=\"http:\/\/blogs.sld.cu\/epoc\/files\/2021\/03\/solangelvaldes-diaz.jpg\" alt=\"solangelvaldes diaz\" width=\"250\" height=\"235\" \/><\/a><\/p>\n<p><span style=\"font-size: 12pt;font-family: verdana, geneva\">Dra. en Medicina. Especialista de 1er. y 2do. grado en Neumolog\u00eda. Profesora titular y consultante de la Universidad de Ciencias M\u00e9dicas de La Habana. Vicepresidenta de la Sociedad cubana de Neumolog\u00eda. <\/span><\/p>\n","protected":false},"excerpt":{"rendered":"<p>Dra. en Medicina. Especialista de 1er. y 2do. grado en Neumolog\u00eda. Profesora titular y consultante de la Universidad de Ciencias M\u00e9dicas de La Habana. Vicepresidenta de la Sociedad cubana de Neumolog\u00eda.<\/p>\n","protected":false},"author":208,"featured_media":0,"parent":0,"menu_order":0,"comment_status":"open","ping_status":"open","template":"","meta":[],"_links":{"self":[{"href":"https:\/\/blogs.sld.cu\/epoc\/wp-json\/wp\/v2\/pages\/38"}],"collection":[{"href":"https:\/\/blogs.sld.cu\/epoc\/wp-json\/wp\/v2\/pages"}],"about":[{"href":"https:\/\/blogs.sld.cu\/epoc\/wp-json\/wp\/v2\/types\/page"}],"author":[{"embeddable":true,"href":"https:\/\/blogs.sld.cu\/epoc\/wp-json\/wp\/v2\/users\/208"}],"replies":[{"embeddable":true,"href":"https:\/\/blogs.sld.cu\/epoc\/wp-json\/wp\/v2\/comments?post=38"}],"version-history":[{"count":2,"href":"https:\/\/blogs.sld.cu\/epoc\/wp-json\/wp\/v2\/pages\/38\/revisions"}],"predecessor-version":[{"id":44,"href":"https:\/\/blogs.sld.cu\/epoc\/wp-json\/wp\/v2\/pages\/38\/revisions\/44"}],"wp:attachment":[{"href":"https:\/\/blogs.sld.cu\/epoc\/wp-json\/wp\/v2\/media?parent=38"}],"curies":[{"name":"wp","href":"https:\/\/api.w.org\/{rel}","templated":true}]}}